{"id":18734,"date":"2025-10-13T19:18:06","date_gmt":"2025-10-13T11:18:06","guid":{"rendered":"https:\/\/balisoultrips.com\/product\/mount-rinjani-trekking\/"},"modified":"2025-12-23T16:07:28","modified_gmt":"2025-12-23T08:07:28","slug":"mount-rinjani-trekking","status":"publish","type":"product","link":"https:\/\/balisoultrips.com\/es\/producto\/mount-rinjani-trekking\/","title":{"rendered":"Trekking al Monte Rinjani"},"content":{"rendered":"<h6 class=\"p1\"><strong>Idiomas<\/strong>: ingl\u00e9s, indonesio<\/h6>\n<h2>Descripci\u00f3n general<\/h2>\n<p class=\"p1\">Esta es una aventura real con noches en tiendas bajo un cielo estrellado, comidas reci\u00e9n preparadas al fuego, y la oportunidad de relajarte en aguas termales naturales dentro de la caldera del volc\u00e1n. Cada d\u00eda incluye largas caminatas de 6 a 10 horas a trav\u00e9s de paisajes muy diversos<\/p>\n<p class=\"p1\">Bajo la gu\u00eda de un experto y con el apoyo de atentos porteadores, explorar\u00e1s el activo Monte Rinjani, disfrutando de vistas impresionantes de las monta\u00f1as te\u00f1idas por amaneceres y atardeceres. Entrar\u00e1s en la atm\u00f3sfera misteriosa de los cr\u00e1teres volc\u00e1nicos, incluido el que se encuentra en el coraz\u00f3n del lago de la caldera<\/p>\n<p class=\"p1\">Alcanzar\u00e1s una altitud de 3.726 metros sobre el nivel del mar. El tour incluye no solo el ascenso a la cima del Rinjani, sino tambi\u00e9n el descenso al lago del cr\u00e1ter, donde podr\u00e1s relajarte en aguas termales<\/p>\n<p class=\"p1\">Si est\u00e1s listo para un desaf\u00edo y ya tienes experiencia en trekking, te invitamos a esta aventura \u00fanica en el Monte Rinjani \u2014 un viaje lleno de impresionantes paisajes volc\u00e1nicos y recuerdos inolvidables<\/p>\n<h3 class=\"p1\">Temporada:<\/h3>\n<ul>\n<li class=\"p1\"><strong>Abril \u2013 septiembre<\/strong>: la mejor \u00e9poca para visitar;<\/li>\n<li class=\"p1\">Octubre \u2013 diciembre: todav\u00eda es posible, pero comienza la temporada de lluvias;<\/li>\n<li class=\"p1\"><strong>Enero \u2013 marzo<\/strong>: cerrado para trekking<\/li>\n<\/ul>\n<h3>Informaci\u00f3n importante<\/h3>\n<ul>\n<li>La reserva se realiza con pago completo por adelantado.<\/li>\n<li>Altura del volc\u00e1n: 3726 metros<\/li>\n<li class=\"p1\">Para personas con buena condici\u00f3n f\u00edsica y experiencia en trekking<\/li>\n<li class=\"p1\">Chaquetas, bastones de trekking, power banks y linternas se pueden alquilar durante el registro (por favor informa a tu manager con antelaci\u00f3n)<\/li>\n<li class=\"p1\">Durante la caminata, el porteador lleva \u00fanicamente comida, bebidas, utensilios de cocina y equipo de camping<\/li>\n<li class=\"p1\">Si necesitas un porteador para llevar tus pertenencias personales, reserva la opci\u00f3n \u201cporter+\u201d<\/li>\n<li class=\"p1\">Se permite la participaci\u00f3n de ni\u00f1os a partir de 10 a\u00f1os<\/li>\n<li class=\"p1\">Puedes llegar a la isla de Lombok en lancha r\u00e1pida desde el puerto de Padangbai o en avi\u00f3n desde el Aeropuerto Ngurah Rai<\/li>\n<li class=\"p1\">BaliSoulTrips.com no se hace responsable de las condiciones meteorol\u00f3gicas en las fechas de tu tour. El clima en la caldera del Monte Rinjani es impredecible \u2014 pueden darse niebla, lluvia y baja visibilidad, especialmente durante la temporada de lluvias<\/li>\n<li class=\"p1\">No recomendamos planificar viajes a otras islas si tu salida desde Bali es en menos de dos d\u00edas<\/li>\n<li>Actuamos como servicio de reserva e intermediario entre el cliente y el proveedor que presta los servicios en Indonesia.<\/li>\n<li>Garantizamos precios y condiciones p\u00fablicos y transparentes, sin cargos ocultos.<\/li>\n<li>Seleccionamos cuidadosamente a los mejores proveedores y trabajamos de forma continua en la mejora de nuestro servicio.<\/li>\n<\/ul>\n","protected":false},"excerpt":{"rendered":"<p>Idiomas: ingl\u00e9s, indonesio Descripci\u00f3n general Esta es una aventura real con noches en tiendas bajo un cielo estrellado, comidas reci\u00e9n preparadas al fuego, y la oportunidad de relajarte en aguas termales naturales dentro de la caldera del volc\u00e1n. Cada d\u00eda incluye largas caminatas de 6 a 10 horas a trav\u00e9s de paisajes muy diversos Bajo [&hellip;]<\/p>\n","protected":false},"featured_media":18727,"comment_status":"open","ping_status":"closed","template":"","meta":{"_acf_changed":false},"product_brand":[],"product_cat":[144,494,581],"product_tag":[],"class_list":{"0":"post-18734","1":"product","2":"type-product","3":"status-publish","4":"has-post-thumbnail","6":"brw_tour_types-tour-privado","7":"brw_parent_child-parent","8":"product_cat-adventures","9":"product_cat-balisoultrips-choice","10":"product_cat-volcanes","12":"first","13":"instock","14":"featured","15":"shipping-taxable","16":"purchasable","17":"product-type-ovabrw_car_rental"},"acf":[],"_links":{"self":[{"href":"https:\/\/balisoultrips.com\/es\/wp-json\/wp\/v2\/product\/18734","targetHints":{"allow":["GET"]}}],"collection":[{"href":"https:\/\/balisoultrips.com\/es\/wp-json\/wp\/v2\/product"}],"about":[{"href":"https:\/\/balisoultrips.com\/es\/wp-json\/wp\/v2\/types\/product"}],"replies":[{"embeddable":true,"href":"https:\/\/balisoultrips.com\/es\/wp-json\/wp\/v2\/comments?post=18734"}],"wp:featuredmedia":[{"embeddable":true,"href":"https:\/\/balisoultrips.com\/es\/wp-json\/wp\/v2\/media\/18727"}],"wp:attachment":[{"href":"https:\/\/balisoultrips.com\/es\/wp-json\/wp\/v2\/media?parent=18734"}],"wp:term":[{"taxonomy":"product_brand","embeddable":true,"href":"https:\/\/balisoultrips.com\/es\/wp-json\/wp\/v2\/product_brand?post=18734"},{"taxonomy":"product_cat","embeddable":true,"href":"https:\/\/balisoultrips.com\/es\/wp-json\/wp\/v2\/product_cat?post=18734"},{"taxonomy":"product_tag","embeddable":true,"href":"https:\/\/balisoultrips.com\/es\/wp-json\/wp\/v2\/product_tag?post=18734"}],"curies":[{"name":"wp","href":"https:\/\/api.w.org\/{rel}","templated":true}]}}