{"id":18663,"date":"2025-10-14T11:10:09","date_gmt":"2025-10-14T03:10:09","guid":{"rendered":"https:\/\/balisoultrips.com\/product\/waterpark-in-bali\/"},"modified":"2025-12-22T16:48:54","modified_gmt":"2025-12-22T08:48:54","slug":"waterpark-in-bali","status":"publish","type":"product","link":"https:\/\/balisoultrips.com\/es\/producto\/waterpark-in-bali\/","title":{"rendered":"Parque acu\u00e1tico en Bali"},"content":{"rendered":"<h6 class=\"p1\"><strong>Idiomas<\/strong>: ingl\u00e9s, indonesio<\/h6>\n<h2>Descripci\u00f3n general<\/h2>\n<p class=\"p1\">En pleno coraz\u00f3n del centro tur\u00edstico de Bali, en la zona de Kuta, se encuentra un verdadero oasis de aventura tropical \u2014 Waterbom Bali<\/p>\n<p class=\"p1\">El parque ofrece 17 toboganes con distintos niveles de dificultad. Empieza con las atracciones m\u00e1s suaves para entrar en ambiente, o comparte la emoci\u00f3n desliz\u00e1ndote en un enorme flotador inflable \u2014 diversi\u00f3n tanto para ni\u00f1os como para adultos. Los amantes de la adrenalina no deber\u00edan perderse el tobog\u00e1n Climax: desde una altura de 16 metros entras en una c\u00e1psula, el suelo se abre de repente y caes en picado en una experiencia de ca\u00edda libre impresionante<\/p>\n<p class=\"p1\">Waterbom Bali es el lugar perfecto para relajarte con amigos, familia o ni\u00f1os. Aqu\u00ed encontrar\u00e1s no solo adrenalina y diversi\u00f3n, sino tambi\u00e9n seguridad y comodidad de nivel mundial. No es casualidad que este parque acu\u00e1tico sea reconocido como uno de los mejores de Asia, dejando recuerdos inolvidables a cada visitante<\/p>\n<h3>Informaci\u00f3n importante<\/h3>\n<ul>\n<li class=\"p1\">La reserva se realiza con pago total por adelantado.<\/li>\n<li class=\"p1\">Entrada infantil: 2\u201311 a\u00f1os<\/li>\n<li class=\"p1\">Ni\u00f1os menores de 2 a\u00f1os: gratis<\/li>\n<li class=\"p1\">Los ni\u00f1os menores de 11 a\u00f1os deben estar acompa\u00f1ados por sus padres dentro del parque acu\u00e1tico<\/li>\n<li class=\"p1\">Est\u00e1 prohibido introducir comida y bebida del exterior al parque<\/li>\n<li class=\"p1\">Hay taquillas para objetos de valor con un coste adicional: 70.000 IDR por taquilla regular o 85.000 IDR por taquilla familiar. Se requiere un dep\u00f3sito reembolsable de 20.000 IDR por cada taquilla, que se devolver\u00e1 cuando se entregue la llave<\/li>\n<li class=\"p1\">Tambi\u00e9n recibir\u00e1s una pulsera \u2014 una llave electr\u00f3nica para la taquilla. Se requiere un dep\u00f3sito de 10.000 IDR por la pulsera, que se reembolsa en la caja despu\u00e9s de tu visita al parque acu\u00e1tico<\/li>\n<li class=\"p1\">Por favor, aseg\u00farate de que tu traje de ba\u00f1o no tenga accesorios met\u00e1licos, cremalleras o broches \u2014 por razones de seguridad, el acceso a algunos toboganes puede restringirse si los llevas<\/li>\n<li>Actuamos como servicio de reserva e intermediario entre el cliente y el proveedor que presta los servicios en Indonesia.<\/li>\n<li>Garantizamos precios y condiciones p\u00fablicos y transparentes, sin cargos ocultos.<\/li>\n<li>Seleccionamos cuidadosamente a los mejores proveedores y trabajamos de forma continua en la mejora de nuestro servicio.<\/li>\n<\/ul>\n","protected":false},"excerpt":{"rendered":"<p>Idiomas: ingl\u00e9s, indonesio Descripci\u00f3n general En pleno coraz\u00f3n del centro tur\u00edstico de Bali, en la zona de Kuta, se encuentra un verdadero oasis de aventura tropical \u2014 Waterbom Bali El parque ofrece 17 toboganes con distintos niveles de dificultad. Empieza con las atracciones m\u00e1s suaves para entrar en ambiente, o comparte la emoci\u00f3n desliz\u00e1ndote en [&hellip;]<\/p>\n","protected":false},"featured_media":18658,"comment_status":"open","ping_status":"closed","template":"","meta":{"_acf_changed":false},"product_brand":[],"product_cat":[494,518],"product_tag":[],"class_list":{"0":"post-18663","1":"product","2":"type-product","3":"status-publish","4":"has-post-thumbnail","6":"brw_tour_types-viaje-en-grupo","7":"brw_parent_child-parent","8":"product_cat-balisoultrips-choice","9":"product_cat-familiar","11":"first","12":"instock","13":"featured","14":"shipping-taxable","15":"purchasable","16":"product-type-ovabrw_car_rental"},"acf":[],"_links":{"self":[{"href":"https:\/\/balisoultrips.com\/es\/wp-json\/wp\/v2\/product\/18663","targetHints":{"allow":["GET"]}}],"collection":[{"href":"https:\/\/balisoultrips.com\/es\/wp-json\/wp\/v2\/product"}],"about":[{"href":"https:\/\/balisoultrips.com\/es\/wp-json\/wp\/v2\/types\/product"}],"replies":[{"embeddable":true,"href":"https:\/\/balisoultrips.com\/es\/wp-json\/wp\/v2\/comments?post=18663"}],"wp:featuredmedia":[{"embeddable":true,"href":"https:\/\/balisoultrips.com\/es\/wp-json\/wp\/v2\/media\/18658"}],"wp:attachment":[{"href":"https:\/\/balisoultrips.com\/es\/wp-json\/wp\/v2\/media?parent=18663"}],"wp:term":[{"taxonomy":"product_brand","embeddable":true,"href":"https:\/\/balisoultrips.com\/es\/wp-json\/wp\/v2\/product_brand?post=18663"},{"taxonomy":"product_cat","embeddable":true,"href":"https:\/\/balisoultrips.com\/es\/wp-json\/wp\/v2\/product_cat?post=18663"},{"taxonomy":"product_tag","embeddable":true,"href":"https:\/\/balisoultrips.com\/es\/wp-json\/wp\/v2\/product_tag?post=18663"}],"curies":[{"name":"wp","href":"https:\/\/api.w.org\/{rel}","templated":true}]}}