{"id":18615,"date":"2025-10-14T12:46:00","date_gmt":"2025-10-14T04:46:00","guid":{"rendered":"https:\/\/balisoultrips.com\/product\/2-day-tour-to-the-dolphins\/"},"modified":"2025-12-20T20:08:42","modified_gmt":"2025-12-20T12:08:42","slug":"2-day-tour-to-the-dolphins","status":"publish","type":"product","link":"https:\/\/balisoultrips.com\/es\/producto\/2-day-tour-to-the-dolphins\/","title":{"rendered":"Tour de 2 d\u00edas: delfines y el misterio de las monta\u00f1as brumosas"},"content":{"rendered":"<h6 class=\"p1\"><strong>Idiomas<\/strong>: ingl\u00e9s, indonesio<\/h6>\n<h2>Descripci\u00f3n general<\/h2>\n<p class=\"p1\">Esta es tu oportunidad de observar delfines salvajes en su h\u00e1bitat natural. Desde hace mucho tiempo est\u00e1 demostrado que los delfines son criaturas \u00fanicas que irradian energ\u00eda positiva incluso a distancia. \u00a1No podr\u00e1s contener la emoci\u00f3n y la sonrisa al verlos jugar libremente en el inmenso oc\u00e9ano, como si te provocaran y compitieran junto a tu barco!<\/p>\n<p class=\"p1\">Ten en cuenta que, aunque la probabilidad de ver delfines es bastante alta, no se puede garantizar<\/p>\n<p class=\"p1\">Durante este viaje tambi\u00e9n har\u00e1s trekking por un gran complejo de ocho cascadas, cuyo punto culminante es la magn\u00edfica cascada de Sekumpul \u2014 con una altura de 80 metros. Aqu\u00ed podr\u00e1s disfrutar de un parque acu\u00e1tico natural en la jungla y deslizarte por toboganes de agua creados por la naturaleza. En la cascada Aling-Aling puedes a\u00f1adir una dosis de adrenalina saltando desde acantilados de 5 a 15 metros de altura<\/p>\n<h3>Informaci\u00f3n importante<\/h3>\n<ul>\n<li>La reserva se realiza con pago total por adelantado.<\/li>\n<li>Ni\u00f1os menores de 5 a\u00f1os \u2014 gratis<\/li>\n<li>Una habitaci\u00f3n aloja hasta dos hu\u00e9spedes. Para 3\u20134 hu\u00e9spedes se proporcionar\u00e1n dos habitaciones<\/li>\n<li>En temporada alta <strong>(15 de julio \u2013 15 de agosto y 24 de diciembre \u2013 5 de enero)<\/strong>, se aplica un cargo adicional de 150.000 IDR ($10) por habitaci\u00f3n<\/li>\n<li>L\u00edmite de capacidad: el veh\u00edculo puede acomodar hasta 4 pasajeros adultos<\/li>\n<li>Asientos para ni\u00f1os: los ni\u00f1os tambi\u00e9n ocupan asientos individuales en el veh\u00edculo, excepto los que van en el regazo de un adulto. Si el viaje incluye varios adultos y un ni\u00f1o, el precio por persona se calcula \u00fanicamente seg\u00fan el n\u00famero de adultos<\/li>\n<li>Si el n\u00famero total de pasajeros supera 4, para tu comodidad proporcionaremos dos veh\u00edculos o un minib\u00fas. En estos casos, el coste total ser\u00e1 calculado de forma individual por el manager en el momento de la reserva<\/li>\n<li>No se recomienda visitar templos a mujeres durante la menstruaci\u00f3n o el embarazo<\/li>\n<li>Actuamos como servicio de reserva e intermediario entre el cliente y el proveedor que presta los servicios en Indonesia.<\/li>\n<li class=\"p1\">En casos puntuales de sobreventa u otras circunstancias imprevistas, el proveedor se reserva el derecho de sustituir el hotel reservado por otro de la misma categor\u00eda y precio.<\/li>\n<li>Garantizamos precios y condiciones p\u00fablicos y transparentes, sin cargos ocultos.<\/li>\n<li>Seleccionamos cuidadosamente a los mejores proveedores y trabajamos de forma continua en la mejora de nuestro servicio.<\/li>\n<\/ul>\n","protected":false},"excerpt":{"rendered":"<p>Idiomas: ingl\u00e9s, indonesio Descripci\u00f3n general Esta es tu oportunidad de observar delfines salvajes en su h\u00e1bitat natural. Desde hace mucho tiempo est\u00e1 demostrado que los delfines son criaturas \u00fanicas que irradian energ\u00eda positiva incluso a distancia. \u00a1No podr\u00e1s contener la emoci\u00f3n y la sonrisa al verlos jugar libremente en el inmenso oc\u00e9ano, como si te [&hellip;]<\/p>\n","protected":false},"featured_media":18606,"comment_status":"open","ping_status":"closed","template":"","meta":{"_acf_changed":false},"product_brand":[],"product_cat":[144,534],"product_tag":[],"class_list":{"0":"post-18615","1":"product","2":"type-product","3":"status-publish","4":"has-post-thumbnail","6":"brw_tour_types-tour-privado","7":"brw_parent_child-parent","8":"product_cat-adventures","9":"product_cat-naturaleza","11":"first","12":"instock","13":"shipping-taxable","14":"purchasable","15":"product-type-ovabrw_car_rental"},"acf":[],"_links":{"self":[{"href":"https:\/\/balisoultrips.com\/es\/wp-json\/wp\/v2\/product\/18615","targetHints":{"allow":["GET"]}}],"collection":[{"href":"https:\/\/balisoultrips.com\/es\/wp-json\/wp\/v2\/product"}],"about":[{"href":"https:\/\/balisoultrips.com\/es\/wp-json\/wp\/v2\/types\/product"}],"replies":[{"embeddable":true,"href":"https:\/\/balisoultrips.com\/es\/wp-json\/wp\/v2\/comments?post=18615"}],"wp:featuredmedia":[{"embeddable":true,"href":"https:\/\/balisoultrips.com\/es\/wp-json\/wp\/v2\/media\/18606"}],"wp:attachment":[{"href":"https:\/\/balisoultrips.com\/es\/wp-json\/wp\/v2\/media?parent=18615"}],"wp:term":[{"taxonomy":"product_brand","embeddable":true,"href":"https:\/\/balisoultrips.com\/es\/wp-json\/wp\/v2\/product_brand?post=18615"},{"taxonomy":"product_cat","embeddable":true,"href":"https:\/\/balisoultrips.com\/es\/wp-json\/wp\/v2\/product_cat?post=18615"},{"taxonomy":"product_tag","embeddable":true,"href":"https:\/\/balisoultrips.com\/es\/wp-json\/wp\/v2\/product_tag?post=18615"}],"curies":[{"name":"wp","href":"https:\/\/api.w.org\/{rel}","templated":true}]}}