{"id":18517,"date":"2025-10-15T19:53:39","date_gmt":"2025-10-15T11:53:39","guid":{"rendered":"https:\/\/balisoultrips.com\/product\/tour-of-balis-southern-beaches\/"},"modified":"2025-12-18T19:16:36","modified_gmt":"2025-12-18T11:16:36","slug":"tour-of-balis-southern-beaches","status":"publish","type":"product","link":"https:\/\/balisoultrips.com\/es\/producto\/tour-of-balis-southern-beaches\/","title":{"rendered":"Tour por las playas del sur de Bali"},"content":{"rendered":"<h6 class=\"p1\"><strong>Idiomas<\/strong>: ingl\u00e9s, ruso, indonesio<\/h6>\n<h2>Descripci\u00f3n general<\/h2>\n<p class=\"p1\">La playa de Melasti, rodeada de acantilados y rocas, te encantar\u00e1 con su agua turquesa, perfecta para nadar. Aqu\u00ed podr\u00e1s refrescarte, tomar un coco fresco en un caf\u00e9 junto al mar y sumergirte por completo en la relajante atm\u00f3sfera de la isla. La acogedora bah\u00eda de Padang Padang, escondida entre acantilados blancos cubiertos de vegetaci\u00f3n tropical, ofrece no solo incre\u00edbles oportunidades para fotos, sino tambi\u00e9n impresiones inolvidables. El agua aqu\u00ed suele estar tranquila, por lo que es ideal para nadar a cualquier hora del d\u00eda<\/p>\n<p class=\"p1\">La playa de Balangan impresiona con sus arrecifes costeros y piscinas naturales, y su paisaje \u00fanico no dejar\u00e1 a nadie indiferente. Desde el mirador de Dreamland disfrutar\u00e1s de vistas impresionantes de las playas Dreamland y Bingin, donde la arena dorada contrasta de forma preciosa con el oc\u00e9ano turquesa y las olas altas. Ver a los surfistas cabalgar las olas te inspirar\u00e1 y te dar\u00e1 la oportunidad de capturar fotos m\u00e1gicas<\/p>\n<p class=\"p1\">Para terminar el d\u00eda, rel\u00e1jate en un caf\u00e9 sobre el acantilado con vistas al oc\u00e9ano y disfruta de un atardecer espectacular<\/p>\n<h3 class=\"p1\"><b>Playas principales para visitar:<\/b><b><\/b><\/h3>\n<ul>\n<li class=\"p2\">Balangan (viewpoint overlooking the beach) (<a href=\"https:\/\/maps.app.goo.gl\/2zgBEPC1R3VtomyXA\" target=\"_blank\" rel=\"noopener\">Google Maps<\/a>)<\/li>\n<li class=\"p2\">Melasti (<a href=\"https:\/\/maps.app.goo.gl\/HABb1nzMA3crgZe17\" target=\"_blank\" rel=\"noopener\">Google Maps<\/a>)<\/li>\n<li class=\"p2\">Dreamland (viewpoint overlooking the beach) (<a href=\"https:\/\/maps.app.goo.gl\/VhQdf7j3qZpdSDDJA\" target=\"_blank\" rel=\"noopener\">Google Maps<\/a>)<\/li>\n<li class=\"p2\">Padang Padang (<a href=\"https:\/\/maps.app.goo.gl\/UjjoD1SYzuS6bht28\" target=\"_blank\" rel=\"noopener\">Google Maps<\/a>)<\/li>\n<li class=\"p2\">Uluwatu (<a href=\"https:\/\/maps.app.goo.gl\/qfwsPuyX3qrZDj6Q8\" target=\"_blank\" rel=\"noopener\">Google Maps<\/a>)<\/li>\n<\/ul>\n<h3>Informaci\u00f3n importante<\/h3>\n<ul>\n<li class=\"p1\">La reserva se realiza con pago total por adelantado.<\/li>\n<li>Duraci\u00f3n media del tour: 7\u20138 horas<\/li>\n<li>Ni\u00f1os de 0 a 2 a\u00f1os: gratis<\/li>\n<li>BaliSoulTrips.com no se hace responsable de las condiciones meteorol\u00f3gicas en las fechas de tu excursi\u00f3n<\/li>\n<li>Actuamos como servicio de reserva e intermediario entre el cliente y el proveedor que presta los servicios en Indonesia.<\/li>\n<li>Garantizamos precios y condiciones p\u00fablicos y transparentes, sin cargos ocultos.<\/li>\n<li>Seleccionamos cuidadosamente a los mejores proveedores y trabajamos de forma continua en la mejora de nuestro servicio.<\/li>\n<\/ul>\n","protected":false},"excerpt":{"rendered":"<p>Idiomas: ingl\u00e9s, ruso, indonesio Descripci\u00f3n general La playa de Melasti, rodeada de acantilados y rocas, te encantar\u00e1 con su agua turquesa, perfecta para nadar. Aqu\u00ed podr\u00e1s refrescarte, tomar un coco fresco en un caf\u00e9 junto al mar y sumergirte por completo en la relajante atm\u00f3sfera de la isla. La acogedora bah\u00eda de Padang Padang, escondida [&hellip;]<\/p>\n","protected":false},"featured_media":18512,"comment_status":"open","ping_status":"closed","template":"","meta":{"_acf_changed":false},"product_brand":[],"product_cat":[518,534],"product_tag":[],"class_list":{"0":"post-18517","1":"product","2":"type-product","3":"status-publish","4":"has-post-thumbnail","6":"brw_tour_types-grupo-privado","7":"brw_parent_child-parent","8":"product_cat-familiar","9":"product_cat-naturaleza","11":"first","12":"instock","13":"shipping-taxable","14":"purchasable","15":"product-type-ovabrw_car_rental"},"acf":[],"_links":{"self":[{"href":"https:\/\/balisoultrips.com\/es\/wp-json\/wp\/v2\/product\/18517","targetHints":{"allow":["GET"]}}],"collection":[{"href":"https:\/\/balisoultrips.com\/es\/wp-json\/wp\/v2\/product"}],"about":[{"href":"https:\/\/balisoultrips.com\/es\/wp-json\/wp\/v2\/types\/product"}],"replies":[{"embeddable":true,"href":"https:\/\/balisoultrips.com\/es\/wp-json\/wp\/v2\/comments?post=18517"}],"wp:featuredmedia":[{"embeddable":true,"href":"https:\/\/balisoultrips.com\/es\/wp-json\/wp\/v2\/media\/18512"}],"wp:attachment":[{"href":"https:\/\/balisoultrips.com\/es\/wp-json\/wp\/v2\/media?parent=18517"}],"wp:term":[{"taxonomy":"product_brand","embeddable":true,"href":"https:\/\/balisoultrips.com\/es\/wp-json\/wp\/v2\/product_brand?post=18517"},{"taxonomy":"product_cat","embeddable":true,"href":"https:\/\/balisoultrips.com\/es\/wp-json\/wp\/v2\/product_cat?post=18517"},{"taxonomy":"product_tag","embeddable":true,"href":"https:\/\/balisoultrips.com\/es\/wp-json\/wp\/v2\/product_tag?post=18517"}],"curies":[{"name":"wp","href":"https:\/\/api.w.org\/{rel}","templated":true}]}}