{"id":18405,"date":"2025-10-15T23:12:32","date_gmt":"2025-10-15T15:12:32","guid":{"rendered":"https:\/\/balisoultrips.com\/product\/jet-ski-safari\/"},"modified":"2025-12-17T18:37:53","modified_gmt":"2025-12-17T10:37:53","slug":"jet-ski-safari","status":"publish","type":"product","link":"https:\/\/balisoultrips.com\/es\/producto\/jet-ski-safari\/","title":{"rendered":"Safari en jet ski"},"content":{"rendered":"<h6 class=\"p1\"><strong>Idiomas<\/strong>: ingl\u00e9s, indonesio<\/h6>\n<h2>Descripci\u00f3n general<\/h2>\n<p class=\"p1\">\u00a1Prep\u00e1rate para una aventura inolvidable llena de adrenalina, velocidad y vistas impresionantes del oc\u00e9ano!<\/p>\n<p class=\"p1\">Los recorridos de una o dos horas a lo largo de las famosas playas de Kuta, Jimbaran y Seminyak te permitir\u00e1n disfrutar de la emoci\u00f3n de las olas y la belleza de las costas bordeadas de palmeras \u2014 perfecto para quienes aman la aventura y la libertad<\/p>\n<p class=\"p1\">A la hora programada, tendr\u00e1s que llegar a la zona de Kuta, donde te proporcionar\u00e1n todo el equipo necesario \u2014 moto acu\u00e1tica, chaleco salvavidas y gafas protectoras. Antes de comenzar, instructores con experiencia te dar\u00e1n una explicaci\u00f3n detallada sobre las t\u00e9cnicas de manejo y las normas de seguridad en el agua<\/p>\n<h3>Opciones:<\/h3>\n<ul>\n<li class=\"p1\"><strong>Modelo GTI\/GTX 130:<\/strong><\/li>\n<\/ul>\n<p>Potencia: 130 hp<br \/>\nCilindrada: 1,630 cc<br \/>\nTipo de motor: Rotax 1630 ACE<br \/>\nPeso: 272 kg<br \/>\nDimensiones (mm): 345 x 125 x 114<\/p>\n<h3>Informaci\u00f3n importante<\/h3>\n<ul>\n<li>La reserva se realiza con pago total por adelantado.<\/li>\n<li class=\"p1\">Duraci\u00f3n: depende de la ruta seleccionada<\/li>\n<li class=\"p1\">Documentos: por favor, trae tu pasaporte o muestra una foto para el registro en el lugar<\/li>\n<li class=\"p1\">Seguro: el uso de moto acu\u00e1tica en el agua no est\u00e1 cubierto por el seguro en caso de da\u00f1os<\/li>\n<li class=\"p1\">Normas de seguridad: sigue estrictamente todas las indicaciones. Acelerar demasiado puede hacer que la moto acu\u00e1tica se vuelque. En caso de que ocurra, se cobrar\u00e1 una penalizaci\u00f3n de 5.000.000 IDR<\/li>\n<li class=\"p1\">Da\u00f1os a otras embarcaciones: si tu moto acu\u00e1tica causa da\u00f1os a otra embarcaci\u00f3n, se aplicar\u00e1 una penalizaci\u00f3n de 25.000.000 IDR y tambi\u00e9n deber\u00e1s cubrir los costos de reparaci\u00f3n seg\u00fan la lista de precios del proveedor<\/li>\n<li class=\"p1\">Por favor, revisa y considera cuidadosamente esta informaci\u00f3n antes de comenzar tu paseo<\/li>\n<li>Actuamos como servicio de reserva e intermediario entre el cliente y el proveedor que presta los servicios en Indonesia.<\/li>\n<li>Garantizamos precios y condiciones p\u00fablicos y transparentes, sin cargos ocultos.<\/li>\n<li>Seleccionamos cuidadosamente a los mejores proveedores y trabajamos de forma continua en la mejora de nuestro servicio.<\/li>\n<\/ul>\n","protected":false},"excerpt":{"rendered":"<p>Idiomas: ingl\u00e9s, indonesio Descripci\u00f3n general \u00a1Prep\u00e1rate para una aventura inolvidable llena de adrenalina, velocidad y vistas impresionantes del oc\u00e9ano! Los recorridos de una o dos horas a lo largo de las famosas playas de Kuta, Jimbaran y Seminyak te permitir\u00e1n disfrutar de la emoci\u00f3n de las olas y la belleza de las costas bordeadas de [&hellip;]<\/p>\n","protected":false},"featured_media":18400,"comment_status":"open","ping_status":"closed","template":"","meta":{"_acf_changed":false},"product_brand":[],"product_cat":[144,510],"product_tag":[],"class_list":{"0":"post-18405","1":"product","2":"type-product","3":"status-publish","4":"has-post-thumbnail","6":"brw_tour_types-grupo-privado","7":"brw_parent_child-parent","8":"product_cat-adventures","9":"product_cat-extremo","11":"first","12":"instock","13":"shipping-taxable","14":"purchasable","15":"product-type-ovabrw_car_rental"},"acf":[],"_links":{"self":[{"href":"https:\/\/balisoultrips.com\/es\/wp-json\/wp\/v2\/product\/18405","targetHints":{"allow":["GET"]}}],"collection":[{"href":"https:\/\/balisoultrips.com\/es\/wp-json\/wp\/v2\/product"}],"about":[{"href":"https:\/\/balisoultrips.com\/es\/wp-json\/wp\/v2\/types\/product"}],"replies":[{"embeddable":true,"href":"https:\/\/balisoultrips.com\/es\/wp-json\/wp\/v2\/comments?post=18405"}],"wp:featuredmedia":[{"embeddable":true,"href":"https:\/\/balisoultrips.com\/es\/wp-json\/wp\/v2\/media\/18400"}],"wp:attachment":[{"href":"https:\/\/balisoultrips.com\/es\/wp-json\/wp\/v2\/media?parent=18405"}],"wp:term":[{"taxonomy":"product_brand","embeddable":true,"href":"https:\/\/balisoultrips.com\/es\/wp-json\/wp\/v2\/product_brand?post=18405"},{"taxonomy":"product_cat","embeddable":true,"href":"https:\/\/balisoultrips.com\/es\/wp-json\/wp\/v2\/product_cat?post=18405"},{"taxonomy":"product_tag","embeddable":true,"href":"https:\/\/balisoultrips.com\/es\/wp-json\/wp\/v2\/product_tag?post=18405"}],"curies":[{"name":"wp","href":"https:\/\/api.w.org\/{rel}","templated":true}]}}