{"id":18241,"date":"2025-10-16T13:13:38","date_gmt":"2025-10-16T05:13:38","guid":{"rendered":"https:\/\/balisoultrips.com\/product\/devdan-show\/"},"modified":"2025-12-15T16:07:52","modified_gmt":"2025-12-15T08:07:52","slug":"devdan-show","status":"publish","type":"product","link":"https:\/\/balisoultrips.com\/es\/producto\/devdan-show\/","title":{"rendered":"Devdan Show"},"content":{"rendered":"<h6 class=\"p1\"><strong>Idiomas<\/strong>: ingl\u00e9s, indonesio<\/h6>\n<h2>Descripci\u00f3n general<\/h2>\n<p class=\"p1\">Recomendamos much\u00edsimo asistir al Devdan Show como una experiencia que a\u00f1adir\u00e1 variedad y emoci\u00f3n a tus noches en Bali. Esta versi\u00f3n balinesa del Cirque du Soleil es, sin duda, una de las atracciones imprescindibles de la isla<\/p>\n<p class=\"p1\">Durante este espect\u00e1culo vibrante y sin pausas ver\u00e1s efectos especiales impresionantes, escenarios bellamente decorados, atrezo a gran escala y trajes tradicionales incre\u00edblemente coloridos. Los bailarines profesionales del Devdan Show te sorprender\u00e1n con su coreograf\u00eda y habilidades acrob\u00e1ticas, mostrando tanto la cultura indonesia tradicional como la moderna de islas como Java, Sumatra, Sulawesi, Bali, Pap\u00faa y muchas m\u00e1s. El sonido, la iluminaci\u00f3n y los efectos de fuego est\u00e1n dise\u00f1ados para crear una impresi\u00f3n potente e inolvidable<\/p>\n<p class=\"p1\"><strong>El show est\u00e1 disponible los lunes, mi\u00e9rcoles y s\u00e1bados a las 7:30 PM<\/strong><\/p>\n<p><img fetchpriority=\"high\" decoding=\"async\" class=\"alignnone size-medium wp-image-11537\" src=\"https:\/\/balisoultrips.com\/wp-content\/uploads\/2025\/10\/Devdan_stage-300x176.png\" alt=\"\" width=\"300\" height=\"176\" srcset=\"https:\/\/balisoultrips.com\/wp-content\/uploads\/2025\/10\/Devdan_stage-300x176.png 300w, https:\/\/balisoultrips.com\/wp-content\/uploads\/2025\/10\/Devdan_stage-768x449.png 768w, https:\/\/balisoultrips.com\/wp-content\/uploads\/2025\/10\/Devdan_stage-600x351.png 600w, https:\/\/balisoultrips.com\/wp-content\/uploads\/2025\/10\/Devdan_stage.png 800w\" sizes=\"(max-width: 300px) 100vw, 300px\" \/><\/p>\n<h3>Informaci\u00f3n importante<\/h3>\n<ul>\n<li class=\"p1\">La reserva se realiza con pago total por adelantado.<\/li>\n<li class=\"p1\">Show disponible: lunes, mi\u00e9rcoles, viernes y s\u00e1bado a las 7:30 PM<\/li>\n<li class=\"p1\">Duraci\u00f3n del show: 60 minutos<\/li>\n<li class=\"p1\">Hay entradas infantiles para ni\u00f1os de 4 a 12 a\u00f1os (excepto en la categor\u00eda VIP)<\/li>\n<li class=\"p1\">Los ni\u00f1os menores de 4 a\u00f1os pueden asistir gratis, pero deben compartir asiento con sus padres<\/li>\n<li class=\"p1\">Los beb\u00e9s menores de 2 a\u00f1os no est\u00e1n permitidos en el teatro, ya que pueden distraer durante el espect\u00e1culo<\/li>\n<li>Actuamos como servicio de reserva e intermediario entre el cliente y el proveedor que presta los servicios en Indonesia.<\/li>\n<li>Garantizamos precios y condiciones p\u00fablicos y transparentes, sin cargos ocultos.<\/li>\n<li>Seleccionamos cuidadosamente a los mejores proveedores y trabajamos de forma continua en la mejora de nuestro servicio.<\/li>\n<\/ul>\n","protected":false},"excerpt":{"rendered":"<p>Idiomas: ingl\u00e9s, indonesio Descripci\u00f3n general Recomendamos much\u00edsimo asistir al Devdan Show como una experiencia que a\u00f1adir\u00e1 variedad y emoci\u00f3n a tus noches en Bali. Esta versi\u00f3n balinesa del Cirque du Soleil es, sin duda, una de las atracciones imprescindibles de la isla Durante este espect\u00e1culo vibrante y sin pausas ver\u00e1s efectos especiales impresionantes, escenarios bellamente [&hellip;]<\/p>\n","protected":false},"featured_media":18235,"comment_status":"open","ping_status":"closed","template":"","meta":{"_acf_changed":false},"product_brand":[],"product_cat":[589,494,518],"product_tag":[],"class_list":{"0":"post-18241","1":"product","2":"type-product","3":"status-publish","4":"has-post-thumbnail","6":"brw_tour_types-viaje-en-grupo","7":"brw_parent_child-parent","8":"product_cat-cultura","9":"product_cat-balisoultrips-choice","10":"product_cat-familiar","12":"first","13":"instock","14":"featured","15":"shipping-taxable","16":"purchasable","17":"product-type-ovabrw_car_rental"},"acf":[],"_links":{"self":[{"href":"https:\/\/balisoultrips.com\/es\/wp-json\/wp\/v2\/product\/18241","targetHints":{"allow":["GET"]}}],"collection":[{"href":"https:\/\/balisoultrips.com\/es\/wp-json\/wp\/v2\/product"}],"about":[{"href":"https:\/\/balisoultrips.com\/es\/wp-json\/wp\/v2\/types\/product"}],"replies":[{"embeddable":true,"href":"https:\/\/balisoultrips.com\/es\/wp-json\/wp\/v2\/comments?post=18241"}],"wp:featuredmedia":[{"embeddable":true,"href":"https:\/\/balisoultrips.com\/es\/wp-json\/wp\/v2\/media\/18235"}],"wp:attachment":[{"href":"https:\/\/balisoultrips.com\/es\/wp-json\/wp\/v2\/media?parent=18241"}],"wp:term":[{"taxonomy":"product_brand","embeddable":true,"href":"https:\/\/balisoultrips.com\/es\/wp-json\/wp\/v2\/product_brand?post=18241"},{"taxonomy":"product_cat","embeddable":true,"href":"https:\/\/balisoultrips.com\/es\/wp-json\/wp\/v2\/product_cat?post=18241"},{"taxonomy":"product_tag","embeddable":true,"href":"https:\/\/balisoultrips.com\/es\/wp-json\/wp\/v2\/product_tag?post=18241"}],"curies":[{"name":"wp","href":"https:\/\/api.w.org\/{rel}","templated":true}]}}