{"id":18147,"date":"2025-10-16T15:27:47","date_gmt":"2025-10-16T07:27:47","guid":{"rendered":"https:\/\/balisoultrips.com\/product\/canyoning-tours\/"},"modified":"2025-12-12T15:59:42","modified_gmt":"2025-12-12T07:59:42","slug":"canyoning-tours","status":"publish","type":"product","link":"https:\/\/balisoultrips.com\/es\/producto\/canyoning-tours\/","title":{"rendered":"Aventuras de canyoning en Bali"},"content":{"rendered":"<h6 class=\"p1\"><strong>Idiomas<\/strong>: ingl\u00e9s, indonesio<\/h6>\n<h2>Descripci\u00f3n general<\/h2>\n<p class=\"p1\">Es una oportunidad para caminar por selvas y gargantas salvajes, ver paisajes de cascadas incre\u00edbles y vivir el mundo de la aventura extrema con total seguridad<\/p>\n<p class=\"p1\">Cualquier persona, incluso sin entrenamiento especial de escalada, puede completar la ruta y llevarse muchas impresiones y una buena dosis de adrenalina<\/p>\n<p class=\"p1\">El canyoning incluye distintos tipos de descenso: saltos desde cascadas de diferentes alturas, deslizamientos por canales rocosos, descenso con mosquet\u00f3n \u2014 cuando solo relajas las manos y te deslizas por la cuerda \u2014 y descenso \u201ctrepando\u201d con la ayuda de cuerdas y mosquetones<\/p>\n<p class=\"p1\">Instructores con experiencia, que garantizan tu seguridad durante todo el recorrido, apoyar\u00e1n el esp\u00edritu de equipo y crear\u00e1n un ambiente divertido<\/p>\n<p class=\"p1\">Recomendamos el canyoning a todos los que quieran ver la maravillosa naturaleza de la isla y pasar el d\u00eda de una forma diferente<\/p>\n<h3 class=\"p1\">Programas<\/h3>\n<p class=\"p1\"><b>Ruta \u201cGitGit\u201d<\/b><br \/>\n<b><\/b><em>Para personas con condici\u00f3n f\u00edsica media<br \/>\n<\/em><strong>El programa incluye:<\/strong><\/p>\n<ul>\n<li class=\"p1\">Aprender lo b\u00e1sico sobre el uso del equipo de seguridad<\/li>\n<li class=\"p1\">6 descensos con cuerda desde alturas de hasta 15 metros<\/li>\n<li class=\"p1\">4 saltos en cascadas desde alturas de 3 a 8 metros<\/li>\n<li class=\"p1\">5 toboganes naturales de roca de 3 a 7 metros de longitud<\/li>\n<li class=\"p1\">Tiempo en el ca\u00f1\u00f3n: 2\u20133 horas<\/li>\n<\/ul>\n<p>&nbsp;<\/p>\n<p class=\"p1\"><b>Ruta \u201cSambangan Canyon\u201d<\/b><br \/>\n<b><\/b><em>Para personas con condici\u00f3n f\u00edsica media<br \/>\n<\/em><strong>El programa incluye:<\/strong><\/p>\n<ul>\n<li class=\"p1\">Aprender lo b\u00e1sico sobre el uso del equipo de seguridad<\/li>\n<li class=\"p1\">6 descensos con cuerda desde alturas de hasta 12 metros<\/li>\n<li class=\"p1\">4 saltos en cascadas desde alturas de 3 a 8 metros<\/li>\n<li class=\"p1\">7 toboganes naturales de roca de 3 a 7 metros de longitud<\/li>\n<li class=\"p1\">Tiempo en el ca\u00f1\u00f3n: 2\u20133 horas<\/li>\n<\/ul>\n<p>&nbsp;<\/p>\n<p class=\"p1\"><b>Ruta \u201cAlam Canyon\u201d<\/b><br \/>\n<b><\/b><em>Para personas con buena condici\u00f3n f\u00edsica<br \/>\n<\/em><strong>El programa incluye:<\/strong><\/p>\n<ul>\n<li class=\"p1\">Aprender lo b\u00e1sico sobre el uso del equipo de seguridad<\/li>\n<li class=\"p1\">12 descensos con cuerda desde alturas de hasta 32 metros<\/li>\n<li class=\"p1\">6 saltos en cascadas desde alturas de 3 a 8 metros<\/li>\n<li class=\"p1\">7 toboganes naturales de roca de 3 a 7 metros de longitud<\/li>\n<li class=\"p1\">Tiempo en el ca\u00f1\u00f3n: 4\u20135 horas<\/li>\n<\/ul>\n<p>&nbsp;<\/p>\n<p class=\"p1\"><b>Ruta \u201cAling Canyon\u201d<\/b><br \/>\n<b><\/b><em>Para personas con buena condici\u00f3n f\u00edsica<br \/>\n<\/em><strong>El programa incluye:<\/strong><\/p>\n<ul>\n<li class=\"p1\">Aprender lo b\u00e1sico sobre el uso del equipo de seguridad<\/li>\n<li class=\"p1\">7 descensos con cuerda desde alturas de hasta 35 metros<\/li>\n<li class=\"p1\">7 saltos en cascadas desde alturas de 3 a 15 metros<\/li>\n<li class=\"p1\">2 toboganes naturales de roca de 6 a 12 metros de longitud<\/li>\n<li class=\"p1\">Tiempo en el ca\u00f1\u00f3n: 4\u20135 horas<\/li>\n<\/ul>\n<h3>Informaci\u00f3n importante<\/h3>\n<ul>\n<li>Se requiere un dep\u00f3sito del 20% al reservar, y el resto se paga en efectivo en el lugar<\/li>\n<li>Si lo prefieres, puedes pagar el importe total por adelantado utilizando cualquiera de los m\u00e9todos de pago en l\u00ednea disponibles.<\/li>\n<li class=\"p1\">Para reservas de 1 persona, se aplica una tarifa adicional de traslado \u2014 de 200.000 a 400.000 IDR (consulta el importe exacto con tu manager)<\/li>\n<li class=\"p1\">Apto para participantes con condici\u00f3n f\u00edsica m\u00ednima, media o buena, seg\u00fan el programa elegido<\/li>\n<li class=\"p1\">Para ni\u00f1os a partir de 10 a\u00f1os<\/li>\n<li class=\"p1\">Tiempo promedio en el ca\u00f1\u00f3n: 2\u20133 horas o 4\u20135 horas, seg\u00fan el programa seleccionado<\/li>\n<li>Actuamos como servicio de reserva e intermediario entre el cliente y el proveedor que presta los servicios en Indonesia.<\/li>\n<li>Garantizamos precios y condiciones p\u00fablicos y transparentes, sin cargos ocultos.<\/li>\n<li>Seleccionamos cuidadosamente a los mejores proveedores y trabajamos de forma continua en la mejora de nuestro servicio.<\/li>\n<\/ul>\n","protected":false},"excerpt":{"rendered":"<p>Idiomas: ingl\u00e9s, indonesio Descripci\u00f3n general Es una oportunidad para caminar por selvas y gargantas salvajes, ver paisajes de cascadas incre\u00edbles y vivir el mundo de la aventura extrema con total seguridad Cualquier persona, incluso sin entrenamiento especial de escalada, puede completar la ruta y llevarse muchas impresiones y una buena dosis de adrenalina El canyoning [&hellip;]<\/p>\n","protected":false},"featured_media":18142,"comment_status":"open","ping_status":"closed","template":"","meta":{"_acf_changed":false},"product_brand":[],"product_cat":[144,494,510,534],"product_tag":[],"class_list":{"0":"post-18147","1":"product","2":"type-product","3":"status-publish","4":"has-post-thumbnail","6":"brw_tour_types-grupo-privado","7":"brw_parent_child-parent","8":"product_cat-adventures","9":"product_cat-balisoultrips-choice","10":"product_cat-extremo","11":"product_cat-naturaleza","13":"first","14":"instock","15":"featured","16":"shipping-taxable","17":"purchasable","18":"product-type-ovabrw_car_rental"},"acf":[],"_links":{"self":[{"href":"https:\/\/balisoultrips.com\/es\/wp-json\/wp\/v2\/product\/18147","targetHints":{"allow":["GET"]}}],"collection":[{"href":"https:\/\/balisoultrips.com\/es\/wp-json\/wp\/v2\/product"}],"about":[{"href":"https:\/\/balisoultrips.com\/es\/wp-json\/wp\/v2\/types\/product"}],"replies":[{"embeddable":true,"href":"https:\/\/balisoultrips.com\/es\/wp-json\/wp\/v2\/comments?post=18147"}],"wp:featuredmedia":[{"embeddable":true,"href":"https:\/\/balisoultrips.com\/es\/wp-json\/wp\/v2\/media\/18142"}],"wp:attachment":[{"href":"https:\/\/balisoultrips.com\/es\/wp-json\/wp\/v2\/media?parent=18147"}],"wp:term":[{"taxonomy":"product_brand","embeddable":true,"href":"https:\/\/balisoultrips.com\/es\/wp-json\/wp\/v2\/product_brand?post=18147"},{"taxonomy":"product_cat","embeddable":true,"href":"https:\/\/balisoultrips.com\/es\/wp-json\/wp\/v2\/product_cat?post=18147"},{"taxonomy":"product_tag","embeddable":true,"href":"https:\/\/balisoultrips.com\/es\/wp-json\/wp\/v2\/product_tag?post=18147"}],"curies":[{"name":"wp","href":"https:\/\/api.w.org\/{rel}","templated":true}]}}