{"id":18094,"date":"2025-10-19T14:40:18","date_gmt":"2025-10-19T06:40:18","guid":{"rendered":"https:\/\/balisoultrips.com\/product\/jeep-tour-on-mount-batur\/"},"modified":"2025-12-11T14:30:53","modified_gmt":"2025-12-11T06:30:53","slug":"jeep-tour-on-mount-batur","status":"publish","type":"product","link":"https:\/\/balisoultrips.com\/es\/producto\/jeep-tour-on-mount-batur\/","title":{"rendered":"Jeep tour al monte Batur"},"content":{"rendered":"<h6 class=\"p1\"><strong>Idiomas<\/strong>: ingl\u00e9s, indonesio<\/h6>\n<h2>Descripci\u00f3n general<\/h2>\n<p class=\"p1\">Disfruta de una forma \u00fanica de contemplar el impresionante amanecer sobre el monte Batur y recorre los campos de lava volc\u00e1nica en un jeep 4&#215;4<\/p>\n<p class=\"p1\">Elige esta opci\u00f3n si no quieres subir el volc\u00e1n caminando, pero aun as\u00ed quieres vivir uno de los amaneceres m\u00e1s espectaculares de Bali<\/p>\n<p class=\"p1\">Gracias al jeep con tracci\u00f3n a las cuatro ruedas llegar\u00e1s a puntos de dif\u00edcil acceso, explorar\u00e1s los paisajes volc\u00e1nicos de la zona de Kintamani, conducir\u00e1s sobre arenas negras y colinas de lava, disfrutar\u00e1s de vistas incre\u00edbles de la isla y recibir\u00e1s el amanecer justo al borde del volc\u00e1n<\/p>\n<h3>Informaci\u00f3n importante<\/h3>\n<ul>\n<li>La reserva se realiza con pago completo por adelantado.<\/li>\n<li class=\"p1\">El horario del recorrido puede ser modificado por los organizadores<\/li>\n<li class=\"p1\">Los ni\u00f1os menores de 3 a\u00f1os participan gratis<\/li>\n<li class=\"p1\">Disponible para viajeros de entre 1 y 65 a\u00f1os<\/li>\n<li class=\"p1\">La observaci\u00f3n del amanecer o atardecer tiene lugar en un mirador panor\u00e1mico a baja altitud, cerca del pie del volc\u00e1n. El jeep no sube hasta la cima<\/li>\n<li>Importante: BaliSoulTrips.com no se hace responsable de las condiciones meteorol\u00f3gicas en las fechas que hayas reservado el tour. El clima en la caldera del volc\u00e1n Batur es impredecible: es posible encontrar niebla, lluvia y baja visibilidad durante el recorrido, especialmente en la temporada de lluvias<\/li>\n<li>Te dirigir\u00e1s a la zona de Kintamani, conocida por su clima fresco. Los habitantes locales han creado numerosas granjas donde cultivan diferentes tipos de verduras que requieren fertilizantes. Por este motivo, el \u00e1rea atrae una gran cantidad de moscas. Es posible encontrarlas pr\u00e1cticamente en todas partes y, lamentablemente, no hay forma de evitarlas por completo. Te pedimos comprensi\u00f3n y que intentes ignorarlas, igual que hacen los habitantes de la zona<\/li>\n<li>Actuamos como servicio de reserva e intermediario entre el cliente y el proveedor que presta los servicios en Indonesia.<\/li>\n<li>Garantizamos precios y condiciones p\u00fablicos y transparentes, sin cargos ocultos.<\/li>\n<li>Seleccionamos cuidadosamente a los mejores proveedores y trabajamos de forma continua en la mejora de nuestro servicio.<\/li>\n<\/ul>\n","protected":false},"excerpt":{"rendered":"<p>Idiomas: ingl\u00e9s, indonesio Descripci\u00f3n general Disfruta de una forma \u00fanica de contemplar el impresionante amanecer sobre el monte Batur y recorre los campos de lava volc\u00e1nica en un jeep 4&#215;4 Elige esta opci\u00f3n si no quieres subir el volc\u00e1n caminando, pero aun as\u00ed quieres vivir uno de los amaneceres m\u00e1s espectaculares de Bali Gracias al [&hellip;]<\/p>\n","protected":false},"featured_media":18089,"comment_status":"open","ping_status":"closed","template":"","meta":{"_acf_changed":false},"product_brand":[],"product_cat":[144,581],"product_tag":[],"class_list":{"0":"post-18094","1":"product","2":"type-product","3":"status-publish","4":"has-post-thumbnail","6":"brw_tour_types-grupo-privado","7":"brw_parent_child-parent","8":"product_cat-adventures","9":"product_cat-volcanes","11":"first","12":"instock","13":"shipping-taxable","14":"purchasable","15":"product-type-ovabrw_car_rental"},"acf":[],"_links":{"self":[{"href":"https:\/\/balisoultrips.com\/es\/wp-json\/wp\/v2\/product\/18094","targetHints":{"allow":["GET"]}}],"collection":[{"href":"https:\/\/balisoultrips.com\/es\/wp-json\/wp\/v2\/product"}],"about":[{"href":"https:\/\/balisoultrips.com\/es\/wp-json\/wp\/v2\/types\/product"}],"replies":[{"embeddable":true,"href":"https:\/\/balisoultrips.com\/es\/wp-json\/wp\/v2\/comments?post=18094"}],"wp:featuredmedia":[{"embeddable":true,"href":"https:\/\/balisoultrips.com\/es\/wp-json\/wp\/v2\/media\/18089"}],"wp:attachment":[{"href":"https:\/\/balisoultrips.com\/es\/wp-json\/wp\/v2\/media?parent=18094"}],"wp:term":[{"taxonomy":"product_brand","embeddable":true,"href":"https:\/\/balisoultrips.com\/es\/wp-json\/wp\/v2\/product_brand?post=18094"},{"taxonomy":"product_cat","embeddable":true,"href":"https:\/\/balisoultrips.com\/es\/wp-json\/wp\/v2\/product_cat?post=18094"},{"taxonomy":"product_tag","embeddable":true,"href":"https:\/\/balisoultrips.com\/es\/wp-json\/wp\/v2\/product_tag?post=18094"}],"curies":[{"name":"wp","href":"https:\/\/api.w.org\/{rel}","templated":true}]}}