{"id":18045,"date":"2025-10-19T15:33:14","date_gmt":"2025-10-19T07:33:14","guid":{"rendered":"https:\/\/balisoultrips.com\/product\/hot-air-balloon-ride\/"},"modified":"2025-12-10T16:52:39","modified_gmt":"2025-12-10T08:52:39","slug":"hot-air-balloon-ride","status":"publish","type":"product","link":"https:\/\/balisoultrips.com\/es\/producto\/hot-air-balloon-ride\/","title":{"rendered":"Paseo en globo aerost\u00e1tico"},"content":{"rendered":"<h6 class=\"p1\"><strong>Idiomas<\/strong>: ingl\u00e9s, indonesio<\/h6>\n<h2>Descripci\u00f3n general<\/h2>\n<p class=\"p1\">Contempla las terrazas de arroz, la selva y las colinas de Ubud desde una vista de p\u00e1jaro.<\/p>\n<p class=\"p1\">Un colorido globo aerost\u00e1tico se eleva suavemente hasta unos 50 metros de altura, ofreciendo impresionantes vistas de los alrededores de Ubud.<\/p>\n<p class=\"p1\">A lo lejos, el sagrado monte Agung se alza majestuoso. Es la ocasi\u00f3n perfecta para disfrutar de la paz y el silencio de la naturaleza, sentir la brisa agradable en la piel y vivir la sensaci\u00f3n de que acabas de aprender a volar.<\/p>\n<h3>Informaci\u00f3n importante<\/h3>\n<ul>\n<li>La reserva se realiza con pago completo por adelantado.<\/li>\n<li class=\"p1\">Cada globo aerost\u00e1tico puede acomodar a dos adultos y un ni\u00f1o al mismo tiempo, siempre que el peso total no supere los 150 kg.<\/li>\n<li class=\"p1\">Entrada infantil: de 3 a 11 a\u00f1os.<\/li>\n<li class=\"p1\">Los ni\u00f1os menores de 3 a\u00f1os vuelan gratis.<\/li>\n<li class=\"p1\">Si las condiciones meteorol\u00f3gicas no permiten realizar el vuelo, se te ofrecer\u00e1 cambiarlo a otra fecha.<\/li>\n<li class=\"p1\">Ten en cuenta que la hora indicada en tu programa puede no coincidir exactamente con la hora real del vuelo en globo: los ascensos se realizan por orden de llegada. Debes estar preparado para posibles tiempos de espera o para la cancelaci\u00f3n del vuelo en caso de mal tiempo.<\/li>\n<li class=\"p1\">El uso de drones est\u00e1 estrictamente prohibido dentro del \u00e1rea del hotel y durante el vuelo en globo.<\/li>\n<li>Actuamos como servicio de reserva e intermediario entre el cliente y el proveedor que presta los servicios en Indonesia.<\/li>\n<li>Garantizamos precios y condiciones p\u00fablicos y transparentes, sin cargos ocultos.<\/li>\n<li>Seleccionamos cuidadosamente a los mejores proveedores y trabajamos de forma continua en la mejora de nuestro servicio.<\/li>\n<\/ul>\n","protected":false},"excerpt":{"rendered":"<p>Idiomas: ingl\u00e9s, indonesio Descripci\u00f3n general Contempla las terrazas de arroz, la selva y las colinas de Ubud desde una vista de p\u00e1jaro. Un colorido globo aerost\u00e1tico se eleva suavemente hasta unos 50 metros de altura, ofreciendo impresionantes vistas de los alrededores de Ubud. A lo lejos, el sagrado monte Agung se alza majestuoso. Es la [&hellip;]<\/p>\n","protected":false},"featured_media":18042,"comment_status":"open","ping_status":"closed","template":"","meta":{"_acf_changed":false},"product_brand":[],"product_cat":[144,518],"product_tag":[],"class_list":{"0":"post-18045","1":"product","2":"type-product","3":"status-publish","4":"has-post-thumbnail","6":"brw_tour_types-tour-privado","7":"brw_parent_child-parent","8":"product_cat-adventures","9":"product_cat-familiar","11":"first","12":"instock","13":"shipping-taxable","14":"purchasable","15":"product-type-ovabrw_car_rental"},"acf":[],"_links":{"self":[{"href":"https:\/\/balisoultrips.com\/es\/wp-json\/wp\/v2\/product\/18045","targetHints":{"allow":["GET"]}}],"collection":[{"href":"https:\/\/balisoultrips.com\/es\/wp-json\/wp\/v2\/product"}],"about":[{"href":"https:\/\/balisoultrips.com\/es\/wp-json\/wp\/v2\/types\/product"}],"replies":[{"embeddable":true,"href":"https:\/\/balisoultrips.com\/es\/wp-json\/wp\/v2\/comments?post=18045"}],"wp:featuredmedia":[{"embeddable":true,"href":"https:\/\/balisoultrips.com\/es\/wp-json\/wp\/v2\/media\/18042"}],"wp:attachment":[{"href":"https:\/\/balisoultrips.com\/es\/wp-json\/wp\/v2\/media?parent=18045"}],"wp:term":[{"taxonomy":"product_brand","embeddable":true,"href":"https:\/\/balisoultrips.com\/es\/wp-json\/wp\/v2\/product_brand?post=18045"},{"taxonomy":"product_cat","embeddable":true,"href":"https:\/\/balisoultrips.com\/es\/wp-json\/wp\/v2\/product_cat?post=18045"},{"taxonomy":"product_tag","embeddable":true,"href":"https:\/\/balisoultrips.com\/es\/wp-json\/wp\/v2\/product_tag?post=18045"}],"curies":[{"name":"wp","href":"https:\/\/api.w.org\/{rel}","templated":true}]}}