{"id":18012,"date":"2025-10-19T17:12:47","date_gmt":"2025-10-19T09:12:47","guid":{"rendered":"https:\/\/balisoultrips.com\/product\/komodo-island-tours-flores\/"},"modified":"2025-12-10T15:40:13","modified_gmt":"2025-12-10T07:40:13","slug":"komodo-island-tours-flores","status":"publish","type":"product","link":"https:\/\/balisoultrips.com\/es\/producto\/komodo-island-tours-flores\/","title":{"rendered":"Tours a la isla de Komodo (Flores)"},"content":{"rendered":"<p class=\"p1\">Komodo se encuentra a unos 550 kil\u00f3metros al este de Bali y forma parte de un peque\u00f1o archipi\u00e9lago en Indonesia. Es un lugar donde parece que el tiempo se detiene y la naturaleza permanece casi intacta, apenas alterada por la presencia humana.<\/p>\n","protected":false},"excerpt":{"rendered":"[products ids=\"11564,11575\" columns=\"3\"]\n","protected":false},"featured_media":18011,"comment_status":"open","ping_status":"closed","template":"","meta":{"_acf_changed":false},"product_brand":[],"product_cat":[549,526],"product_tag":[],"class_list":{"0":"post-18012","1":"product","2":"type-product","3":"status-publish","4":"has-post-thumbnail","6":"brw_tour_types-viaje-en-grupo","7":"brw_parent_child-parent","8":"product_cat-cruceros-maritimos","9":"product_cat-islas","11":"first","12":"instock","13":"shipping-taxable","14":"purchasable","15":"product-type-ovabrw_car_rental"},"acf":[],"_links":{"self":[{"href":"https:\/\/balisoultrips.com\/es\/wp-json\/wp\/v2\/product\/18012","targetHints":{"allow":["GET"]}}],"collection":[{"href":"https:\/\/balisoultrips.com\/es\/wp-json\/wp\/v2\/product"}],"about":[{"href":"https:\/\/balisoultrips.com\/es\/wp-json\/wp\/v2\/types\/product"}],"replies":[{"embeddable":true,"href":"https:\/\/balisoultrips.com\/es\/wp-json\/wp\/v2\/comments?post=18012"}],"wp:featuredmedia":[{"embeddable":true,"href":"https:\/\/balisoultrips.com\/es\/wp-json\/wp\/v2\/media\/18011"}],"wp:attachment":[{"href":"https:\/\/balisoultrips.com\/es\/wp-json\/wp\/v2\/media?parent=18012"}],"wp:term":[{"taxonomy":"product_brand","embeddable":true,"href":"https:\/\/balisoultrips.com\/es\/wp-json\/wp\/v2\/product_brand?post=18012"},{"taxonomy":"product_cat","embeddable":true,"href":"https:\/\/balisoultrips.com\/es\/wp-json\/wp\/v2\/product_cat?post=18012"},{"taxonomy":"product_tag","embeddable":true,"href":"https:\/\/balisoultrips.com\/es\/wp-json\/wp\/v2\/product_tag?post=18012"}],"curies":[{"name":"wp","href":"https:\/\/api.w.org\/{rel}","templated":true}]}}