{"id":17996,"date":"2025-10-21T13:28:24","date_gmt":"2025-10-21T05:28:24","guid":{"rendered":"https:\/\/balisoultrips.com\/product\/snorkeling-with-whale-sharks-on-sumbawa-island\/"},"modified":"2025-12-09T19:59:55","modified_gmt":"2025-12-09T11:59:55","slug":"snorkeling-with-whale-sharks-on-sumbawa-island","status":"publish","type":"product","link":"https:\/\/balisoultrips.com\/es\/producto\/snorkeling-with-whale-sharks-on-sumbawa-island\/","title":{"rendered":"Sn\u00f3rquel con tiburones ballena en la isla de Sumbawa"},"content":{"rendered":"<h6 class=\"p1\"><strong>Idiomas<\/strong>: ingl\u00e9s, indonesio<\/h6>\n<h2>Descripci\u00f3n general<\/h2>\n<p class=\"p1\">Sumbawa es una isla poco conocida situada cerca de Lombok, a aproximadamente una hora y media de vuelo desde Bali. Atrae principalmente a los aficionados al surf gracias a sus excelentes olas y a la ausencia de las multitudes t\u00edpicas de Bali. Sin embargo, esta isla tambi\u00e9n ofrece paisajes naturales impresionantes y una oportunidad muy poco com\u00fan: nadar junto a tiburones ballena, lo que convierte su estancia aqu\u00ed en una experiencia a la vez emocionante e inolvidable.  <\/p>\n<p class=\"p1\">Los tiburones ballena son criaturas majestuosas que se encuentran al borde de la extinci\u00f3n. Pueden vivir hasta 100\u2013150 a\u00f1os y se alimentan de plancton, peces peque\u00f1os y crust\u00e1ceos. Estos gigantes amables son completamente inofensivos para el ser humano. Imagine nadar justo al lado de estos enormes peces: no necesita buceo con botella, solo hacer snorkel en la superficie del agua.   <\/p>\n<h3 class=\"p1\">Temporada:<\/h3>\n<ul>\n<li class=\"p1\"><strong>Abril \u2013 diciembre<\/strong>: la mejor \u00e9poca para visitar;<\/li>\n<li class=\"p1\"><strong>Enero \u2013 marzo<\/strong>: es posible visitar, pero con pocas probabilidades de ver tiburones ballena.<\/li>\n<\/ul>\n<h3 class=\"p1\">Ofrecemos varias opciones de hotel:<\/h3>\n<ul>\n<li><strong>Hotel Villa Beach transit &amp; Resto<\/strong> <span style=\"font-size: 16px;\">(<\/span><a style=\"font-size: 16px;\" href=\"https:\/\/maps.app.goo.gl\/opcsfv9ghFfcXsbP8\" target=\"_blank\" rel=\"noopener\">Google Maps<\/a><span style=\"font-size: 16px;\">)<\/span><\/li>\n<li><strong>Hotel Grand Samota<\/strong> <span style=\"font-size: 16px;\">(<\/span><a style=\"font-size: 16px;\" href=\"https:\/\/maps.app.goo.gl\/jkujgj4264qngPUeA\" target=\"_blank\" rel=\"noopener\">Google Maps<\/a><span style=\"font-size: 16px;\">)<\/span><\/li>\n<li class=\"DUwDvf lfPIob\"><strong>Kaloka Airport Hotel<\/strong> (<a href=\"https:\/\/maps.app.goo.gl\/RhUhNrgkGGsX1qnJ6\" target=\"_blank\" rel=\"noopener\">Google Maps<\/a>)<\/li>\n<\/ul>\n<h3>Informaci\u00f3n importante<\/h3>\n<ul>\n<li>La reserva se realiza con pago total por adelantado.<\/li>\n<li class=\"p1\">Para ni\u00f1os mayores de 6 a\u00f1os<\/li>\n<li class=\"p1\">Apto para cualquier nivel de condici\u00f3n f\u00edsica<\/li>\n<li class=\"p1\">Si es necesario, recomendamos tomar pastillas contra el mareo<\/li>\n<li class=\"p1\">No recomendamos planear viajes a otras islas si su salida de Bali es en menos de dos d\u00edas.<\/li>\n<li class=\"p1\">BaliSoulTrips.com no se hace responsable de la presencia de tiburones ballena durante la actividad de snorkel; recuerde que se trata de un entorno salvaje y que su aparici\u00f3n es totalmente impredecible. Para aumentar sus posibilidades de verlos, le recomendamos planificar la visita de acuerdo con la temporada. <\/li>\n<li class=\"p1\">En caso de fuerte oleaje en la zona de snorkel, la empresa se reserva el derecho de cambiar el lugar de la actividad para garantizar su seguridad.<\/li>\n<li>Actuamos como servicio de reserva e intermediario entre el cliente y el proveedor que presta los servicios en Indonesia.<\/li>\n<li>En casos puntuales de sobreventa u otras circunstancias imprevistas, el proveedor se reserva el derecho de sustituir el hotel reservado por otro de la misma categor\u00eda y precio.<\/li>\n<li>Garantizamos precios y condiciones p\u00fablicos y transparentes, sin cargos ocultos.<\/li>\n<li>Seleccionamos cuidadosamente a los mejores proveedores y trabajamos de forma continua en la mejora de nuestro servicio.<\/li>\n<\/ul>\n","protected":false},"excerpt":{"rendered":"<p>Idiomas: ingl\u00e9s, indonesio Descripci\u00f3n general Sumbawa es una isla poco conocida situada cerca de Lombok, a aproximadamente una hora y media de vuelo desde Bali. Atrae principalmente a los aficionados al surf gracias a sus excelentes olas y a la ausencia de las multitudes t\u00edpicas de Bali. Sin embargo, esta isla tambi\u00e9n ofrece paisajes naturales [&hellip;]<\/p>\n","protected":false},"featured_media":17988,"comment_status":"open","ping_status":"closed","template":"","meta":{"_acf_changed":false},"product_brand":[],"product_cat":[526,534,557],"product_tag":[],"class_list":{"0":"post-17996","1":"product","2":"type-product","3":"status-publish","4":"has-post-thumbnail","6":"brw_tour_types-tour-privado","7":"brw_parent_child-parent","8":"product_cat-islas","9":"product_cat-naturaleza","10":"product_cat-snorkel","12":"first","13":"instock","14":"shipping-taxable","15":"purchasable","16":"product-type-ovabrw_car_rental"},"acf":[],"_links":{"self":[{"href":"https:\/\/balisoultrips.com\/es\/wp-json\/wp\/v2\/product\/17996","targetHints":{"allow":["GET"]}}],"collection":[{"href":"https:\/\/balisoultrips.com\/es\/wp-json\/wp\/v2\/product"}],"about":[{"href":"https:\/\/balisoultrips.com\/es\/wp-json\/wp\/v2\/types\/product"}],"replies":[{"embeddable":true,"href":"https:\/\/balisoultrips.com\/es\/wp-json\/wp\/v2\/comments?post=17996"}],"wp:featuredmedia":[{"embeddable":true,"href":"https:\/\/balisoultrips.com\/es\/wp-json\/wp\/v2\/media\/17988"}],"wp:attachment":[{"href":"https:\/\/balisoultrips.com\/es\/wp-json\/wp\/v2\/media?parent=17996"}],"wp:term":[{"taxonomy":"product_brand","embeddable":true,"href":"https:\/\/balisoultrips.com\/es\/wp-json\/wp\/v2\/product_brand?post=17996"},{"taxonomy":"product_cat","embeddable":true,"href":"https:\/\/balisoultrips.com\/es\/wp-json\/wp\/v2\/product_cat?post=17996"},{"taxonomy":"product_tag","embeddable":true,"href":"https:\/\/balisoultrips.com\/es\/wp-json\/wp\/v2\/product_tag?post=17996"}],"curies":[{"name":"wp","href":"https:\/\/api.w.org\/{rel}","templated":true}]}}