{"id":17742,"date":"2025-10-24T16:00:31","date_gmt":"2025-10-24T08:00:31","guid":{"rendered":"https:\/\/balisoultrips.com\/product\/helicopter-tours\/"},"modified":"2025-12-06T16:27:20","modified_gmt":"2025-12-06T08:27:20","slug":"helicopter-tours","status":"publish","type":"product","link":"https:\/\/balisoultrips.com\/es\/producto\/helicopter-tours\/","title":{"rendered":"Tours en helic\u00f3ptero"},"content":{"rendered":"<p class=\"p1\">Esta experiencia no es solo una excursi\u00f3n; tambi\u00e9n puede convertirse en un regalo maravilloso y \u00fanico para tus seres queridos. Ofrecemos vuelos privados en helic\u00f3ptero, perfectos para parejas, familias o grupos peque\u00f1os.<\/p>\n","protected":false},"excerpt":{"rendered":"<p class=\"p1\">[products ids=\"11702,11707\" orderby=\"post__in\" columns=\"3\"]<\/p>\n","protected":false},"featured_media":17741,"comment_status":"open","ping_status":"closed","template":"","meta":{"_acf_changed":false},"product_brand":[],"product_cat":[144,518],"product_tag":[],"class_list":{"0":"post-17742","1":"product","2":"type-product","3":"status-publish","4":"has-post-thumbnail","6":"brw_tour_types-tour-privado","7":"brw_parent_child-parent","8":"product_cat-adventures","9":"product_cat-familiar","11":"first","12":"instock","13":"shipping-taxable","14":"purchasable","15":"product-type-ovabrw_car_rental"},"acf":[],"_links":{"self":[{"href":"https:\/\/balisoultrips.com\/es\/wp-json\/wp\/v2\/product\/17742","targetHints":{"allow":["GET"]}}],"collection":[{"href":"https:\/\/balisoultrips.com\/es\/wp-json\/wp\/v2\/product"}],"about":[{"href":"https:\/\/balisoultrips.com\/es\/wp-json\/wp\/v2\/types\/product"}],"replies":[{"embeddable":true,"href":"https:\/\/balisoultrips.com\/es\/wp-json\/wp\/v2\/comments?post=17742"}],"wp:featuredmedia":[{"embeddable":true,"href":"https:\/\/balisoultrips.com\/es\/wp-json\/wp\/v2\/media\/17741"}],"wp:attachment":[{"href":"https:\/\/balisoultrips.com\/es\/wp-json\/wp\/v2\/media?parent=17742"}],"wp:term":[{"taxonomy":"product_brand","embeddable":true,"href":"https:\/\/balisoultrips.com\/es\/wp-json\/wp\/v2\/product_brand?post=17742"},{"taxonomy":"product_cat","embeddable":true,"href":"https:\/\/balisoultrips.com\/es\/wp-json\/wp\/v2\/product_cat?post=17742"},{"taxonomy":"product_tag","embeddable":true,"href":"https:\/\/balisoultrips.com\/es\/wp-json\/wp\/v2\/product_tag?post=17742"}],"curies":[{"name":"wp","href":"https:\/\/api.w.org\/{rel}","templated":true}]}}