{"id":17726,"date":"2025-10-25T13:53:21","date_gmt":"2025-10-25T05:53:21","guid":{"rendered":"https:\/\/balisoultrips.com\/product\/tour-to-sumba-island\/"},"modified":"2025-12-06T16:04:29","modified_gmt":"2025-12-06T08:04:29","slug":"tour-to-sumba-island","status":"publish","type":"product","link":"https:\/\/balisoultrips.com\/es\/producto\/tour-to-sumba-island\/","title":{"rendered":"Tour a la isla de Sumba"},"content":{"rendered":"<h6 class=\"p1\"><strong>Idiomas<\/strong>: ingl\u00e9s, indonesio<\/h6>\n<h2>Descripci\u00f3n general<\/h2>\n<p class=\"p1\">Prep\u00e1rate para vivir cuatro d\u00edas inolvidables en la remota y pintoresca isla de Sumba, una tierra de naturaleza \u00fanica y cultura aut\u00e9ntica. Durante este viaje descubrir\u00e1s las tradiciones de las comunidades locales, visitar\u00e1s pueblos antiguos y megalitos finamente tallados, probar\u00e1s la gastronom\u00eda t\u00edpica y contemplar\u00e1s paisajes que no encontrar\u00e1s en ning\u00fan otro lugar: playas salvajes de aguas turquesa, imponentes acantilados costeros y extensas sabanas. A lo largo del recorrido vivir\u00e1s aut\u00e9nticas aventuras: desde paseos por costas apartadas hasta encuentros con artesanos conocidos por sus textiles y oficios tradicionales.<\/p>\n<p class=\"p1\">Este itinerario es la opci\u00f3n perfecta para viajeros que valoran la autenticidad, la cultura y la belleza de la naturaleza virgen, lejos de las rutas tur\u00edsticas habituales.<\/p>\n<h3 class=\"p1\">Ofrecemos alojamiento en los siguientes hoteles:<\/h3>\n<ul>\n<li class=\"DUwDvf lfPIob\"><strong>Ella Hotel<\/strong> <span style=\"font-size: 16px;\">(<\/span><a style=\"font-size: 16px;\" href=\"https:\/\/maps.app.goo.gl\/Jsntp7Yetke32toFA\" target=\"_blank\" rel=\"noopener\">Google Maps<\/a><span style=\"font-size: 16px;\">)<\/span><\/li>\n<li class=\"DUwDvf lfPIob\"><strong>Padadita Beach Hotel<\/strong> <span style=\"font-size: 16px;\">(<\/span><a style=\"font-size: 16px;\" href=\"https:\/\/maps.app.goo.gl\/W6xPxJYBhEYYohvq5\" target=\"_blank\" rel=\"noopener\">Google Maps<\/a><span style=\"font-size: 16px;\">)<\/span><\/li>\n<\/ul>\n<h3>Informaci\u00f3n importante<\/h3>\n<ul>\n<li>La reserva se realiza con pago total por adelantado.<\/li>\n<li class=\"p1\">El tour en grupo est\u00e1 disponible de jueves a domingo.<\/li>\n<li class=\"p1\">La duraci\u00f3n de las excursiones puede variar en funci\u00f3n de las condiciones meteorol\u00f3gicas.<\/li>\n<li class=\"p1\">La cascada de Lapopu puede ser sustituida por la cascada de Waimarang seg\u00fan la accesibilidad estacional.<\/li>\n<li>Actuamos como servicio de reserva e intermediario entre el cliente y el proveedor que presta los servicios en Indonesia.<\/li>\n<li>En casos puntuales de sobreventa u otras circunstancias imprevistas, el proveedor se reserva el derecho de sustituir el hotel reservado por otro de la misma categor\u00eda y precio.<\/li>\n<li>Garantizamos precios y condiciones p\u00fablicos y transparentes, sin cargos ocultos.<\/li>\n<li>Seleccionamos cuidadosamente a los mejores proveedores y trabajamos de forma continua en la mejora de nuestro servicio.<\/li>\n<\/ul>\n","protected":false},"excerpt":{"rendered":"<p>Idiomas: ingl\u00e9s, indonesio Descripci\u00f3n general Prep\u00e1rate para vivir cuatro d\u00edas inolvidables en la remota y pintoresca isla de Sumba, una tierra de naturaleza \u00fanica y cultura aut\u00e9ntica. Durante este viaje descubrir\u00e1s las tradiciones de las comunidades locales, visitar\u00e1s pueblos antiguos y megalitos finamente tallados, probar\u00e1s la gastronom\u00eda t\u00edpica y contemplar\u00e1s paisajes que no encontrar\u00e1s en [&hellip;]<\/p>\n","protected":false},"featured_media":17719,"comment_status":"open","ping_status":"closed","template":"","meta":{"_acf_changed":false},"product_brand":[],"product_cat":[526,534],"product_tag":[],"class_list":{"0":"post-17726","1":"product","2":"type-product","3":"status-publish","4":"has-post-thumbnail","6":"brw_tour_types-viaje-en-grupo","7":"brw_parent_child-parent","8":"product_cat-islas","9":"product_cat-naturaleza","11":"first","12":"instock","13":"shipping-taxable","14":"purchasable","15":"product-type-ovabrw_car_rental"},"acf":[],"_links":{"self":[{"href":"https:\/\/balisoultrips.com\/es\/wp-json\/wp\/v2\/product\/17726","targetHints":{"allow":["GET"]}}],"collection":[{"href":"https:\/\/balisoultrips.com\/es\/wp-json\/wp\/v2\/product"}],"about":[{"href":"https:\/\/balisoultrips.com\/es\/wp-json\/wp\/v2\/types\/product"}],"replies":[{"embeddable":true,"href":"https:\/\/balisoultrips.com\/es\/wp-json\/wp\/v2\/comments?post=17726"}],"wp:featuredmedia":[{"embeddable":true,"href":"https:\/\/balisoultrips.com\/es\/wp-json\/wp\/v2\/media\/17719"}],"wp:attachment":[{"href":"https:\/\/balisoultrips.com\/es\/wp-json\/wp\/v2\/media?parent=17726"}],"wp:term":[{"taxonomy":"product_brand","embeddable":true,"href":"https:\/\/balisoultrips.com\/es\/wp-json\/wp\/v2\/product_brand?post=17726"},{"taxonomy":"product_cat","embeddable":true,"href":"https:\/\/balisoultrips.com\/es\/wp-json\/wp\/v2\/product_cat?post=17726"},{"taxonomy":"product_tag","embeddable":true,"href":"https:\/\/balisoultrips.com\/es\/wp-json\/wp\/v2\/product_tag?post=17726"}],"curies":[{"name":"wp","href":"https:\/\/api.w.org\/{rel}","templated":true}]}}