{"id":17640,"date":"2025-10-25T17:47:22","date_gmt":"2025-10-25T09:47:22","guid":{"rendered":"https:\/\/balisoultrips.com\/product\/nusa-penida-tours-discover-the-island-paradise\/"},"modified":"2025-12-06T13:46:58","modified_gmt":"2025-12-06T05:46:58","slug":"nusa-penida-tours-discover-the-island-paradise","status":"publish","type":"product","link":"https:\/\/balisoultrips.com\/es\/producto\/nusa-penida-tours-discover-the-island-paradise\/","title":{"rendered":"Tours a Nusa Penida \u2013 descubre este para\u00edso isle\u00f1o"},"content":{"rendered":"<p class=\"p1\">Visita la isla de Nusa Penida y disfruta de sus incre\u00edbles playas, sus imponentes acantilados y sus aguas cristalinas. Es el destino perfecto tanto para escapadas de un d\u00eda como para aventuras de varios d\u00edas.<\/p>\n","protected":false},"excerpt":{"rendered":"<p class=\"p1\">[products ids=\"11747,11754,11767\" orderby=\"post__in\" columns=\"3\"]<\/p>\n","protected":false},"featured_media":17415,"comment_status":"open","ping_status":"closed","template":"","meta":{"_acf_changed":false},"product_brand":[],"product_cat":[526,557],"product_tag":[],"class_list":{"0":"post-17640","1":"product","2":"type-product","3":"status-publish","4":"has-post-thumbnail","6":"brw_tour_types-tour-privado","7":"brw_parent_child-parent","8":"product_cat-islas","9":"product_cat-snorkel","11":"first","12":"instock","13":"shipping-taxable","14":"purchasable","15":"product-type-ovabrw_car_rental"},"acf":[],"_links":{"self":[{"href":"https:\/\/balisoultrips.com\/es\/wp-json\/wp\/v2\/product\/17640","targetHints":{"allow":["GET"]}}],"collection":[{"href":"https:\/\/balisoultrips.com\/es\/wp-json\/wp\/v2\/product"}],"about":[{"href":"https:\/\/balisoultrips.com\/es\/wp-json\/wp\/v2\/types\/product"}],"replies":[{"embeddable":true,"href":"https:\/\/balisoultrips.com\/es\/wp-json\/wp\/v2\/comments?post=17640"}],"wp:featuredmedia":[{"embeddable":true,"href":"https:\/\/balisoultrips.com\/es\/wp-json\/wp\/v2\/media\/17415"}],"wp:attachment":[{"href":"https:\/\/balisoultrips.com\/es\/wp-json\/wp\/v2\/media?parent=17640"}],"wp:term":[{"taxonomy":"product_brand","embeddable":true,"href":"https:\/\/balisoultrips.com\/es\/wp-json\/wp\/v2\/product_brand?post=17640"},{"taxonomy":"product_cat","embeddable":true,"href":"https:\/\/balisoultrips.com\/es\/wp-json\/wp\/v2\/product_cat?post=17640"},{"taxonomy":"product_tag","embeddable":true,"href":"https:\/\/balisoultrips.com\/es\/wp-json\/wp\/v2\/product_tag?post=17640"}],"curies":[{"name":"wp","href":"https:\/\/api.w.org\/{rel}","templated":true}]}}