{"id":17602,"date":"2025-10-26T14:56:31","date_gmt":"2025-10-26T06:56:31","guid":{"rendered":"https:\/\/balisoultrips.com\/product\/package-tours-to-bali\/"},"modified":"2025-12-06T13:17:55","modified_gmt":"2025-12-06T05:17:55","slug":"package-tours-to-bali","status":"publish","type":"product","link":"https:\/\/balisoultrips.com\/es\/producto\/package-tours-to-bali\/","title":{"rendered":"Paquetes tur\u00edsticos a Bali"},"content":{"rendered":"<p class=\"p1\">Reg\u00e1late el viaje de tus sue\u00f1os: nuestros paquetes a Bali combinan los mejores rincones de la isla, traslados c\u00f3modos y experiencias aut\u00e9nticas. Elige tu tour y l\u00e1nzate a la aventura \u2014 nosotros nos encargamos de cada detalle.<\/p>\n","protected":false},"excerpt":{"rendered":"<p class=\"p1\">[products ids=\"11802\" orderby=\"post__in\" columns=\"3\"]<\/p>\n","protected":false},"featured_media":17600,"comment_status":"open","ping_status":"closed","template":"","meta":{"_acf_changed":false},"product_brand":[],"product_cat":[541],"product_tag":[],"class_list":{"0":"post-17602","1":"product","2":"type-product","3":"status-publish","4":"has-post-thumbnail","6":"brw_tour_types-tour-privado","7":"brw_parent_child-parent","8":"product_cat-paquetes-turisticos","10":"first","11":"instock","12":"shipping-taxable","13":"purchasable","14":"product-type-ovabrw_car_rental"},"acf":[],"_links":{"self":[{"href":"https:\/\/balisoultrips.com\/es\/wp-json\/wp\/v2\/product\/17602","targetHints":{"allow":["GET"]}}],"collection":[{"href":"https:\/\/balisoultrips.com\/es\/wp-json\/wp\/v2\/product"}],"about":[{"href":"https:\/\/balisoultrips.com\/es\/wp-json\/wp\/v2\/types\/product"}],"replies":[{"embeddable":true,"href":"https:\/\/balisoultrips.com\/es\/wp-json\/wp\/v2\/comments?post=17602"}],"wp:featuredmedia":[{"embeddable":true,"href":"https:\/\/balisoultrips.com\/es\/wp-json\/wp\/v2\/media\/17600"}],"wp:attachment":[{"href":"https:\/\/balisoultrips.com\/es\/wp-json\/wp\/v2\/media?parent=17602"}],"wp:term":[{"taxonomy":"product_brand","embeddable":true,"href":"https:\/\/balisoultrips.com\/es\/wp-json\/wp\/v2\/product_brand?post=17602"},{"taxonomy":"product_cat","embeddable":true,"href":"https:\/\/balisoultrips.com\/es\/wp-json\/wp\/v2\/product_cat?post=17602"},{"taxonomy":"product_tag","embeddable":true,"href":"https:\/\/balisoultrips.com\/es\/wp-json\/wp\/v2\/product_tag?post=17602"}],"curies":[{"name":"wp","href":"https:\/\/api.w.org\/{rel}","templated":true}]}}