{"id":16956,"date":"2025-08-17T12:33:48","date_gmt":"2025-08-17T04:33:48","guid":{"rendered":"https:\/\/balisoultrips.com\/product\/motocross-and-enduro-volcano-forest\/"},"modified":"2025-11-28T16:37:47","modified_gmt":"2025-11-28T08:37:47","slug":"motocross-and-enduro-volcano-forest","status":"publish","type":"product","link":"https:\/\/balisoultrips.com\/es\/producto\/motocross-and-enduro-volcano-forest\/","title":{"rendered":"Motocross &amp; Enduro: lava volc\u00e1nica y bosque de Kintamani"},"content":{"rendered":"<h6 class=\"p1\"><strong>Idiomas<\/strong>: ingl\u00e9s, indonesio<\/h6>\n<h2>Descripci\u00f3n general<\/h2>\n<p class=\"p1\">\u00a1Conquista el monte Batur en enduro! Te esperan arrozales, bosques salvajes y cascadas: \u00a1la adrenalina est\u00e1 garantizada!<\/p>\n<p class=\"p1\">La ruta pasa sobre la lava solidificada de un volc\u00e1n activo. Durante la temporada de lluvias, el terreno est\u00e1 limpio, sin polvo y con un agarre excelente. La lluvia hace que algunos tramos sean resbaladizos, lo que supone un gran reto para pilotos con experiencia. A una altitud de 1 000\u20132 500 metros, la temperatura se mantiene agradable, por lo que el calor no ser\u00e1 un problema.<\/p>\n<p class=\"p1\">Siente la emoci\u00f3n al saltar sobre las dunas y ll\u00e9vate de vuelta recuerdos imposibles de olvidar.<\/p>\n<h3>Opciones:<\/h3>\n<ul>\n<li class=\"p1\">4 horas \u2014 \u00abBlack lava\u00bb<\/li>\n<li>7 horas \u2014 \u00abBlack lava and Kintamani forest\u00bb<\/li>\n<\/ul>\n<h3>Informaci\u00f3n importante<\/h3>\n<ul>\n<li class=\"p1\">Se requiere un dep\u00f3sito del 25 % al realizar la reserva; el importe restante se paga en efectivo en el lugar.<\/li>\n<li class=\"p1\">Si lo prefieres, puedes pagar el importe total por adelantado utilizando cualquiera de los m\u00e9todos de pago en l\u00ednea disponibles.<\/li>\n<li class=\"p1\">Apto para personas con una condici\u00f3n f\u00edsica media.<\/li>\n<li class=\"p1\">La ruta dura aproximadamente 4 o 7 horas, seg\u00fan el programa elegido (incluyendo paradas y almuerzo durante el recorrido).<\/li>\n<li class=\"p1\">Actuamos como servicio de reserva e intermediario entre el cliente y el proveedor que presta los servicios en Indonesia.<\/li>\n<li>Garantizamos precios y condiciones p\u00fablicos y transparentes, sin cargos ocultos.<\/li>\n<li>Seleccionamos cuidadosamente a los mejores proveedores y trabajamos de forma continua en la mejora de nuestro servicio.<\/li>\n<\/ul>\n","protected":false},"excerpt":{"rendered":"<p>Idiomas: ingl\u00e9s, indonesio Descripci\u00f3n general \u00a1Conquista el monte Batur en enduro! Te esperan arrozales, bosques salvajes y cascadas: \u00a1la adrenalina est\u00e1 garantizada! La ruta pasa sobre la lava solidificada de un volc\u00e1n activo. Durante la temporada de lluvias, el terreno est\u00e1 limpio, sin polvo y con un agarre excelente. La lluvia hace que algunos tramos [&hellip;]<\/p>\n","protected":false},"featured_media":14216,"comment_status":"open","ping_status":"closed","template":"","meta":{"_acf_changed":false},"product_brand":[],"product_cat":[144,494,510],"product_tag":[],"class_list":{"0":"post-16956","1":"product","2":"type-product","3":"status-publish","4":"has-post-thumbnail","6":"brw_tour_types-grupo-privado","7":"brw_parent_child-child","8":"product_cat-adventures","9":"product_cat-balisoultrips-choice","10":"product_cat-extremo","12":"first","13":"instock","14":"shipping-taxable","15":"purchasable","16":"product-type-ovabrw_car_rental"},"acf":[],"_links":{"self":[{"href":"https:\/\/balisoultrips.com\/es\/wp-json\/wp\/v2\/product\/16956","targetHints":{"allow":["GET"]}}],"collection":[{"href":"https:\/\/balisoultrips.com\/es\/wp-json\/wp\/v2\/product"}],"about":[{"href":"https:\/\/balisoultrips.com\/es\/wp-json\/wp\/v2\/types\/product"}],"replies":[{"embeddable":true,"href":"https:\/\/balisoultrips.com\/es\/wp-json\/wp\/v2\/comments?post=16956"}],"wp:featuredmedia":[{"embeddable":true,"href":"https:\/\/balisoultrips.com\/es\/wp-json\/wp\/v2\/media\/14216"}],"wp:attachment":[{"href":"https:\/\/balisoultrips.com\/es\/wp-json\/wp\/v2\/media?parent=16956"}],"wp:term":[{"taxonomy":"product_brand","embeddable":true,"href":"https:\/\/balisoultrips.com\/es\/wp-json\/wp\/v2\/product_brand?post=16956"},{"taxonomy":"product_cat","embeddable":true,"href":"https:\/\/balisoultrips.com\/es\/wp-json\/wp\/v2\/product_cat?post=16956"},{"taxonomy":"product_tag","embeddable":true,"href":"https:\/\/balisoultrips.com\/es\/wp-json\/wp\/v2\/product_tag?post=16956"}],"curies":[{"name":"wp","href":"https:\/\/api.w.org\/{rel}","templated":true}]}}