{"id":13794,"date":"2022-06-23T07:12:45","date_gmt":"2022-06-22T23:12:45","guid":{"rendered":"https:\/\/balisoultrips.com\/politica-de-privacidad\/"},"modified":"2025-11-30T14:21:07","modified_gmt":"2025-11-30T06:21:07","slug":"privacy-policy","status":"publish","type":"page","link":"https:\/\/balisoultrips.com\/es\/privacy-policy\/","title":{"rendered":"Pol\u00edtica de privacidad"},"content":{"rendered":"\n<p>1. Disposiciones generales Esta Pol\u00edtica de tratamiento de datos personales se redacta de conformidad con los requisitos de la Ley Federal N.\u00ba 152-FZ del 27.07.2006 \u201cSobre los datos personales\u201d y define el procedimiento para el tratamiento de los datos personales, as\u00ed como las medidas adoptadas por balisoultrips.com (en adelante, el \u201cOperador\u201d) para garantizar su seguridad.<\/p>\n\n<p>1.1. El Operador establece como su objetivo principal y condici\u00f3n fundamental para el desarrollo de sus actividades el respeto de los derechos y libertades de las personas y los ciudadanos en el tratamiento de sus datos personales, incluida la protecci\u00f3n del derecho a la privacidad y al secreto personal y familiar.<\/p>\n\n<p>1.2. La presente Pol\u00edtica del Operador relativa al tratamiento de los datos personales (en adelante, la \u201cPol\u00edtica\u201d) se aplica a toda la informaci\u00f3n que el Operador pueda recibir sobre los visitantes del sitio web balisoultrips.com.<\/p>\n\n<p>2. Conceptos b\u00e1sicos utilizados en la Pol\u00edtica<br\/>2.1. Tratamiento automatizado de los datos personales \u2013 tratamiento de los datos personales mediante el uso de tecnolog\u00eda inform\u00e1tica; <\/p>\n\n<p>2.2. Bloqueo de los datos personales \u2013 interrupci\u00f3n temporal del tratamiento de los datos personales (salvo en los casos en que el tratamiento sea necesario para aclarar los datos personales);<\/p>\n\n<p>2.3. Sitio web \u2013 conjunto de materiales gr\u00e1ficos e informativos, as\u00ed como programas inform\u00e1ticos y bases de datos que garantizan su disponibilidad en Internet en la direcci\u00f3n de red https:\/\/balisoultrips.com\/;<\/p>\n\n<p>2.4. Sistema de informaci\u00f3n de datos personales \u2013 conjunto de datos personales contenidos en bases de datos, as\u00ed como tecnolog\u00edas de informaci\u00f3n y medios t\u00e9cnicos que garantizan su tratamiento;<\/p>\n\n<p>2.5. Despersonalizaci\u00f3n de los datos personales \u2013 acciones que hacen imposible determinar, sin el uso de informaci\u00f3n adicional, la identidad de los datos personales con un Usuario espec\u00edfico u otro sujeto de datos personales;<\/p>\n\n<p>2.6. Tratamiento de los datos personales \u2013 cualquier acci\u00f3n (operaci\u00f3n) o conjunto de acciones (operaciones) realizadas con o sin el uso de herramientas automatizadas sobre datos personales, incluyendo la recopilaci\u00f3n, registro, sistematizaci\u00f3n, acumulaci\u00f3n, almacenamiento, actualizaci\u00f3n (modificaci\u00f3n), extracci\u00f3n, uso, transferencia (distribuci\u00f3n, provisi\u00f3n, acceso), despersonalizaci\u00f3n, bloqueo, eliminaci\u00f3n o destrucci\u00f3n de los datos personales;<\/p>\n\n<p>2.7. Operador \u2013 organismo estatal, entidad municipal, persona jur\u00eddica o individuo que, de forma independiente o junto con otras personas, organiza y\/o realiza el tratamiento de los datos personales, as\u00ed como determina los fines del tratamiento, la composici\u00f3n de los datos personales a tratar y las acciones (operaciones) realizadas con dichos datos.<\/p>\n\n<p>2.8. Datos personales \u2013 toda informaci\u00f3n relacionada directa o indirectamente con un Usuario espec\u00edfico o identificable del sitio web balisoultrips.com;<\/p>\n\n<p>2.9. Usuario \u2013 cualquier visitante del sitio web balisoultrips.com;<\/p>\n\n<p>2.10. Provisi\u00f3n de los datos personales \u2013 acciones destinadas a divulgar datos personales a una persona o grupo determinado;<\/p>\n\n<p>2.11. Difusi\u00f3n de los datos personales \u2013 cualquier acci\u00f3n destinada a divulgar datos personales a un n\u00famero indefinido de personas (transferencia de datos personales) o permitir el acceso a dichos datos a un n\u00famero ilimitado de personas, incluyendo su publicaci\u00f3n en medios de comunicaci\u00f3n, su colocaci\u00f3n en redes de informaci\u00f3n y telecomunicaciones o cualquier otro medio de acceso.<\/p>\n\n<p>2.12. Transferencia transfronteriza de los datos personales \u2013 transferencia de datos personales al territorio de un Estado extranjero, a una autoridad extranjera, individuo o entidad jur\u00eddica extranjera;<\/p>\n\n<p>2.13. Destrucci\u00f3n de los datos personales \u2013 cualquier acci\u00f3n que provoque la eliminaci\u00f3n permanente de los datos personales, imposibilitando su posterior recuperaci\u00f3n en el sistema de informaci\u00f3n o destruyendo los soportes materiales que los contienen.<\/p>\n\n<p>3. El Operador puede tratar los siguientes datos personales del Usuario<br\/>3.1. Apellido, nombre y patron\u00edmico; <\/p>\n\n<p>3.2. Direcci\u00f3n de correo electr\u00f3nico;<\/p>\n\n<p>3.3. N\u00fameros de tel\u00e9fono;<\/p>\n\n<p>3.4. A\u00f1o, mes, fecha y lugar de nacimiento;<\/p>\n\n<p>3.5. Fotograf\u00edas;<\/p>\n\n<p>3.6. Adem\u00e1s, en el sitio se realiza la recopilaci\u00f3n y el tratamiento de datos an\u00f3nimos de los visitantes (incluidas las cookies) mediante servicios de estad\u00edsticas en Internet (Yandex Metrica, Google Analytics y otros).<\/p>\n\n<p>3.7. Los datos mencionados anteriormente se agrupan bajo el concepto general de \u201cDatos Personales\u201d en el texto de la presente Pol\u00edtica.<\/p>\n\n<p>4. Finalidades del tratamiento de los datos personales<br\/>4.1. La finalidad del tratamiento de los datos personales del Usuario es informarle mediante el env\u00edo de correos electr\u00f3nicos, la celebraci\u00f3n, ejecuci\u00f3n y terminaci\u00f3n de contratos civiles, as\u00ed como proporcionarle acceso a los servicios, informaci\u00f3n y\/o materiales contenidos en el sitio web. <\/p>\n\n<p>4.2. El Operador tambi\u00e9n tiene derecho a enviar notificaciones al Usuario sobre nuevos productos y servicios, ofertas especiales y diversos eventos. El Usuario puede rechazar en cualquier momento la recepci\u00f3n de mensajes informativos enviando un correo electr\u00f3nico al Operador a la direcci\u00f3n balisoultrips@gmail.com con la indicaci\u00f3n \u201cRechazo de notificaciones sobre nuevos productos, servicios y ofertas especiales\u201d. <\/p>\n\n<p>4.3. Los datos despersonalizados del Usuario, recopilados mediante servicios de estad\u00edsticas en Internet, se utilizan para obtener informaci\u00f3n sobre las acciones de los usuarios en el sitio y mejorar la calidad del mismo y su contenido.<\/p>\n\n<p>5. Bases legales para el tratamiento de los datos personales<br\/>5.1. El Operador trata los datos personales del Usuario \u00fanicamente si \u00e9stos han sido introducidos y\/o enviados por el propio Usuario a trav\u00e9s de los formularios especiales ubicados en el sitio web balisoultrips.com. Al rellenar los formularios correspondientes y\/o enviar sus datos personales al Operador, el Usuario acepta la presente Pol\u00edtica.  <\/p>\n\n<p>5.2. El Operador trata datos despersonalizados del Usuario si esto est\u00e1 permitido en la configuraci\u00f3n del navegador del Usuario (con el guardado de cookies y el uso de la tecnolog\u00eda JavaScript habilitados).<\/p>\n\n<p>6. El procedimiento de recopilaci\u00f3n, almacenamiento, transmisi\u00f3n y otros tipos de tratamiento de los datos personales, as\u00ed como la seguridad de los mismos, est\u00e1 garantizado por la aplicaci\u00f3n de medidas legales, organizativas y t\u00e9cnicas necesarias para cumplir plenamente con los requisitos de la legislaci\u00f3n vigente en materia de protecci\u00f3n de datos personales.<\/p>\n\n<p>6.1. El Operador garantiza la seguridad de los datos personales y adopta todas las medidas posibles para evitar el acceso de personas no autorizadas.<\/p>\n\n<p>6.2. Los datos personales del Usuario nunca ser\u00e1n transferidos a terceros bajo ninguna circunstancia, salvo en los casos previstos por la legislaci\u00f3n vigente.<\/p>\n\n<p>6.3. En caso de inexactitudes en los datos personales, el Usuario puede actualizarlos por su cuenta enviando una notificaci\u00f3n al Operador a la direcci\u00f3n de correo electr\u00f3nico balisoultrips@gmail.com con el asunto \u201cActualizaci\u00f3n de datos personales\u201d.<\/p>\n\n<p>6.4. El per\u00edodo de tratamiento de los datos personales es ilimitado. El Usuario puede retirar su consentimiento para el tratamiento de los datos personales en cualquier momento enviando una notificaci\u00f3n al Operador a la direcci\u00f3n de correo electr\u00f3nico balisoultrips@gmail.com con el asunto \u201cRetirada del consentimiento para el tratamiento de datos personales\u201d. <\/p>\n\n<p>7. Transferencia transfronteriza de datos personales<br\/>7.1. Antes de iniciar la transferencia transfronteriza de datos personales, el Operador est\u00e1 obligado a asegurarse de que el pa\u00eds extranjero al que se van a transferir los datos personales ofrezca una protecci\u00f3n fiable de los derechos de los titulares de dichos datos. <\/p>\n\n<p>7.2. La transferencia transfronteriza de datos personales a territorios de Estados extranjeros que no cumplan con los requisitos anteriores solo podr\u00e1 realizarse si existe el consentimiento escrito del titular de los datos personales para dicha transferencia y\/o la ejecuci\u00f3n de un contrato en el que el titular sea parte.<\/p>\n\n<p>8. Disposiciones finales<br\/>8.1. El Usuario puede recibir aclaraciones sobre cualquier cuesti\u00f3n relacionada con el tratamiento de sus datos personales poni\u00e9ndose en contacto con el Operador por correo electr\u00f3nico en balisoultrips@gmail.com. <\/p>\n\n<p>8.2. El presente documento reflejar\u00e1 cualquier cambio en la pol\u00edtica de tratamiento de datos personales del Operador. La Pol\u00edtica tiene validez indefinida hasta que sea reemplazada por una nueva versi\u00f3n. <\/p>\n\n<p>8.3. La versi\u00f3n actual de la Pol\u00edtica est\u00e1 disponible libremente en Internet en la direcci\u00f3n https:\/\/balisoultrips.com\/policy.<\/p>\n","protected":false},"excerpt":{"rendered":"<p>1. Disposiciones generales Esta Pol\u00edtica de tratamiento de datos personales se redacta de conformidad con los requisitos de la Ley Federal N.\u00ba 152-FZ del 27.07.2006 \u201cSobre los datos personales\u201d y define el procedimiento para el tratamiento de los datos personales, as\u00ed como las medidas adoptadas por balisoultrips.com (en adelante, el \u201cOperador\u201d) para garantizar su seguridad. [&hellip;]<\/p>\n","protected":false},"author":1,"featured_media":0,"parent":0,"menu_order":0,"comment_status":"closed","ping_status":"closed","template":"","meta":{"_acf_changed":false,"footnotes":""},"class_list":["post-13794","page","type-page","status-publish","hentry"],"acf":[],"_links":{"self":[{"href":"https:\/\/balisoultrips.com\/es\/wp-json\/wp\/v2\/pages\/13794","targetHints":{"allow":["GET"]}}],"collection":[{"href":"https:\/\/balisoultrips.com\/es\/wp-json\/wp\/v2\/pages"}],"about":[{"href":"https:\/\/balisoultrips.com\/es\/wp-json\/wp\/v2\/types\/page"}],"author":[{"embeddable":true,"href":"https:\/\/balisoultrips.com\/es\/wp-json\/wp\/v2\/users\/1"}],"replies":[{"embeddable":true,"href":"https:\/\/balisoultrips.com\/es\/wp-json\/wp\/v2\/comments?post=13794"}],"version-history":[{"count":1,"href":"https:\/\/balisoultrips.com\/es\/wp-json\/wp\/v2\/pages\/13794\/revisions"}],"predecessor-version":[{"id":13795,"href":"https:\/\/balisoultrips.com\/es\/wp-json\/wp\/v2\/pages\/13794\/revisions\/13795"}],"wp:attachment":[{"href":"https:\/\/balisoultrips.com\/es\/wp-json\/wp\/v2\/media?parent=13794"}],"curies":[{"name":"wp","href":"https:\/\/api.w.org\/{rel}","templated":true}]}}