{"id":12665,"date":"2023-06-07T01:13:43","date_gmt":"2023-06-06T17:13:43","guid":{"rendered":"https:\/\/balisoultrips.com\/certificados-de-regalo\/"},"modified":"2025-11-29T19:42:23","modified_gmt":"2025-11-29T11:42:23","slug":"gift-certificates","status":"publish","type":"page","link":"https:\/\/balisoultrips.com\/es\/gift-certificates\/","title":{"rendered":"Certificados de regalo"},"content":{"rendered":"\t\t<div data-elementor-type=\"wp-page\" data-elementor-id=\"12665\" class=\"elementor elementor-12665 elementor-7700\">\n\t\t\t\t\t\t<section class=\"elementor-section elementor-top-section elementor-element elementor-element-b899c80 elementor-section-boxed elementor-section-height-default elementor-section-height-default\" data-id=\"b899c80\" data-element_type=\"section\" data-e-type=\"section\" data-settings=\"{&quot;background_background&quot;:&quot;classic&quot;}\">\n\t\t\t\t\t\t<div class=\"elementor-container elementor-column-gap-no\">\n\t\t\t\t\t<div class=\"elementor-column elementor-col-50 elementor-top-column elementor-element elementor-element-5d7099e elementor-invisible\" data-id=\"5d7099e\" data-element_type=\"column\" data-e-type=\"column\" data-settings=\"{&quot;animation&quot;:&quot;ova-move-right&quot;,&quot;animation_tablet&quot;:&quot;none&quot;}\">\n\t\t\t<div class=\"elementor-widget-wrap elementor-element-populated\">\n\t\t\t\t\t\t<div class=\"elementor-element elementor-element-dbc8b67 elementor-widget elementor-widget-image\" data-id=\"dbc8b67\" data-element_type=\"widget\" data-e-type=\"widget\" data-widget_type=\"image.default\">\n\t\t\t\t\t\t\t\t\t\t\t\t\t\t\t<img decoding=\"async\" width=\"100\" height=\"100\" src=\"https:\/\/balisoultrips.com\/wp-content\/uploads\/2025\/08\/pngtree-handdrawn-gift-box-with-bow-perfect-for-christmasbirthday-surprise-vector-png-image_12921396-removebg-preview-100x100.png\" class=\"attachment-woocommerce_gallery_thumbnail size-woocommerce_gallery_thumbnail wp-image-12662\" alt=\"\" srcset=\"https:\/\/balisoultrips.com\/wp-content\/uploads\/2025\/08\/pngtree-handdrawn-gift-box-with-bow-perfect-for-christmasbirthday-surprise-vector-png-image_12921396-removebg-preview-100x100.png 100w, https:\/\/balisoultrips.com\/wp-content\/uploads\/2025\/08\/pngtree-handdrawn-gift-box-with-bow-perfect-for-christmasbirthday-surprise-vector-png-image_12921396-removebg-preview-300x300.png 300w, https:\/\/balisoultrips.com\/wp-content\/uploads\/2025\/08\/pngtree-handdrawn-gift-box-with-bow-perfect-for-christmasbirthday-surprise-vector-png-image_12921396-removebg-preview-150x150.png 150w, https:\/\/balisoultrips.com\/wp-content\/uploads\/2025\/08\/pngtree-handdrawn-gift-box-with-bow-perfect-for-christmasbirthday-surprise-vector-png-image_12921396-removebg-preview-306x306.png 306w, https:\/\/balisoultrips.com\/wp-content\/uploads\/2025\/08\/pngtree-handdrawn-gift-box-with-bow-perfect-for-christmasbirthday-surprise-vector-png-image_12921396-removebg-preview.png 500w\" sizes=\"(max-width: 100px) 100vw, 100px\" \/>\t\t\t\t\t\t\t\t\t\t\t\t\t\t\t<\/div>\n\t\t\t\t<div class=\"elementor-element elementor-element-7454506 elementor-widget-mobile__width-initial elementor-widget elementor-widget-tripgo_elementor_heading\" data-id=\"7454506\" data-element_type=\"widget\" data-e-type=\"widget\" data-widget_type=\"tripgo_elementor_heading.default\">\n\t\t\t\t<div class=\"elementor-widget-container\">\n\t\t\t\t\t\t\t\t<div class=\"ova-title\">\n\t\t\t\t\t\t\t\t\t<h3 class=\"sub-title\">Haz un regalo a tus seres queridos<\/h3>\n\t\t\t\t\t\t\t<\/div>\n\t\t\t\t\t\t\t<\/div>\n\t\t\t\t<\/div>\n\t\t\t\t<section class=\"elementor-section elementor-inner-section elementor-element elementor-element-47d1c7a elementor-section-full_width elementor-section-height-default elementor-section-height-default\" data-id=\"47d1c7a\" data-element_type=\"section\" data-e-type=\"section\">\n\t\t\t\t\t\t<div class=\"elementor-container elementor-column-gap-no\">\n\t\t\t\t\t<div class=\"elementor-column elementor-col-100 elementor-inner-column elementor-element elementor-element-598d65e\" data-id=\"598d65e\" data-element_type=\"column\" data-e-type=\"column\">\n\t\t\t<div class=\"elementor-widget-wrap elementor-element-populated\">\n\t\t\t\t\t\t<div class=\"elementor-element elementor-element-3086486 elementor-widget elementor-widget-text-editor\" data-id=\"3086486\" data-element_type=\"widget\" data-e-type=\"widget\" data-widget_type=\"text-editor.default\">\n\t\t\t\t\t\t\t\t\t<p class=\"p1\">\u00bfBuscas el regalo perfecto para tus seres queridos?<br>\u00a1Nuestros certificados de regalo para emocionantes excursiones y tours por la isla de Bali son la elecci\u00f3n ideal!<\/p>\t\t\t\t\t\t\t\t<\/div>\n\t\t\t\t<div class=\"elementor-element elementor-element-d5c0419 elementor-widget elementor-widget-text-editor\" data-id=\"d5c0419\" data-element_type=\"widget\" data-e-type=\"widget\" data-widget_type=\"text-editor.default\">\n\t\t\t\t\t\t\t\t\t<ul><li class=\"p1\">Ofrecemos una amplia selecci\u00f3n de tours, para que cada persona pueda encontrar la aventura perfecta a su gusto.<\/li><li class=\"p1\">Personaliza tu regalo: a\u00f1ade un mensaje personal con buenos deseos.<\/li><li class=\"p1\">El regalo perfecto para cualquier ocasi\u00f3n: ya sea un cumplea\u00f1os, un aniversario o simplemente un gesto de cari\u00f1o.<\/li><\/ul>\t\t\t\t\t\t\t\t<\/div>\n\t\t\t\t<div class=\"elementor-element elementor-element-695aa40 elementor-widget elementor-widget-text-editor\" data-id=\"695aa40\" data-element_type=\"widget\" data-e-type=\"widget\" data-widget_type=\"text-editor.default\">\n\t\t\t\t\t\t\t\t\t<p class=\"p1\">\u00a1No pierdas la oportunidad de dar un regalo verdaderamente especial que permanecer\u00e1 en la memoria de tus seres queridos durante muchos a\u00f1os! \u00c1breles el mundo de las aventuras en Bali y crea recuerdos que apreciar\u00e1n para siempre. <\/p>\t\t\t\t\t\t\t\t<\/div>\n\t\t\t\t\t<\/div>\n\t\t<\/div>\n\t\t\t\t\t<\/div>\n\t\t<\/section>\n\t\t\t\t\t<\/div>\n\t\t<\/div>\n\t\t\t\t<div class=\"elementor-column elementor-col-50 elementor-top-column elementor-element elementor-element-37af5f6\" data-id=\"37af5f6\" data-element_type=\"column\" data-e-type=\"column\">\n\t\t\t<div class=\"elementor-widget-wrap elementor-element-populated\">\n\t\t\t\t\t\t<div class=\"elementor-element elementor-element-25e1ff3 elementor-arrows-position-inside elementor-widget elementor-widget-image-carousel\" data-id=\"25e1ff3\" data-element_type=\"widget\" data-e-type=\"widget\" data-settings=\"{&quot;slides_to_show&quot;:&quot;1&quot;,&quot;navigation&quot;:&quot;arrows&quot;,&quot;autoplay&quot;:&quot;yes&quot;,&quot;pause_on_hover&quot;:&quot;yes&quot;,&quot;pause_on_interaction&quot;:&quot;yes&quot;,&quot;autoplay_speed&quot;:5000,&quot;infinite&quot;:&quot;yes&quot;,&quot;effect&quot;:&quot;slide&quot;,&quot;speed&quot;:500}\" data-widget_type=\"image-carousel.default\">\n\t\t\t\t\t\t\t<div class=\"elementor-image-carousel-wrapper swiper\" role=\"region\" aria-roledescription=\"carousel\" aria-label=\"Image Carousel\" dir=\"ltr\">\n\t\t\t<div class=\"elementor-image-carousel swiper-wrapper\" aria-live=\"off\">\n\t\t\t\t\t\t\t\t<div class=\"swiper-slide\" role=\"group\" aria-roledescription=\"slide\" aria-label=\"1 de 3\"><figure class=\"swiper-slide-inner\"><img decoding=\"async\" class=\"swiper-slide-image\" src=\"https:\/\/balisoultrips.com\/wp-content\/uploads\/2025\/11\/8-1024x726.png\" alt=\"8\" \/><\/figure><\/div><div class=\"swiper-slide\" role=\"group\" aria-roledescription=\"slide\" aria-label=\"2 de 3\"><figure class=\"swiper-slide-inner\"><img decoding=\"async\" class=\"swiper-slide-image\" src=\"https:\/\/balisoultrips.com\/wp-content\/uploads\/2025\/11\/9-1024x726.png\" alt=\"9\" \/><\/figure><\/div><div class=\"swiper-slide\" role=\"group\" aria-roledescription=\"slide\" aria-label=\"3 de 3\"><figure class=\"swiper-slide-inner\"><img decoding=\"async\" class=\"swiper-slide-image\" src=\"https:\/\/balisoultrips.com\/wp-content\/uploads\/2025\/11\/5-1024x726.png\" alt=\"5\" \/><\/figure><\/div>\t\t\t<\/div>\n\t\t\t\t\t\t\t\t\t\t\t\t<div class=\"elementor-swiper-button elementor-swiper-button-prev\" role=\"button\" tabindex=\"0\">\n\t\t\t\t\t\t<svg aria-hidden=\"true\" class=\"e-font-icon-svg e-eicon-chevron-left\" viewBox=\"0 0 1000 1000\" xmlns=\"http:\/\/www.w3.org\/2000\/svg\"><path d=\"M646 125C629 125 613 133 604 142L308 442C296 454 292 471 292 487 292 504 296 521 308 533L604 854C617 867 629 875 646 875 663 875 679 871 692 858 704 846 713 829 713 812 713 796 708 779 692 767L438 487 692 225C700 217 708 204 708 187 708 171 704 154 692 142 675 129 663 125 646 125Z\"><\/path><\/svg>\t\t\t\t\t<\/div>\n\t\t\t\t\t<div class=\"elementor-swiper-button elementor-swiper-button-next\" role=\"button\" tabindex=\"0\">\n\t\t\t\t\t\t<svg aria-hidden=\"true\" class=\"e-font-icon-svg e-eicon-chevron-right\" viewBox=\"0 0 1000 1000\" xmlns=\"http:\/\/www.w3.org\/2000\/svg\"><path d=\"M696 533C708 521 713 504 713 487 713 471 708 454 696 446L400 146C388 133 375 125 354 125 338 125 325 129 313 142 300 154 292 171 292 187 292 204 296 221 308 233L563 492 304 771C292 783 288 800 288 817 288 833 296 850 308 863 321 871 338 875 354 875 371 875 388 867 400 854L696 533Z\"><\/path><\/svg>\t\t\t\t\t<\/div>\n\t\t\t\t\n\t\t\t\t\t\t\t\t\t<\/div>\n\t\t\t\t\t\t<\/div>\n\t\t\t\t\t<\/div>\n\t\t<\/div>\n\t\t\t\t\t<\/div>\n\t\t<\/section>\n\t\t\t\t<section class=\"elementor-section elementor-top-section elementor-element elementor-element-b281d58 elementor-section-boxed elementor-section-height-default elementor-section-height-default\" data-id=\"b281d58\" data-element_type=\"section\" data-e-type=\"section\">\n\t\t\t\t\t\t<div class=\"elementor-container elementor-column-gap-default\">\n\t\t\t\t\t<div class=\"elementor-column elementor-col-100 elementor-top-column elementor-element elementor-element-a0db34f\" data-id=\"a0db34f\" data-element_type=\"column\" data-e-type=\"column\">\n\t\t\t<div class=\"elementor-widget-wrap elementor-element-populated\">\n\t\t\t\t\t\t<div class=\"elementor-element elementor-element-c009662 ova-accordion-custom elementor-widget elementor-widget-accordion\" data-id=\"c009662\" data-element_type=\"widget\" data-e-type=\"widget\" data-widget_type=\"accordion.default\">\n\t\t\t\t\t\t\t<div class=\"elementor-accordion\">\n\t\t\t\t\t\t\t<div class=\"elementor-accordion-item\">\n\t\t\t\t\t<div id=\"elementor-tab-title-2011\" class=\"elementor-tab-title\" data-tab=\"1\" role=\"button\" aria-controls=\"elementor-tab-content-2011\" aria-expanded=\"false\">\n\t\t\t\t\t\t\t\t\t\t\t\t\t<span class=\"elementor-accordion-icon elementor-accordion-icon-left\" aria-hidden=\"true\">\n\t\t\t\t\t\t\t\t\t\t\t\t\t\t\t<span class=\"elementor-accordion-icon-closed\"><i class=\"icomoon icomoon-plus\"><\/i><\/span>\n\t\t\t\t\t\t\t\t<span class=\"elementor-accordion-icon-opened\"><i class=\"icomoon icomoon-minus\"><\/i><\/span>\n\t\t\t\t\t\t\t\t\t\t\t\t\t\t<\/span>\n\t\t\t\t\t\t\t\t\t\t\t\t<a class=\"elementor-accordion-title\" tabindex=\"0\">T\u00e9rminos de uso \u2013 Certificados de regalo<\/a>\n\t\t\t\t\t<\/div>\n\t\t\t\t\t<div id=\"elementor-tab-content-2011\" class=\"elementor-tab-content elementor-clearfix\" data-tab=\"1\" role=\"region\" aria-labelledby=\"elementor-tab-title-2011\"><ol>\n<li>\n<p class=\"p1\">El Certificado de Regalo de BaliSoulTrips.com (en adelante, el \u201cCertificado de Regalo\u201d) es un cup\u00f3n electr\u00f3nico con un n\u00famero de identificaci\u00f3n \u00fanico (n\u00famero de pedido) que otorga al titular el derecho de utilizar los servicios de BaliSoulTrips.com por el valor indicado en el certificado.<\/p>\n<\/li>\n<li>\n<p class=\"p1\">El Certificado de Regalo no puede canjearse por dinero en efectivo. Si el servicio especificado en el Certificado de Regalo no puede prestarse debido a condiciones meteorol\u00f3gicas o a la cancelaci\u00f3n por parte del proveedor (ejecutor), el servicio ser\u00e1 reprogramado para otra fecha. <\/p>\n<\/li>\n<li>\n<p class=\"p1\">El Certificado de Regalo es v\u00e1lido por 90 d\u00edas naturales a partir de la fecha de compra. Una vez transcurrido este per\u00edodo, cualquier Certificado de Regalo no utilizado quedar\u00e1 anulado. Los fondos correspondientes a los Certificados de Regalo vencidos no son reembolsables.  <\/p>\n<\/li>\n<li>\n<p class=\"p1\">El Certificado de Regalo solo puede ser utilizado una vez por su titular. Una vez que el Certificado de Regalo haya sido canjeado y el servicio proporcionado por el proveedor (ejecutor), se considerar\u00e1 completamente utilizado y dejar\u00e1 de ser v\u00e1lido. <\/p>\n<\/li>\n<li>\n<p class=\"p1\">Si el Certificado de Regalo ha sido canjeado y el proveedor no puede cumplir con el servicio por razones fuera del control de BaliSoulTrips.com, el servicio podr\u00e1 cambiarse por otro, ya sea de igual valor o de mayor valor, cubriendo el titular (cliente) la diferencia.<\/p>\n<\/li>\n<li>\n<p class=\"p1\">Si el costo del servicio elegido por el titular es inferior al valor nominal del Certificado de Regalo, la diferencia no ser\u00e1 reembolsable.<\/p>\n<\/li>\n<li>\n<p class=\"p1\">Si el Proveedor (Ejecutor) incrementa el precio del servicio indicado en el Certificado de Regalo, <span class=\"s1\"><b>BaliSoulTrips.com<\/b><\/span> se reserva el derecho de solicitar al Titular que abone la diferencia, y el Cliente acepta hacerse cargo de dicho importe.<\/p>\n<\/li>\n<\/ol>\n<\/div>\n\t\t\t\t<\/div>\n\t\t\t\t\t\t\t\t<\/div>\n\t\t\t\t\t\t<\/div>\n\t\t\t\t<div class=\"elementor-element elementor-element-332f70a elementor-widget elementor-widget-button\" data-id=\"332f70a\" data-element_type=\"widget\" data-e-type=\"widget\" data-widget_type=\"button.default\">\n\t\t\t\t\t\t\t\t\t\t<a class=\"elementor-button elementor-button-link elementor-size-sm\" href=\"\/\">\n\t\t\t\t\t\t<span class=\"elementor-button-content-wrapper\">\n\t\t\t\t\t\t\t\t\t<span class=\"elementor-button-text\">Volver atr\u00e1s<\/span>\n\t\t\t\t\t<\/span>\n\t\t\t\t\t<\/a>\n\t\t\t\t\t\t\t\t<\/div>\n\t\t\t\t\t<\/div>\n\t\t<\/div>\n\t\t\t\t\t<\/div>\n\t\t<\/section>\n\t\t\t\t<\/div>\n\t\t","protected":false},"excerpt":{"rendered":"<p>Haz un regalo a tus seres queridos \u00bfBuscas el regalo perfecto para tus seres queridos?\u00a1Nuestros certificados de regalo para emocionantes excursiones y tours por la isla de Bali son la elecci\u00f3n ideal! Ofrecemos una amplia selecci\u00f3n de tours, para que cada persona pueda encontrar la aventura perfecta a su gusto. Personaliza tu regalo: a\u00f1ade un [&hellip;]<\/p>\n","protected":false},"author":1,"featured_media":0,"parent":0,"menu_order":0,"comment_status":"closed","ping_status":"closed","template":"elementor_header_footer","meta":{"_acf_changed":false,"footnotes":""},"class_list":["post-12665","page","type-page","status-publish","hentry"],"acf":[],"_links":{"self":[{"href":"https:\/\/balisoultrips.com\/es\/wp-json\/wp\/v2\/pages\/12665","targetHints":{"allow":["GET"]}}],"collection":[{"href":"https:\/\/balisoultrips.com\/es\/wp-json\/wp\/v2\/pages"}],"about":[{"href":"https:\/\/balisoultrips.com\/es\/wp-json\/wp\/v2\/types\/page"}],"author":[{"embeddable":true,"href":"https:\/\/balisoultrips.com\/es\/wp-json\/wp\/v2\/users\/1"}],"replies":[{"embeddable":true,"href":"https:\/\/balisoultrips.com\/es\/wp-json\/wp\/v2\/comments?post=12665"}],"version-history":[{"count":5,"href":"https:\/\/balisoultrips.com\/es\/wp-json\/wp\/v2\/pages\/12665\/revisions"}],"predecessor-version":[{"id":17199,"href":"https:\/\/balisoultrips.com\/es\/wp-json\/wp\/v2\/pages\/12665\/revisions\/17199"}],"wp:attachment":[{"href":"https:\/\/balisoultrips.com\/es\/wp-json\/wp\/v2\/media?parent=12665"}],"curies":[{"name":"wp","href":"https:\/\/api.w.org\/{rel}","templated":true}]}}