{"id":20569,"date":"2025-10-26T12:41:18","date_gmt":"2025-10-26T04:41:18","guid":{"rendered":"https:\/\/balisoultrips.com\/product\/gili-trawangan-tour-2-tage-ab-bali\/"},"modified":"2026-05-09T18:00:41","modified_gmt":"2026-05-09T10:00:41","slug":"gili-trawangan-tour-2-tage-ab-bali","status":"publish","type":"product","link":"https:\/\/balisoultrips.com\/de\/produkt\/gili-trawangan-tour-2-tage-ab-bali\/","title":{"rendered":"2-Tages-Tour nach Gili Trawangan ab Bali \u2014 Schnorcheln &amp; Strand"},"content":{"rendered":"<h6 class=\"p1\"><strong>Sprache<\/strong>: Englisch, Indonesisch<\/h6>\n<h2>\u00dcbersicht<\/h2>\n<p class=\"p1\">Die Gili-Inseln sind ein wahres Reiseparadies in Indonesien und werden auch als \u201eSchildkr\u00f6teninseln&#8220; bezeichnet. Wenn Sie von einer tropischen Auszeit und einer vollst\u00e4ndigen Pause vom Alltag tr\u00e4umen, sollten Sie sich die Gelegenheit nicht entgehen lassen, Gili Trawangan zu besuchen \u2014 die gr\u00f6\u00dfte und landschaftlich reizvollste der Inseln. <\/p>\n<p class=\"p1\">Hier gibt es weder lauten Autoverkehr noch \u00fcberf\u00fcllte Touristen-Hotspots. Stattdessen erwarten Sie unber\u00fchrte Str\u00e4nde, eine vielf\u00e4ltige Unterwasserwelt und stimmungsvolle Abendpartys mit Musik in den lokalen Bars. Gili Trawangan ist ebenso ideal f\u00fcr all jene, die einen ruhigen Strandurlaub und perfekte Foto-Kulissen suchen, wie f\u00fcr Abenteuerlustige. Schnorcheln und Beobachten seltener Meeresschildkr\u00f6ten, Stand-up-Paddling oder Wakeboarding \u2014 all das ist hier m\u00f6glich. Sie k\u00f6nnen auch ein Fahrrad mieten und in wenigen Stunden die ganze Insel erkunden, ihre einzigartige Atmosph\u00e4re und atemberaubenden Ausblicke in vollen Z\u00fcgen genie\u00dfen.    <\/p>\n<h3 class=\"p1\">Wir bieten verschiedene Hoteloptionen an:<\/h3>\n<ul>\n<li><strong>Abdi Hotel &amp; Bungalow 3*<\/strong> (<a href=\"https:\/\/maps.app.goo.gl\/tLNKrduAD8Yw8Ect7\" target=\"_blank\" rel=\"noopener\">Google Maps<\/a>)<\/li>\n<li><strong>Pesona Beach Resort &amp; Spa (Adults Only) 3*<\/strong>(<a href=\"https:\/\/maps.app.goo.gl\/aJfALZAGMGbh76oa8\" target=\"_blank\" rel=\"noopener\">Google Maps<\/a>)<\/li>\n<li><strong>Manta Dive Gili Trawangan 3*<\/strong>(<a href=\"https:\/\/maps.app.goo.gl\/4Em24qaDR9hdesp29\" target=\"_blank\" rel=\"noopener\">Google Maps<\/a>)<\/li>\n<\/ul>\n<h3>Wichtige Informationen<\/h3>\n<ul>\n<li>Buchung nur mit vollst\u00e4ndiger Vorauszahlung.<\/li>\n<li class=\"p1\">W\u00e4hrend der Hochsaison vom 16. Juni bis 15. Oktober und vom 16. Dezember bis 15. Januar f\u00e4llt ein Aufpreis von 600.000 IDR (ca. 37 USD) an.<\/li>\n<li class=\"p1\">Kinder unter 2 Jahren ben\u00f6tigen kein Ticket.<\/li>\n<li class=\"p1\">Am Pier wird vor der Abfahrt nach Gili sowie auf der R\u00fcckreise vor dem Einsteigen in das Boot zur\u00fcck nach Bali eine staatliche Geb\u00fchr erhoben: 10.000 IDR pro Person vor der Abfahrt zu den Gili-Inseln und 20.000 IDR pro Person bei der R\u00fcckreise (insgesamt 30.000 IDR pro Person f\u00fcr Hin- und R\u00fcckfahrt). Steuern und Geb\u00fchren sind nicht im Ticketpreis enthalten und m\u00fcssen separat bezahlt werden<\/li>\n<li class=\"p1\">Der R\u00fccktransfer kann organisatorisch aufwendiger sein und etwa 4\u20135 Stunden dauern. Die Reisezeit h\u00e4ngt vom Verkehr, m\u00f6glichen Versp\u00e4tungen des Bootes und der Lage Ihres Hotels ab \u2014 wir bitten Sie um Geduld. <\/li>\n<li class=\"p1\">Das Unternehmen Ostina garantiert keinen R\u00fccktransfer direkt zu Ihrem Hotel, sondern nur zu einem zentralen Punkt im jeweiligen Gebiet.<\/li>\n<li class=\"p1\">Aufgrund ung\u00fcnstiger Wetterbedingungen in der Lombokstra\u00dfe kann die Bootsgesellschaft aus Sicherheitsgr\u00fcnden Ihre \u00dcberfahrt von den Gili-Inseln nach Bali oder umgekehrt auf eine F\u00e4hre verlegen (h\u00f6here Gewalt).<\/li>\n<li class=\"p1\">Wir empfehlen nicht, Ausfl\u00fcge zu anderen Inseln zu planen, wenn Sie weniger als zwei Tage bis zu Ihrem Abflug von Bali haben.<\/li>\n<li class=\"p1\">Die Bootsgesellschaft beh\u00e4lt sich das Recht vor, Sie auf das Boot eines anderen Anbieters zu verlegen, wenn weniger als 50 % aller Sitzpl\u00e4tze verkauft wurden.<\/li>\n<li>Wir treten als Buchungsservice und Vermittler zwischen dem Kunden und dem in Indonesien ans\u00e4ssigen Leistungsanbieter auf.<\/li>\n<li>Wir garantieren transparente, \u00f6ffentlich einsehbare Preise und Bedingungen \u2013 ohne versteckte Geb\u00fchren.<\/li>\n<li>Wir w\u00e4hlen unsere Partner sorgf\u00e4ltig aus und arbeiten st\u00e4ndig daran, die Qualit\u00e4t unseres Services weiter zu verbessern.<\/li>\n<\/ul>\n","protected":false},"excerpt":{"rendered":"<p>Sprache: Englisch, Indonesisch \u00dcbersicht Die Gili-Inseln sind ein wahres Reiseparadies in Indonesien und werden auch als \u201eSchildkr\u00f6teninseln&#8220; bezeichnet. Wenn Sie von einer tropischen Auszeit und einer vollst\u00e4ndigen Pause vom Alltag tr\u00e4umen, sollten Sie sich die Gelegenheit nicht entgehen lassen, Gili Trawangan zu besuchen \u2014 die gr\u00f6\u00dfte und landschaftlich reizvollste der Inseln. Hier gibt es weder [&hellip;]<\/p>\n","protected":false},"featured_media":11775,"comment_status":"open","ping_status":"closed","template":"","meta":{"_acf_changed":false},"product_brand":[],"product_cat":[521,552],"product_tag":[],"class_list":{"0":"post-20569","1":"product","2":"type-product","3":"status-publish","4":"has-post-thumbnail","6":"brw_tour_types-private-tour","7":"brw_parent_child-child","8":"product_cat-inseln","9":"product_cat-schnorcheln","11":"first","12":"instock","13":"shipping-taxable","14":"purchasable","15":"product-type-ovabrw_car_rental"},"acf":[],"_links":{"self":[{"href":"https:\/\/balisoultrips.com\/de\/wp-json\/wp\/v2\/product\/20569","targetHints":{"allow":["GET"]}}],"collection":[{"href":"https:\/\/balisoultrips.com\/de\/wp-json\/wp\/v2\/product"}],"about":[{"href":"https:\/\/balisoultrips.com\/de\/wp-json\/wp\/v2\/types\/product"}],"replies":[{"embeddable":true,"href":"https:\/\/balisoultrips.com\/de\/wp-json\/wp\/v2\/comments?post=20569"}],"wp:featuredmedia":[{"embeddable":true,"href":"https:\/\/balisoultrips.com\/de\/wp-json\/wp\/v2\/media\/11775"}],"wp:attachment":[{"href":"https:\/\/balisoultrips.com\/de\/wp-json\/wp\/v2\/media?parent=20569"}],"wp:term":[{"taxonomy":"product_brand","embeddable":true,"href":"https:\/\/balisoultrips.com\/de\/wp-json\/wp\/v2\/product_brand?post=20569"},{"taxonomy":"product_cat","embeddable":true,"href":"https:\/\/balisoultrips.com\/de\/wp-json\/wp\/v2\/product_cat?post=20569"},{"taxonomy":"product_tag","embeddable":true,"href":"https:\/\/balisoultrips.com\/de\/wp-json\/wp\/v2\/product_tag?post=20569"}],"curies":[{"name":"wp","href":"https:\/\/api.w.org\/{rel}","templated":true}]}}