{"id":20404,"date":"2025-10-25T17:31:38","date_gmt":"2025-10-25T09:31:38","guid":{"rendered":"https:\/\/balisoultrips.com\/product\/nusa-penida-auto-mit-fahrer-mieten\/"},"modified":"2026-05-08T15:58:09","modified_gmt":"2026-05-08T07:58:09","slug":"nusa-penida-auto-mit-fahrer-mieten","status":"publish","type":"product","link":"https:\/\/balisoultrips.com\/de\/produkt\/nusa-penida-auto-mit-fahrer-mieten\/","title":{"rendered":"Privater Autoverleih mit Fahrer auf Nusa Penida"},"content":{"rendered":"<h6 class=\"p1\"><strong>Sprache<\/strong>: Englisch, Indonesisch<\/h6>\n<h2>\u00dcbersicht<\/h2>\n<p class=\"p1\">M\u00f6chten Sie Nusa Penida ohne Zeitdruck und ohne festgelegte Route erkunden? Ein Auto mit Fahrer zu mieten ist die ideale M\u00f6glichkeit, in Ihrem eigenen Tempo zu reisen \u2014 bequem und mit voller Bewegungsfreiheit. Die einheimischen indonesischen Fahrer kennen die Insel bestens und helfen Ihnen, die optimale Route zu w\u00e4hlen, damit Ihre Reise so komfortabel und erlebnisreich wie m\u00f6glich wird.<\/p>\n<p class=\"p1\">Gestalten Sie Ihre Reise ganz nach Ihren W\u00fcnschen \u2014 halten Sie an, wo immer Sie m\u00f6chten, und bleiben Sie so lange Sie wollen. Genie\u00dfen Sie die einzigartige Natur von Nusa Penida ohne Hetze und entdecken Sie die Insel in Ihrem eigenen Rhythmus!<\/p>\n<h3 class=\"p1\">Wir bieten 2 Varianten an:<\/h3>\n<h5>6 Stunden<\/h5>\n<ul>\n<li class=\"p1\">Bei der Mindestmietdauer (6 Stunden) k\u00f6nnen Sie entweder nur den westlichen oder nur den \u00f6stlichen Teil der Insel erkunden. Wenn Sie mehr Zeit haben, empfehlen wir, Ihren Nusa-Penida-Ausflug auf zwei Tage aufzuteilen.<\/li>\n<li class=\"p1\">Jede weitere Stunde kostet 75.000 IDR.<\/li>\n<li class=\"p1\">Umfasst Ihre Route sowohl den westlichen als auch den \u00f6stlichen Teil der Insel, f\u00e4llt ein Aufpreis von 200.000 IDR an.<\/li>\n<li class=\"p1\">Liegt Ihr Startpunkt im Westen und f\u00fchrt Ihre Route in den Osten (oder umgekehrt), f\u00e4llt ein Aufpreis von 200.000 IDR an.<\/li>\n<li class=\"p1\">Aufpreise werden direkt beim Fahrer in bar (Indonesische Rupiah) bezahlt.<\/li>\n<li class=\"p1\">Bitte beachten Sie: Die Wege zu den Str\u00e4nden und Naturattraktionen auf Nusa Penida sind nicht beleuchtet. Wir empfehlen, Ihre Besichtigungen direkt nach Sonnenuntergang zu beenden und ins Hotel zur\u00fcckzukehren.<\/li>\n<\/ul>\n<h5>10 Stunden<\/h5>\n<ul>\n<li class=\"p1\">Jede weitere Stunde kostet 75.000 IDR.<\/li>\n<li class=\"p1\">Aufpreise werden direkt beim Fahrer in bar (Indonesische Rupiah) bezahlt.<\/li>\n<li class=\"p1\">Bitte beachten Sie: Die Wege zu den Str\u00e4nden und Naturattraktionen auf Nusa Penida sind nicht beleuchtet. Wir empfehlen, Ihre Besichtigungen direkt nach Sonnenuntergang zu beenden und ins Hotel zur\u00fcckzukehren.<\/li>\n<\/ul>\n<h3>Wichtige Informationen<\/h3>\n<ul>\n<li>Buchung nur mit vollst\u00e4ndiger Vorauszahlung.<\/li>\n<li class=\"p1\">Vehicle capacity: up to 4 people with luggage.<\/li>\n<li class=\"p1\">Wenn Sie mit einem Kind reisen und dieses keinen eigenen Sitzplatz beansprucht, muss es nicht im Buchungsformular angegeben werden.<\/li>\n<li class=\"p1\">Wenn Sie ein bestimmtes Fahrzeugmodell w\u00fcnschen, erkundigen Sie sich bitte bei Ihrem Manager nach der Verf\u00fcgbarkeit.<\/li>\n<li class=\"p1\">Fahrer in Indonesien sprechen nicht immer Englisch, daher kann es sein, dass Sie selbst initiativ werden m\u00fcssen \u2014 etwa mithilfe eines \u00dcbersetzers oder indem Sie die Route vorab \u00fcber Ihren Manager abstimmen.<\/li>\n<li class=\"p1\">Zusatzgeb\u00fchr pro weitere Stunde \u2014 75.000 IDR.<\/li>\n<li class=\"p1\">Bei einem Routenwechsel vom Westen in den Osten oder umgekehrt (bei 6-Stunden-Buchungen) f\u00e4llt ein Aufpreis von 200.000 IDR an.<\/li>\n<li class=\"p1\">Alle Aufpreise werden direkt beim Fahrer in bar (Indonesische Rupiah) bezahlt.<\/li>\n<li class=\"p1\">Es empfiehlt sich, Bargeld f\u00fcr Ausgaben w\u00e4hrend des Ausflugs im Voraus abzuheben, da Geldautomaten auf Nusa Penida nicht immer verf\u00fcgbar sind.<\/li>\n<li>Wir treten als Buchungsservice und Vermittler zwischen dem Kunden und dem in Indonesien ans\u00e4ssigen Leistungsanbieter auf.<\/li>\n<li>Wir garantieren transparente, \u00f6ffentlich einsehbare Preise und Bedingungen \u2013 ohne versteckte Geb\u00fchren.<\/li>\n<li>Wir w\u00e4hlen unsere Partner sorgf\u00e4ltig aus und arbeiten st\u00e4ndig daran, die Qualit\u00e4t unseres Services weiter zu verbessern.<\/li>\n<\/ul>\n","protected":false},"excerpt":{"rendered":"<p>Sprache: Englisch, Indonesisch \u00dcbersicht M\u00f6chten Sie Nusa Penida ohne Zeitdruck und ohne festgelegte Route erkunden? Ein Auto mit Fahrer zu mieten ist die ideale M\u00f6glichkeit, in Ihrem eigenen Tempo zu reisen \u2014 bequem und mit voller Bewegungsfreiheit. Die einheimischen indonesischen Fahrer kennen die Insel bestens und helfen Ihnen, die optimale Route zu w\u00e4hlen, damit Ihre [&hellip;]<\/p>\n","protected":false},"featured_media":20401,"comment_status":"open","ping_status":"closed","template":"","meta":{"_acf_changed":false},"product_brand":[],"product_cat":[568,521],"product_tag":[],"class_list":{"0":"post-20404","1":"product","2":"type-product","3":"status-publish","4":"has-post-thumbnail","6":"brw_tour_types-private-tour","7":"product_cat-fahrzeugvermietung","8":"product_cat-inseln","10":"first","11":"instock","12":"shipping-taxable","13":"purchasable","14":"product-type-ovabrw_car_rental"},"acf":[],"_links":{"self":[{"href":"https:\/\/balisoultrips.com\/de\/wp-json\/wp\/v2\/product\/20404","targetHints":{"allow":["GET"]}}],"collection":[{"href":"https:\/\/balisoultrips.com\/de\/wp-json\/wp\/v2\/product"}],"about":[{"href":"https:\/\/balisoultrips.com\/de\/wp-json\/wp\/v2\/types\/product"}],"replies":[{"embeddable":true,"href":"https:\/\/balisoultrips.com\/de\/wp-json\/wp\/v2\/comments?post=20404"}],"wp:featuredmedia":[{"embeddable":true,"href":"https:\/\/balisoultrips.com\/de\/wp-json\/wp\/v2\/media\/20401"}],"wp:attachment":[{"href":"https:\/\/balisoultrips.com\/de\/wp-json\/wp\/v2\/media?parent=20404"}],"wp:term":[{"taxonomy":"product_brand","embeddable":true,"href":"https:\/\/balisoultrips.com\/de\/wp-json\/wp\/v2\/product_brand?post=20404"},{"taxonomy":"product_cat","embeddable":true,"href":"https:\/\/balisoultrips.com\/de\/wp-json\/wp\/v2\/product_cat?post=20404"},{"taxonomy":"product_tag","embeddable":true,"href":"https:\/\/balisoultrips.com\/de\/wp-json\/wp\/v2\/product_tag?post=20404"}],"curies":[{"name":"wp","href":"https:\/\/api.w.org\/{rel}","templated":true}]}}