{"id":20187,"date":"2025-10-03T12:04:31","date_gmt":"2025-10-03T04:04:31","guid":{"rendered":"https:\/\/balisoultrips.com\/product\/tickets-to-the-gili-islands-ostina-fastboat\/"},"modified":"2025-10-03T12:04:31","modified_gmt":"2025-10-03T04:04:31","slug":"tickets-to-the-gili-islands-ostina-fastboat","status":"publish","type":"product","link":"https:\/\/balisoultrips.com\/de\/produkt\/tickets-to-the-gili-islands-ostina-fastboat\/","title":{"rendered":"Tickets zu den Gili-Inseln \u2013 Ostina Fastboat"},"content":{"rendered":"<h2>\u00dcbersicht<\/h2>\n<p class=\"p1\">Starten Sie mit unseren Schnellbooten zu einer unvergesslichen Reise auf die paradiesischen Gili-Inseln! Entdecken Sie endlose wei\u00dfe Sandstr\u00e4nde, tauchen Sie in kristallklares Wasser ein und genie\u00dfen Sie die warme tropische Sonne <\/p>\n<p><strong>Das Schnellboot legt vom Hafen Padang Bai auf Bali ab <a href=\"https:\/\/maps.app.goo.gl\/AJe3hqw78ZYMKsxLA\" target=\"_blank\" rel=\"noopener\">(Google Maps)<\/a>. Fahrzeit: 2,5 Stunden <\/strong><\/p>\n<p class=\"p1\">Ostina Fastboat bietet:<\/p>\n<ul>\n<li class=\"p1\">Sicherheit und Komfort: Unsere modernen Schnellboote sorgen f\u00fcr schnelle und sichere Transfers zwischen den Inseln<\/li>\n<li class=\"p1\">Professioneller Service: Erfahrene Kapit\u00e4ne und aufmerksames Personal garantieren eine angenehme Reise<\/li>\n<li class=\"p1\">Flexibilit\u00e4t: Ein praktischer Fahrplan mit Abfahrtszeiten und Abfahrtsorten, die zu Ihnen passen<\/li>\n<\/ul>\n<h3 class=\"p1\">Fahrplan des Boots:<\/h3>\n<ul>\n<li>Von Bali (Hafen Padang Bai) nach Gili Trawangan, Gili Air, Lombok (Hafen Bangsal): 09:00, 12:30<\/li>\n<\/ul>\n<h3 class=\"p1\">R\u00fcckfahrten:<\/h3>\n<ul>\n<li class=\"p1\">Von Lombok (Hafen Bangsal) nach Bali (Hafen Padang Bai): 13:00<\/li>\n<li class=\"p1\">Von Gili Air nach Bali (Hafen Padang Bai) : 12:30<\/li>\n<li class=\"p1\">Von Gili Trawangan nach Bali (Hafen Padang Bai) : 12:00<\/li>\n<\/ul>\n<h3>Wichtige Informationen<\/h3>\n<ul>\n<li class=\"p1\">Buchung nur mit vollst\u00e4ndiger Vorauszahlung.<\/li>\n<li class=\"p1\">Kinder unter 5 Jahren \u2014 kostenloses Ticket<\/li>\n<li class=\"p1\">Die auf der Website angegebenen Ticketinformationen dienen nur zur Orientierung. Die Verf\u00fcgbarkeit f\u00fcr ein bestimmtes Datum und eine bestimmte Uhrzeit muss mit dem Manager best\u00e4tigt werden <\/li>\n<li class=\"p1\">Steuern und Geb\u00fchren sind nicht im Ticketpreis enthalten und m\u00fcssen separat bezahlt werden<\/li>\n<li class=\"p1\">Wenn Sie sich vor der Abfahrt von den Gili-Inseln nicht im B\u00fcro der Reederei registrieren, k\u00f6nnen die Kosten f\u00fcr ein lokales Boot bei Ebbe, das Sie vom Schnellboot ans Ufer bringt, abweichen<\/li>\n<li class=\"p1\">Aufgrund von schlechtem Wetter in der Lombokstra\u00dfe hat die Bootsgesellschaft aus Sicherheitsgr\u00fcnden das Recht, Sie f\u00fcr die \u00dcberfahrt von den Gili-Inseln nach Bali oder von Bali zu den Gili-Inseln auf eine F\u00e4hre umzubuchen<\/li>\n<li class=\"p1\">Die Bootsgesellschaft beh\u00e4lt sich das Recht vor, Sie auf ein Boot eines anderen Unternehmens umzubuchen, wenn weniger als 50% der Pl\u00e4tze verkauft wurden<\/li>\n<li class=\"p1\">Der Transport von Tieren auf Schnellbooten zu den Gili-Inseln \/ nach Lombok ist nach indonesischem Recht verboten<\/li>\n<li class=\"p1\">Wichtig: Wir empfehlen nicht, Reisen zu anderen Inseln zu planen, wenn bis zu Ihrer Abreise von Bali weniger als zwei Tage verbleiben<\/li>\n<li>Wir treten als Buchungsservice und Vermittler zwischen dem Kunden und dem in Indonesien ans\u00e4ssigen Leistungsanbieter auf.<\/li>\n<li>Wir garantieren transparente, \u00f6ffentlich einsehbare Preise und Bedingungen \u2013 ohne versteckte Geb\u00fchren.<\/li>\n<li>Wir w\u00e4hlen unsere Partner sorgf\u00e4ltig aus und arbeiten st\u00e4ndig daran, die Qualit\u00e4t unseres Services weiter zu verbessern.<\/li>\n<\/ul>\n","protected":false},"excerpt":{"rendered":"<p>\u00dcbersicht Starten Sie mit unseren Schnellbooten zu einer unvergesslichen Reise auf die paradiesischen Gili-Inseln! Entdecken Sie endlose wei\u00dfe Sandstr\u00e4nde, tauchen Sie in kristallklares Wasser ein und genie\u00dfen Sie die warme tropische Sonne Das Schnellboot legt vom Hafen Padang Bai auf Bali ab (Google Maps). Fahrzeit: 2,5 Stunden Ostina Fastboat bietet: Sicherheit und Komfort: Unsere modernen [&hellip;]<\/p>\n","protected":false},"featured_media":11166,"comment_status":"open","ping_status":"closed","template":"","meta":{"_acf_changed":false},"product_brand":[],"product_cat":[521,560],"product_tag":[],"class_list":{"0":"post-20187","1":"product","2":"type-product","3":"status-publish","4":"has-post-thumbnail","6":"brw_tour_types-gruppenreise","7":"product_cat-inseln","8":"product_cat-schnellboot-tickets","10":"first","11":"instock","12":"shipping-taxable","13":"purchasable","14":"product-type-ovabrw_car_rental"},"acf":[],"_links":{"self":[{"href":"https:\/\/balisoultrips.com\/de\/wp-json\/wp\/v2\/product\/20187","targetHints":{"allow":["GET"]}}],"collection":[{"href":"https:\/\/balisoultrips.com\/de\/wp-json\/wp\/v2\/product"}],"about":[{"href":"https:\/\/balisoultrips.com\/de\/wp-json\/wp\/v2\/types\/product"}],"replies":[{"embeddable":true,"href":"https:\/\/balisoultrips.com\/de\/wp-json\/wp\/v2\/comments?post=20187"}],"wp:featuredmedia":[{"embeddable":true,"href":"https:\/\/balisoultrips.com\/de\/wp-json\/wp\/v2\/media\/11166"}],"wp:attachment":[{"href":"https:\/\/balisoultrips.com\/de\/wp-json\/wp\/v2\/media?parent=20187"}],"wp:term":[{"taxonomy":"product_brand","embeddable":true,"href":"https:\/\/balisoultrips.com\/de\/wp-json\/wp\/v2\/product_brand?post=20187"},{"taxonomy":"product_cat","embeddable":true,"href":"https:\/\/balisoultrips.com\/de\/wp-json\/wp\/v2\/product_cat?post=20187"},{"taxonomy":"product_tag","embeddable":true,"href":"https:\/\/balisoultrips.com\/de\/wp-json\/wp\/v2\/product_tag?post=20187"}],"curies":[{"name":"wp","href":"https:\/\/api.w.org\/{rel}","templated":true}]}}