{"id":20147,"date":"2025-10-03T12:39:17","date_gmt":"2025-10-03T04:39:17","guid":{"rendered":"https:\/\/balisoultrips.com\/product\/tickets-to-the-gili-islands-gili-getaway\/"},"modified":"2025-10-03T12:39:17","modified_gmt":"2025-10-03T04:39:17","slug":"tickets-to-the-gili-islands-gili-getaway","status":"publish","type":"product","link":"https:\/\/balisoultrips.com\/de\/produkt\/tickets-to-the-gili-islands-gili-getaway\/","title":{"rendered":"Tickets zu den Gili-Inseln \u2013 Gili Getaway"},"content":{"rendered":"<h2>\u00dcbersicht<\/h2>\n<p class=\"p1\">Willkommen bei Gili Getaway<\/p>\n<p class=\"p1\">T\u00e4glicher Premium-Schnellboottransfer zu den Gili-Inseln und nach Lombok<\/p>\n<p class=\"p1\">Unsere Schnellboote, ausgestattet mit vier leistungsstarken 250-PS-Motoren, bringen Sie schnell und komfortabel auf die Inseln. Wir sind mindestens 45 Minuten schneller als unsere n\u00e4chsten Mitbewerber, was uns erm\u00f6glicht, bequeme Abfahrtszeiten ab dem Hafen von Serangan anzubieten und einen reibungslosen Start Ihrer Reise zu gew\u00e4hrleisten. Unser Ziel ist es, Ihren Transfer zu den Gili-Inseln und nach Lombok angenehm und stressfrei zu gestalten  <\/p>\n<p class=\"p1\">Ihr Komfort ist uns wichtig<\/p>\n<p><strong>Das Schnellboot f\u00e4hrt vom Hafen Serangan auf Bali ab <a href=\"https:\/\/maps.app.goo.gl\/9jzLyFdkWxTSrZm18\" target=\"_blank\" rel=\"noopener\">(Google Maps)<\/a>. Fahrtdauer: 2,5 Stunden <\/strong><\/p>\n<h3 class=\"p1\">Fahrplan des Boots:<\/h3>\n<ul>\n<li>Von Bali (Hafen Serangan) nach Gili Trawangan, Gili Air, Lombok (Hafen Bangsal) : 09:00<\/li>\n<\/ul>\n<h3 class=\"p1\">R\u00fcckfahrten:<\/h3>\n<ul>\n<li class=\"p1\">Von Lombok (Hafen Bangsal) nach Bali (Hafen Serangan) : 12:00<\/li>\n<li class=\"p1\">Von Gili Air nach Bali (Hafen Serangan) : 11:45<\/li>\n<li class=\"p1\">Von Gili Trawangan nach Bali (Hafen Serangan) : 11:30<\/li>\n<\/ul>\n<h3>Wichtige Informationen<\/h3>\n<ul>\n<li class=\"p1\">Buchung nur mit vollst\u00e4ndiger Vorauszahlung.<\/li>\n<li class=\"p1\">Kinder unter 3 Jahren \u2014 kostenloses Ticket<\/li>\n<li class=\"p1\">Die auf der Website angegebenen Ticketinformationen dienen nur zur Orientierung. Die Verf\u00fcgbarkeit f\u00fcr ein bestimmtes Datum und eine bestimmte Uhrzeit muss mit dem Manager best\u00e4tigt werden <\/li>\n<li class=\"p1\">Steuern und Geb\u00fchren sind nicht im Ticketpreis enthalten und m\u00fcssen separat bezahlt werden<\/li>\n<li class=\"p1\">Wenn Sie sich vor der Abfahrt von den Gili-Inseln nicht im B\u00fcro der Reederei registrieren, k\u00f6nnen die Kosten f\u00fcr ein lokales Boot bei Ebbe, das Sie vom Schnellboot ans Ufer bringt, abweichen<\/li>\n<li class=\"p1\">Aufgrund von schlechtem Wetter in der Lombokstra\u00dfe hat die Bootsgesellschaft aus Sicherheitsgr\u00fcnden das Recht, Sie f\u00fcr die \u00dcberfahrt von den Gili-Inseln nach Bali oder von Bali zu den Gili-Inseln auf eine F\u00e4hre umzubuchen<\/li>\n<li class=\"p1\">Die Bootsgesellschaft beh\u00e4lt sich das Recht vor, Sie auf ein Boot eines anderen Unternehmens umzubuchen, wenn weniger als 50% der Pl\u00e4tze verkauft wurden<\/li>\n<li class=\"p1\">Der Transport von Tieren auf Schnellbooten zu den Gili-Inseln \/ nach Lombok ist nach indonesischem Recht verboten<\/li>\n<li class=\"p1\">Wichtig: Wir empfehlen nicht, Reisen zu anderen Inseln zu planen, wenn bis zu Ihrer Abreise von Bali weniger als zwei Tage verbleiben<\/li>\n<li>Wir treten als Buchungsservice und Vermittler zwischen dem Kunden und dem in Indonesien ans\u00e4ssigen Leistungsanbieter auf.<\/li>\n<li>Wir garantieren transparente, \u00f6ffentlich einsehbare Preise und Bedingungen \u2013 ohne versteckte Geb\u00fchren.<\/li>\n<li>Wir w\u00e4hlen unsere Partner sorgf\u00e4ltig aus und arbeiten st\u00e4ndig daran, die Qualit\u00e4t unseres Services weiter zu verbessern.<\/li>\n<\/ul>\n","protected":false},"excerpt":{"rendered":"<p>\u00dcbersicht Willkommen bei Gili Getaway T\u00e4glicher Premium-Schnellboottransfer zu den Gili-Inseln und nach Lombok Unsere Schnellboote, ausgestattet mit vier leistungsstarken 250-PS-Motoren, bringen Sie schnell und komfortabel auf die Inseln. Wir sind mindestens 45 Minuten schneller als unsere n\u00e4chsten Mitbewerber, was uns erm\u00f6glicht, bequeme Abfahrtszeiten ab dem Hafen von Serangan anzubieten und einen reibungslosen Start Ihrer Reise [&hellip;]<\/p>\n","protected":false},"featured_media":11171,"comment_status":"open","ping_status":"closed","template":"","meta":{"_acf_changed":false},"product_brand":[],"product_cat":[522,561,490],"product_tag":[],"class_list":{"0":"post-20147","1":"product","2":"type-product","3":"status-publish","4":"has-post-thumbnail","6":"brw_tour_types-tur-kelompok","7":"product_cat-pulau","8":"product_cat-tiket-speedboat","9":"product_cat-balisoultrips-choice","11":"first","12":"instock","13":"featured","14":"shipping-taxable","15":"purchasable","16":"product-type-ovabrw_car_rental"},"acf":[],"_links":{"self":[{"href":"https:\/\/balisoultrips.com\/de\/wp-json\/wp\/v2\/product\/20147","targetHints":{"allow":["GET"]}}],"collection":[{"href":"https:\/\/balisoultrips.com\/de\/wp-json\/wp\/v2\/product"}],"about":[{"href":"https:\/\/balisoultrips.com\/de\/wp-json\/wp\/v2\/types\/product"}],"replies":[{"embeddable":true,"href":"https:\/\/balisoultrips.com\/de\/wp-json\/wp\/v2\/comments?post=20147"}],"wp:featuredmedia":[{"embeddable":true,"href":"https:\/\/balisoultrips.com\/de\/wp-json\/wp\/v2\/media\/11171"}],"wp:attachment":[{"href":"https:\/\/balisoultrips.com\/de\/wp-json\/wp\/v2\/media?parent=20147"}],"wp:term":[{"taxonomy":"product_brand","embeddable":true,"href":"https:\/\/balisoultrips.com\/de\/wp-json\/wp\/v2\/product_brand?post=20147"},{"taxonomy":"product_cat","embeddable":true,"href":"https:\/\/balisoultrips.com\/de\/wp-json\/wp\/v2\/product_cat?post=20147"},{"taxonomy":"product_tag","embeddable":true,"href":"https:\/\/balisoultrips.com\/de\/wp-json\/wp\/v2\/product_tag?post=20147"}],"curies":[{"name":"wp","href":"https:\/\/api.w.org\/{rel}","templated":true}]}}