{"id":20056,"date":"2026-03-27T14:21:35","date_gmt":"2026-03-27T06:21:35","guid":{"rendered":"https:\/\/balisoultrips.com\/?post_type=product&#038;p=20056"},"modified":"2026-03-27T15:14:52","modified_gmt":"2026-03-27T07:14:52","slug":"tickets-to-the-gili-islands-gili-gili-fastboat","status":"publish","type":"product","link":"https:\/\/balisoultrips.com\/de\/produkt\/tickets-to-the-gili-islands-gili-gili-fastboat\/","title":{"rendered":"Tickets zu den Gili-Inseln \u2013 Gili Gili Fastboat"},"content":{"rendered":"<h2>\u00dcbersicht<\/h2>\n<p class=\"p1\">Gili Gili Fast Boat bietet komfortable und zuverl\u00e4ssige Seetransfers zu den Gili-Inseln, nach Lombok und Nusa Penida \u2014 drei der beliebtesten Reiseziele bei inl\u00e4ndischen und internationalen Reisenden<\/p>\n<p class=\"p1\">Die Gili-Inseln sind besonders beliebt wegen ihrer wundersch\u00f6nen Str\u00e4nde, beeindruckenden Sonnenauf- und -unterg\u00e4nge, ihrer lebendigen Atmosph\u00e4re sowie der hervorragenden M\u00f6glichkeiten zum Schnorcheln und Tauchen. Gili Trawangan ist vor allem f\u00fcr sein pulsierendes Nachtleben und seine Urlaubsstimmung bekannt <\/p>\n<p class=\"p1\">Gili Gili Fast Boat ist ein modernes und komfortables Boot, das f\u00fcr eine sichere und angenehme \u00dcberfahrt ausgelegt ist. Das Boot ist mit allen Annehmlichkeiten an Bord ausgestattet und bietet einen Service nach internationalem Standard, sodass die gesamte Reise bequem verl\u00e4uft <\/p>\n<p class=\"p1\">Genie\u00dfen Sie Ihre Reise zu den Gili-Inseln, nach Lombok und Nusa Penida mit Gili Gili Fast Boat<\/p>\n<p class=\"p1\"><strong>Das Schnellboot legt vom Hafen Padang Bai auf Bali ab <a href=\"https:\/\/maps.app.goo.gl\/AJe3hqw78ZYMKsxLA\" target=\"_blank\" rel=\"noopener\">(Google Maps)<\/a>. Fahrzeit: 2,5 Stunden <\/strong><\/p>\n<h3 class=\"p1\">Fahrplan des Boots:<\/h3>\n<ul>\n<li>Von Bali (Hafen Padang Bai) nach Gili Trawangan, Gili Air, Lombok (Hafen Bangsal) : 10:00<\/li>\n<\/ul>\n<h3 class=\"p1\">R\u00fcckfahrten:<\/h3>\n<ul>\n<li class=\"p1\">Von Lombok (Hafen Bangsal) nach Bali (Hafen Padang Bai) : 12:45<\/li>\n<li class=\"p1\">Von Gili Air nach Bali (Hafen Padang Bai) : 12:30<\/li>\n<li>Von Gili Meno nach Bali (Hafen Padang Bai) : 12:15<\/li>\n<li class=\"p1\">Von Gili Trawangan nach Bali (Hafen Padang Bai) : 12:00<\/li>\n<\/ul>\n<h3>Wichtige Informationen<\/h3>\n<ul>\n<li class=\"p1\">Buchung nur mit vollst\u00e4ndiger Vorauszahlung.<\/li>\n<li class=\"p1\">Kinder von 3 bis 11 Jahren \u2014 Kinderticket ; Kinder unter 3 Jahren \u2014 kostenloses Ticket<\/li>\n<li class=\"p1\">Die auf der Website angegebenen Ticketinformationen dienen nur zur Orientierung. Die Verf\u00fcgbarkeit f\u00fcr ein bestimmtes Datum und eine bestimmte Uhrzeit muss mit dem Manager best\u00e4tigt werden <\/li>\n<li class=\"p1\">Steuern und Geb\u00fchren sind nicht im Ticketpreis enthalten und m\u00fcssen separat bezahlt werden<\/li>\n<li class=\"p1\">Wenn Sie sich vor der Abfahrt von den Gili-Inseln nicht im B\u00fcro der Reederei registrieren, k\u00f6nnen die Kosten f\u00fcr ein lokales Boot bei Ebbe, das Sie vom Schnellboot ans Ufer bringt, abweichen<\/li>\n<li class=\"p1\">Aufgrund von schlechtem Wetter in der Lombokstra\u00dfe hat die Bootsgesellschaft aus Sicherheitsgr\u00fcnden das Recht, Sie f\u00fcr die \u00dcberfahrt von den Gili-Inseln nach Bali oder von Bali zu den Gili-Inseln auf eine F\u00e4hre umzubuchen<\/li>\n<li class=\"p1\">Die Bootsgesellschaft beh\u00e4lt sich das Recht vor, Sie auf ein Boot eines anderen Unternehmens umzubuchen, wenn weniger als 50% der Pl\u00e4tze verkauft wurden<\/li>\n<li class=\"p1\">Der Transport von Tieren auf Schnellbooten zu den Gili-Inseln \/ nach Lombok ist nach indonesischem Recht verboten<\/li>\n<li class=\"p1\">Wichtig: Wir empfehlen nicht, Reisen zu anderen Inseln zu planen, wenn bis zu Ihrer Abreise von Bali weniger als zwei Tage verbleiben<\/li>\n<li>Wir treten als Buchungsservice und Vermittler zwischen dem Kunden und dem in Indonesien ans\u00e4ssigen Leistungsanbieter auf.<\/li>\n<li>Wir garantieren transparente, \u00f6ffentlich einsehbare Preise und Bedingungen \u2013 ohne versteckte Geb\u00fchren.<\/li>\n<li>Wir w\u00e4hlen unsere Partner sorgf\u00e4ltig aus und arbeiten st\u00e4ndig daran, die Qualit\u00e4t unseres Services weiter zu verbessern.<\/li>\n<\/ul>\n","protected":false},"excerpt":{"rendered":"<p>\u00dcbersicht Gili Gili Fast Boat bietet komfortable und zuverl\u00e4ssige Seetransfers zu den Gili-Inseln, nach Lombok und Nusa Penida \u2014 drei der beliebtesten Reiseziele bei inl\u00e4ndischen und internationalen Reisenden Die Gili-Inseln sind besonders beliebt wegen ihrer wundersch\u00f6nen Str\u00e4nde, beeindruckenden Sonnenauf- und -unterg\u00e4nge, ihrer lebendigen Atmosph\u00e4re sowie der hervorragenden M\u00f6glichkeiten zum Schnorcheln und Tauchen. Gili Trawangan ist [&hellip;]<\/p>\n","protected":false},"featured_media":20068,"comment_status":"open","ping_status":"closed","template":"","meta":{"_acf_changed":false},"product_brand":[],"product_cat":[521,560],"product_tag":[],"class_list":{"0":"post-20056","1":"product","2":"type-product","3":"status-publish","4":"has-post-thumbnail","6":"product_cat-inseln","7":"product_cat-schnellboot-tickets","9":"first","10":"instock","11":"featured","12":"shipping-taxable","13":"purchasable","14":"product-type-ovabrw_car_rental"},"acf":[],"_links":{"self":[{"href":"https:\/\/balisoultrips.com\/de\/wp-json\/wp\/v2\/product\/20056","targetHints":{"allow":["GET"]}}],"collection":[{"href":"https:\/\/balisoultrips.com\/de\/wp-json\/wp\/v2\/product"}],"about":[{"href":"https:\/\/balisoultrips.com\/de\/wp-json\/wp\/v2\/types\/product"}],"replies":[{"embeddable":true,"href":"https:\/\/balisoultrips.com\/de\/wp-json\/wp\/v2\/comments?post=20056"}],"wp:featuredmedia":[{"embeddable":true,"href":"https:\/\/balisoultrips.com\/de\/wp-json\/wp\/v2\/media\/20068"}],"wp:attachment":[{"href":"https:\/\/balisoultrips.com\/de\/wp-json\/wp\/v2\/media?parent=20056"}],"wp:term":[{"taxonomy":"product_brand","embeddable":true,"href":"https:\/\/balisoultrips.com\/de\/wp-json\/wp\/v2\/product_brand?post=20056"},{"taxonomy":"product_cat","embeddable":true,"href":"https:\/\/balisoultrips.com\/de\/wp-json\/wp\/v2\/product_cat?post=20056"},{"taxonomy":"product_tag","embeddable":true,"href":"https:\/\/balisoultrips.com\/de\/wp-json\/wp\/v2\/product_tag?post=20056"}],"curies":[{"name":"wp","href":"https:\/\/api.w.org\/{rel}","templated":true}]}}