{"id":20006,"date":"2025-08-25T15:31:23","date_gmt":"2025-08-25T07:31:23","guid":{"rendered":"https:\/\/balisoultrips.com\/product\/tickets-to-the-gili-islands-golden-queen\/"},"modified":"2026-03-27T13:37:43","modified_gmt":"2026-03-27T05:37:43","slug":"tickets-to-the-gili-islands-golden-queen","status":"publish","type":"product","link":"https:\/\/balisoultrips.com\/de\/produkt\/tickets-to-the-gili-islands-golden-queen\/","title":{"rendered":"Tickets zu den Gili-Inseln \u2013 Golden Queen"},"content":{"rendered":"<h2>\u00dcbersicht<\/h2>\n<p class=\"p1\">Ein schneller und bequemer Seetransfer f\u00fcr alle, die \u00fcber Bali hinaus reisen m\u00f6chten. Golden Queen Fast Boat bietet eine sichere, komfortable und zuverl\u00e4ssige \u00dcberfahrt zu den Gili-Inseln und nach Lombok. Es ist eine der bequemsten und effizientesten M\u00f6glichkeiten, Indonesiens tropische Paradiese zu erreichen  <\/p>\n<p class=\"p1\">Das moderne Schnellboot ist vollst\u00e4ndig f\u00fcr eine angenehme Reise ausgestattet, und die freundliche Crew steht Ihnen jederzeit zur Verf\u00fcgung, damit Ihre \u00dcberfahrt reibungslos und sorgenfrei verl\u00e4uft<\/p>\n<p class=\"p1\">Golden Queen Fast Boat \u2013 Ihr komfortabler Weg zu den Gili-Inseln und nach Lombok<\/p>\n<p class=\"p1\"><strong>Das Schnellboot legt vom Hafen Padang Bai auf Bali ab <a href=\"https:\/\/maps.app.goo.gl\/AJe3hqw78ZYMKsxLA\" target=\"_blank\" rel=\"noopener\">(Google Maps)<\/a>. Fahrzeit: 2,5 Stunden <\/strong><\/p>\n<h3 class=\"p1\">Fahrplan des Boots:<\/h3>\n<ul>\n<li>Von Bali (Hafen Padang Bai) nach Gili Trawangan, Gili Air, Lombok (Hafen Bangsal): 09:00<\/li>\n<\/ul>\n<h3 class=\"p1\">R\u00fcckfahrten:<\/h3>\n<ul>\n<li class=\"p1\">Von Lombok (Hafen Bangsal) nach Bali (Hafen Padang Bai): 12:00<\/li>\n<li class=\"p1\">Von Gili Air nach Bali (Hafen Padang Bai): 11:30<\/li>\n<li class=\"p1\">Von Gili Trawangan nach Bali (Hafen Padang Bai): 11:00<\/li>\n<\/ul>\n<h3>Wichtige Informationen<\/h3>\n<ul>\n<li class=\"p1\">Buchung nur mit vollst\u00e4ndiger Vorauszahlung.<\/li>\n<li class=\"p1\">Kinder von 5 bis 10 Jahren \u2013 Kinderticket; Kinder unter 5 Jahren \u2013 kostenloses Ticket<\/li>\n<li class=\"p1\">Die auf der Website angegebenen Ticketinformationen dienen nur zur Orientierung. Die Verf\u00fcgbarkeit f\u00fcr ein bestimmtes Datum und eine bestimmte Uhrzeit muss mit dem Manager best\u00e4tigt werden <\/li>\n<li class=\"p1\">Steuern und Geb\u00fchren sind nicht im Ticketpreis enthalten und m\u00fcssen separat bezahlt werden<\/li>\n<li class=\"p1\">Wenn Sie sich vor der Abfahrt von den Gili-Inseln nicht im B\u00fcro der Reederei registrieren, k\u00f6nnen die Kosten f\u00fcr ein lokales Boot bei Ebbe, das Sie vom Schnellboot ans Ufer bringt, abweichen<\/li>\n<li class=\"p1\">Aufgrund von schlechtem Wetter in der Lombokstra\u00dfe hat die Bootsgesellschaft aus Sicherheitsgr\u00fcnden das Recht, Sie f\u00fcr die \u00dcberfahrt von den Gili-Inseln nach Bali oder von Bali zu den Gili-Inseln auf eine F\u00e4hre umzubuchen<\/li>\n<li class=\"p1\">Die Bootsgesellschaft beh\u00e4lt sich das Recht vor, Sie auf ein Boot eines anderen Unternehmens umzubuchen, wenn weniger als 50% der Pl\u00e4tze verkauft wurden<\/li>\n<li class=\"p1\">Der Transport von Tieren auf Schnellbooten zu den Gili-Inseln \/ nach Lombok ist nach indonesischem Recht verboten<\/li>\n<li class=\"p1\">Wichtig: Wir empfehlen nicht, Reisen zu anderen Inseln zu planen, wenn bis zu Ihrer Abreise von Bali weniger als zwei Tage verbleiben<\/li>\n<li>Wir treten als Buchungsservice und Vermittler zwischen dem Kunden und dem in Indonesien ans\u00e4ssigen Leistungsanbieter auf.<\/li>\n<li>Wir garantieren transparente, \u00f6ffentlich einsehbare Preise und Bedingungen \u2013 ohne versteckte Geb\u00fchren.<\/li>\n<li>Wir w\u00e4hlen unsere Partner sorgf\u00e4ltig aus und arbeiten st\u00e4ndig daran, die Qualit\u00e4t unseres Services weiter zu verbessern.<\/li>\n<\/ul>\n","protected":false},"excerpt":{"rendered":"<p>\u00dcbersicht Ein schneller und bequemer Seetransfer f\u00fcr alle, die \u00fcber Bali hinaus reisen m\u00f6chten. Golden Queen Fast Boat bietet eine sichere, komfortable und zuverl\u00e4ssige \u00dcberfahrt zu den Gili-Inseln und nach Lombok. Es ist eine der bequemsten und effizientesten M\u00f6glichkeiten, Indonesiens tropische Paradiese zu erreichen Das moderne Schnellboot ist vollst\u00e4ndig f\u00fcr eine angenehme Reise ausgestattet, und [&hellip;]<\/p>\n","protected":false},"featured_media":20002,"comment_status":"open","ping_status":"closed","template":"","meta":{"_acf_changed":false},"product_brand":[],"product_cat":[521,560],"product_tag":[],"class_list":{"0":"post-20006","1":"product","2":"type-product","3":"status-publish","4":"has-post-thumbnail","6":"brw_tour_types-gruppenreise","7":"product_cat-inseln","8":"product_cat-schnellboot-tickets","10":"first","11":"instock","12":"shipping-taxable","13":"purchasable","14":"product-type-ovabrw_car_rental"},"acf":[],"_links":{"self":[{"href":"https:\/\/balisoultrips.com\/de\/wp-json\/wp\/v2\/product\/20006","targetHints":{"allow":["GET"]}}],"collection":[{"href":"https:\/\/balisoultrips.com\/de\/wp-json\/wp\/v2\/product"}],"about":[{"href":"https:\/\/balisoultrips.com\/de\/wp-json\/wp\/v2\/types\/product"}],"replies":[{"embeddable":true,"href":"https:\/\/balisoultrips.com\/de\/wp-json\/wp\/v2\/comments?post=20006"}],"wp:featuredmedia":[{"embeddable":true,"href":"https:\/\/balisoultrips.com\/de\/wp-json\/wp\/v2\/media\/20002"}],"wp:attachment":[{"href":"https:\/\/balisoultrips.com\/de\/wp-json\/wp\/v2\/media?parent=20006"}],"wp:term":[{"taxonomy":"product_brand","embeddable":true,"href":"https:\/\/balisoultrips.com\/de\/wp-json\/wp\/v2\/product_brand?post=20006"},{"taxonomy":"product_cat","embeddable":true,"href":"https:\/\/balisoultrips.com\/de\/wp-json\/wp\/v2\/product_cat?post=20006"},{"taxonomy":"product_tag","embeddable":true,"href":"https:\/\/balisoultrips.com\/de\/wp-json\/wp\/v2\/product_tag?post=20006"}],"curies":[{"name":"wp","href":"https:\/\/api.w.org\/{rel}","templated":true}]}}