{"id":19208,"date":"2025-10-03T19:05:51","date_gmt":"2025-10-03T11:05:51","guid":{"rendered":"https:\/\/balisoultrips.com\/product\/tubing-in-bali\/"},"modified":"2026-01-20T16:32:53","modified_gmt":"2026-01-20T08:32:53","slug":"tubing-in-bali","status":"publish","type":"product","link":"https:\/\/balisoultrips.com\/de\/produkt\/tubing-in-bali\/","title":{"rendered":"Tubing auf Bali"},"content":{"rendered":"<h6 class=\"p1\"><strong>Sprache<\/strong>: Englisch, Indonesisch<\/h6>\n<h2>\u00dcbersicht<\/h2>\n<p class=\"p1\">Du gleitest sanft einen gewundenen Fluss durch unber\u00fchrten Dschungel entlang: Sonnenstrahlen fallen durch das Bl\u00e4tterdach, das Wasser pl\u00e4tschert gegen dein Tubing-Raft, und jede Kurve zeigt eine neue \u201eSzene\u201c \u2014 gr\u00fcne B\u00f6gen aus Lianen, stille Naturkorridore und erfrischende Spritzer<\/p>\n<p class=\"p1\">Tubing auf Bali ist mehr als nur eine Outdoor-Aktivit\u00e4t \u2014 es ist ein Moment echter Verbundenheit mit der Natur und Emotionen, die dir lange in Erinnerung bleiben<\/p>\n<h3 class=\"p1\">Verf\u00fcgbare Programme und Startzeiten der Tour:<\/h3>\n<p class=\"p1\">(Bitte beachten, dass Transferzeit und Programmbeginn unterschiedlich sind)<\/p>\n<ul>\n<li class=\"p1\">\n<p class=\"p1\"><b>Tubing on the Tegalalang River<\/b><span class=\"s1\"> \u2013 45 minutes \/ 1.5 km<br \/>\n<\/span>Optionen f\u00fcr die Tour-Startzeit: 09:00, 16:30<br \/>\nStartpunkt ist <a href=\"https:\/\/maps.app.goo.gl\/BGPLbhKdALvdgFjx5\" target=\"_blank\" rel=\"noopener\">hier<\/a><\/p>\n<\/li>\n<li>\n<p class=\"p1\"><b>Tubing on the Sukawati River<\/b><span class=\"s1\"> \u2013 60 minutes \/ 4 km<br \/>\n<\/span>Optionen f\u00fcr die Tour-Startzeit: 09:00, 16:00<br \/>\nStartpunkt ist <a href=\"https:\/\/maps.app.goo.gl\/tMrBXeQuTKutddEM6\" target=\"_blank\" rel=\"noopener\">hier<\/a><\/p>\n<\/li>\n<li>\n<p class=\"p1\"><b>Tubing on the Tampaksiring River<\/b><span class=\"s1\"> \u2013 1.5 hours \/ 4.5 km<br \/>\n<\/span>Optionen f\u00fcr die Tour-Startzeit: 09:00, 11:00, 13:00, 15:00<br \/>\nStartpunkt ist <a href=\"https:\/\/maps.app.goo.gl\/3QLrYiZjmgNPeZc88\" target=\"_blank\" rel=\"noopener\">hier<\/a><\/p>\n<\/li>\n<\/ul>\n<h3>Wichtige Informationen<\/h3>\n<ul>\n<li>Bei der Buchung ist eine Anzahlung von 20 % erforderlich, der Restbetrag wird vor Ort in bar bezahlt<\/li>\n<li>Alternativ k\u00f6nnen Sie den Gesamtbetrag im Voraus mit einer der verf\u00fcgbaren Online-Zahlungsmethoden begleichen.<\/li>\n<li class=\"p1\">Mindestalter der Teilnehmer \u2013 5 Jahre (Versicherung nicht inbegriffen)<\/li>\n<li>Wir treten als Buchungsservice und Vermittler zwischen dem Kunden und dem in Indonesien ans\u00e4ssigen Leistungsanbieter auf.<\/li>\n<li>Wir garantieren transparente, \u00f6ffentlich einsehbare Preise und Bedingungen \u2013 ohne versteckte Geb\u00fchren.<\/li>\n<li>Wir w\u00e4hlen unsere Partner sorgf\u00e4ltig aus und arbeiten st\u00e4ndig daran, die Qualit\u00e4t unseres Services weiter zu verbessern.<\/li>\n<\/ul>\n","protected":false},"excerpt":{"rendered":"<p>Sprache: Englisch, Indonesisch \u00dcbersicht Du gleitest sanft einen gewundenen Fluss durch unber\u00fchrten Dschungel entlang: Sonnenstrahlen fallen durch das Bl\u00e4tterdach, das Wasser pl\u00e4tschert gegen dein Tubing-Raft, und jede Kurve zeigt eine neue \u201eSzene\u201c \u2014 gr\u00fcne B\u00f6gen aus Lianen, stille Naturkorridore und erfrischende Spritzer Tubing auf Bali ist mehr als nur eine Outdoor-Aktivit\u00e4t \u2014 es ist ein [&hellip;]<\/p>\n","protected":false},"featured_media":19204,"comment_status":"open","ping_status":"closed","template":"","meta":{"_acf_changed":false},"product_brand":[],"product_cat":[141,513],"product_tag":[],"class_list":{"0":"post-19208","1":"product","2":"type-product","3":"status-publish","4":"has-post-thumbnail","6":"brw_tour_types-gruppenreise","7":"brw_parent_child-parent","8":"product_cat-abenteuer","9":"product_cat-familie","11":"first","12":"instock","13":"shipping-taxable","14":"purchasable","15":"product-type-ovabrw_car_rental"},"acf":[],"_links":{"self":[{"href":"https:\/\/balisoultrips.com\/de\/wp-json\/wp\/v2\/product\/19208","targetHints":{"allow":["GET"]}}],"collection":[{"href":"https:\/\/balisoultrips.com\/de\/wp-json\/wp\/v2\/product"}],"about":[{"href":"https:\/\/balisoultrips.com\/de\/wp-json\/wp\/v2\/types\/product"}],"replies":[{"embeddable":true,"href":"https:\/\/balisoultrips.com\/de\/wp-json\/wp\/v2\/comments?post=19208"}],"wp:featuredmedia":[{"embeddable":true,"href":"https:\/\/balisoultrips.com\/de\/wp-json\/wp\/v2\/media\/19204"}],"wp:attachment":[{"href":"https:\/\/balisoultrips.com\/de\/wp-json\/wp\/v2\/media?parent=19208"}],"wp:term":[{"taxonomy":"product_brand","embeddable":true,"href":"https:\/\/balisoultrips.com\/de\/wp-json\/wp\/v2\/product_brand?post=19208"},{"taxonomy":"product_cat","embeddable":true,"href":"https:\/\/balisoultrips.com\/de\/wp-json\/wp\/v2\/product_cat?post=19208"},{"taxonomy":"product_tag","embeddable":true,"href":"https:\/\/balisoultrips.com\/de\/wp-json\/wp\/v2\/product_tag?post=19208"}],"curies":[{"name":"wp","href":"https:\/\/api.w.org\/{rel}","templated":true}]}}