{"id":19184,"date":"2025-10-04T19:05:26","date_gmt":"2025-10-04T11:05:26","guid":{"rendered":"https:\/\/balisoultrips.com\/product\/atv-adventures-in-bali\/"},"modified":"2026-01-20T15:04:45","modified_gmt":"2026-01-20T07:04:45","slug":"atv-adventures-in-bali","status":"publish","type":"product","link":"https:\/\/balisoultrips.com\/de\/produkt\/atv-adventures-in-bali\/","title":{"rendered":"ATV-Abenteuer auf Bali"},"content":{"rendered":"<p class=\"p1\">Sp\u00fcre den Adrenalinkick auf dem Quad, w\u00e4hrend du Balis Dschungel, Reisfelder und D\u00f6rfer erkundest. Unvergessliche Routen f\u00fcr Abenteuerfans<\/p>\n","protected":false},"excerpt":{"rendered":"[products ids=\"11253,11244,11237\" columns=\"3\"]\n","protected":false},"featured_media":19183,"comment_status":"open","ping_status":"closed","template":"","meta":{"_acf_changed":false},"product_brand":[],"product_cat":[141,505],"product_tag":[],"class_list":{"0":"post-19184","1":"product","2":"type-product","3":"status-publish","4":"has-post-thumbnail","6":"brw_tour_types-gruppenreise","7":"brw_parent_child-parent","8":"product_cat-abenteuer","9":"product_cat-extrem","11":"first","12":"instock","13":"shipping-taxable","14":"purchasable","15":"product-type-ovabrw_car_rental"},"acf":[],"_links":{"self":[{"href":"https:\/\/balisoultrips.com\/de\/wp-json\/wp\/v2\/product\/19184","targetHints":{"allow":["GET"]}}],"collection":[{"href":"https:\/\/balisoultrips.com\/de\/wp-json\/wp\/v2\/product"}],"about":[{"href":"https:\/\/balisoultrips.com\/de\/wp-json\/wp\/v2\/types\/product"}],"replies":[{"embeddable":true,"href":"https:\/\/balisoultrips.com\/de\/wp-json\/wp\/v2\/comments?post=19184"}],"wp:featuredmedia":[{"embeddable":true,"href":"https:\/\/balisoultrips.com\/de\/wp-json\/wp\/v2\/media\/19183"}],"wp:attachment":[{"href":"https:\/\/balisoultrips.com\/de\/wp-json\/wp\/v2\/media?parent=19184"}],"wp:term":[{"taxonomy":"product_brand","embeddable":true,"href":"https:\/\/balisoultrips.com\/de\/wp-json\/wp\/v2\/product_brand?post=19184"},{"taxonomy":"product_cat","embeddable":true,"href":"https:\/\/balisoultrips.com\/de\/wp-json\/wp\/v2\/product_cat?post=19184"},{"taxonomy":"product_tag","embeddable":true,"href":"https:\/\/balisoultrips.com\/de\/wp-json\/wp\/v2\/product_tag?post=19184"}],"curies":[{"name":"wp","href":"https:\/\/api.w.org\/{rel}","templated":true}]}}