{"id":19149,"date":"2025-10-03T13:08:58","date_gmt":"2025-10-03T05:08:58","guid":{"rendered":"https:\/\/balisoultrips.com\/product\/tickets-to-the-gili-islands\/"},"modified":"2026-03-27T16:51:27","modified_gmt":"2026-03-27T08:51:27","slug":"tickets-to-the-gili-islands","status":"publish","type":"product","link":"https:\/\/balisoultrips.com\/de\/produkt\/tickets-to-the-gili-islands\/","title":{"rendered":"Tickets zu den Gili-Inseln"},"content":{"rendered":"<p class=\"p1\">Starte mit unseren Schnellbooten zu einer fantastischen Reise zu den paradiesischen Gili-Inseln! Entdecke endlose wei\u00dfe Sandstr\u00e4nde, tauche in kristallklares Wasser ein und genie\u00dfe die warme tropische Sonne <\/p>\n","protected":false},"excerpt":{"rendered":"[products ids=\"20033,20055,11170,11165,9920\" columns=\"3\"]\n","protected":false},"featured_media":19148,"comment_status":"open","ping_status":"closed","template":"","meta":{"_acf_changed":false},"product_brand":[],"product_cat":[521,560],"product_tag":[],"class_list":{"0":"post-19149","1":"product","2":"type-product","3":"status-publish","4":"has-post-thumbnail","6":"brw_tour_types-gruppenreise","7":"product_cat-inseln","8":"product_cat-schnellboot-tickets","10":"first","11":"instock","12":"shipping-taxable","13":"purchasable","14":"product-type-ovabrw_car_rental"},"acf":[],"_links":{"self":[{"href":"https:\/\/balisoultrips.com\/de\/wp-json\/wp\/v2\/product\/19149","targetHints":{"allow":["GET"]}}],"collection":[{"href":"https:\/\/balisoultrips.com\/de\/wp-json\/wp\/v2\/product"}],"about":[{"href":"https:\/\/balisoultrips.com\/de\/wp-json\/wp\/v2\/types\/product"}],"replies":[{"embeddable":true,"href":"https:\/\/balisoultrips.com\/de\/wp-json\/wp\/v2\/comments?post=19149"}],"wp:featuredmedia":[{"embeddable":true,"href":"https:\/\/balisoultrips.com\/de\/wp-json\/wp\/v2\/media\/19148"}],"wp:attachment":[{"href":"https:\/\/balisoultrips.com\/de\/wp-json\/wp\/v2\/media?parent=19149"}],"wp:term":[{"taxonomy":"product_brand","embeddable":true,"href":"https:\/\/balisoultrips.com\/de\/wp-json\/wp\/v2\/product_brand?post=19149"},{"taxonomy":"product_cat","embeddable":true,"href":"https:\/\/balisoultrips.com\/de\/wp-json\/wp\/v2\/product_cat?post=19149"},{"taxonomy":"product_tag","embeddable":true,"href":"https:\/\/balisoultrips.com\/de\/wp-json\/wp\/v2\/product_tag?post=19149"}],"curies":[{"name":"wp","href":"https:\/\/api.w.org\/{rel}","templated":true}]}}