{"id":19112,"date":"2025-09-29T16:41:08","date_gmt":"2025-09-29T08:41:08","guid":{"rendered":"https:\/\/balisoultrips.com\/product\/waterfall-tours-in-bali-discover-the-islands-hidden-gems\/"},"modified":"2026-01-19T17:10:06","modified_gmt":"2026-01-19T09:10:06","slug":"waterfall-tours-in-bali-discover-the-islands-hidden-gems","status":"publish","type":"product","link":"https:\/\/balisoultrips.com\/de\/produkt\/waterfall-tours-in-bali-discover-the-islands-hidden-gems\/","title":{"rendered":"Wasserfall-Touren auf Bali \u2013 entdecke die verborgenen Sch\u00e4tze der Insel"},"content":{"rendered":"<p class=\"p1\">Tauche mit unseren Touren in die Sch\u00f6nheit von Balis Wasserf\u00e4llen ein. Besuche die malerischsten und abgelegensten Wasserf\u00e4lle in Begleitung professioneller Guides<\/p>\n","protected":false},"excerpt":{"rendered":"[products ids=\"10029,10023,10017\" columns=\"3\"]\n","protected":false},"featured_media":19111,"comment_status":"open","ping_status":"closed","template":"","meta":{"_acf_changed":false},"product_brand":[],"product_cat":[584],"product_tag":[],"class_list":{"0":"post-19112","1":"product","2":"type-product","3":"status-publish","4":"has-post-thumbnail","6":"brw_tour_types-private-tour","7":"brw_parent_child-parent","8":"product_cat-kultur","10":"first","11":"instock","12":"shipping-taxable","13":"purchasable","14":"product-type-ovabrw_car_rental"},"acf":[],"_links":{"self":[{"href":"https:\/\/balisoultrips.com\/de\/wp-json\/wp\/v2\/product\/19112","targetHints":{"allow":["GET"]}}],"collection":[{"href":"https:\/\/balisoultrips.com\/de\/wp-json\/wp\/v2\/product"}],"about":[{"href":"https:\/\/balisoultrips.com\/de\/wp-json\/wp\/v2\/types\/product"}],"replies":[{"embeddable":true,"href":"https:\/\/balisoultrips.com\/de\/wp-json\/wp\/v2\/comments?post=19112"}],"wp:featuredmedia":[{"embeddable":true,"href":"https:\/\/balisoultrips.com\/de\/wp-json\/wp\/v2\/media\/19111"}],"wp:attachment":[{"href":"https:\/\/balisoultrips.com\/de\/wp-json\/wp\/v2\/media?parent=19112"}],"wp:term":[{"taxonomy":"product_brand","embeddable":true,"href":"https:\/\/balisoultrips.com\/de\/wp-json\/wp\/v2\/product_brand?post=19112"},{"taxonomy":"product_cat","embeddable":true,"href":"https:\/\/balisoultrips.com\/de\/wp-json\/wp\/v2\/product_cat?post=19112"},{"taxonomy":"product_tag","embeddable":true,"href":"https:\/\/balisoultrips.com\/de\/wp-json\/wp\/v2\/product_tag?post=19112"}],"curies":[{"name":"wp","href":"https:\/\/api.w.org\/{rel}","templated":true}]}}