{"id":19048,"date":"2025-10-08T16:37:55","date_gmt":"2025-10-08T08:37:55","guid":{"rendered":"https:\/\/balisoultrips.com\/product\/cycling-tour\/"},"modified":"2026-01-15T17:56:04","modified_gmt":"2026-01-15T09:56:04","slug":"cycling-tour","status":"publish","type":"product","link":"https:\/\/balisoultrips.com\/de\/produkt\/cycling-tour\/","title":{"rendered":"Radtour"},"content":{"rendered":"<h6 class=\"p1\"><strong>Sprache<\/strong>: Englisch, Indonesisch<\/h6>\n<h2>\u00dcbersicht<\/h2>\n<p class=\"p1\">Mach dich bereit f\u00fcr eine unvergessliche Reise durch einige der sch\u00f6nsten Berglandschaften Balis. Diese gef\u00fchrte Radtour f\u00fchrt dich durch ruhige und malerische Gegenden der Insel, fernab der \u00fcblichen Touristenrouten<\/p>\n<p class=\"p1\">Unsere englischsprachigen Guides, echte Insel-Experten, erz\u00e4hlen spannende Geschichten \u00fcber die Geschichte, Kultur und das lokale Leben in der Region<\/p>\n<p class=\"p1\">Du f\u00e4hrst durch Obstplantagen, wo du anhalten und exotische Fr\u00fcchte frisch vom Baum probieren kannst. Danach f\u00fchrt die Route weiter in den Bambuswald von Taro und bietet ein einzigartiges Naturerlebnis. Zum Abschluss endet dein Radabenteuer im Koko Bambu Restaurant, wo ein leckeres Mittagessen auf dich wartet<\/p>\n<h3>Wichtige Informationen<\/h3>\n<ul>\n<li>Bei der Buchung ist eine Anzahlung von 20 % erforderlich, der Restbetrag wird vor Ort in bar bezahlt<\/li>\n<li>Alternativ k\u00f6nnen Sie den Gesamtbetrag im Voraus mit einer der verf\u00fcgbaren Online-Zahlungsmethoden begleichen.<\/li>\n<li>Geeignet f\u00fcr Personen mit durchschnittlicher k\u00f6rperlicher Fitness.<\/li>\n<li class=\"p1\">Streckenl\u00e4nge: etwa 20 km<\/li>\n<li>Wir treten als Buchungsservice und Vermittler zwischen dem Kunden und dem in Indonesien ans\u00e4ssigen Leistungsanbieter auf.<\/li>\n<li>Wir garantieren transparente, \u00f6ffentlich einsehbare Preise und Bedingungen \u2013 ohne versteckte Geb\u00fchren.<\/li>\n<li>Wir w\u00e4hlen unsere Partner sorgf\u00e4ltig aus und arbeiten st\u00e4ndig daran, die Qualit\u00e4t unseres Services weiter zu verbessern.<\/li>\n<\/ul>\n","protected":false},"excerpt":{"rendered":"<p>Sprache: Englisch, Indonesisch \u00dcbersicht Mach dich bereit f\u00fcr eine unvergessliche Reise durch einige der sch\u00f6nsten Berglandschaften Balis. Diese gef\u00fchrte Radtour f\u00fchrt dich durch ruhige und malerische Gegenden der Insel, fernab der \u00fcblichen Touristenrouten Unsere englischsprachigen Guides, echte Insel-Experten, erz\u00e4hlen spannende Geschichten \u00fcber die Geschichte, Kultur und das lokale Leben in der Region Du f\u00e4hrst durch [&hellip;]<\/p>\n","protected":false},"featured_media":19045,"comment_status":"open","ping_status":"closed","template":"","meta":{"_acf_changed":false},"product_brand":[],"product_cat":[141,513],"product_tag":[],"class_list":{"0":"post-19048","1":"product","2":"type-product","3":"status-publish","4":"has-post-thumbnail","6":"brw_tour_types-gruppenreise","7":"brw_parent_child-parent","8":"product_cat-abenteuer","9":"product_cat-familie","11":"first","12":"instock","13":"shipping-taxable","14":"purchasable","15":"product-type-ovabrw_car_rental"},"acf":[],"_links":{"self":[{"href":"https:\/\/balisoultrips.com\/de\/wp-json\/wp\/v2\/product\/19048","targetHints":{"allow":["GET"]}}],"collection":[{"href":"https:\/\/balisoultrips.com\/de\/wp-json\/wp\/v2\/product"}],"about":[{"href":"https:\/\/balisoultrips.com\/de\/wp-json\/wp\/v2\/types\/product"}],"replies":[{"embeddable":true,"href":"https:\/\/balisoultrips.com\/de\/wp-json\/wp\/v2\/comments?post=19048"}],"wp:featuredmedia":[{"embeddable":true,"href":"https:\/\/balisoultrips.com\/de\/wp-json\/wp\/v2\/media\/19045"}],"wp:attachment":[{"href":"https:\/\/balisoultrips.com\/de\/wp-json\/wp\/v2\/media?parent=19048"}],"wp:term":[{"taxonomy":"product_brand","embeddable":true,"href":"https:\/\/balisoultrips.com\/de\/wp-json\/wp\/v2\/product_brand?post=19048"},{"taxonomy":"product_cat","embeddable":true,"href":"https:\/\/balisoultrips.com\/de\/wp-json\/wp\/v2\/product_cat?post=19048"},{"taxonomy":"product_tag","embeddable":true,"href":"https:\/\/balisoultrips.com\/de\/wp-json\/wp\/v2\/product_tag?post=19048"}],"curies":[{"name":"wp","href":"https:\/\/api.w.org\/{rel}","templated":true}]}}