{"id":18984,"date":"2025-10-09T03:33:23","date_gmt":"2025-10-08T19:33:23","guid":{"rendered":"https:\/\/balisoultrips.com\/product\/diving-with-mantas-manta-point\/"},"modified":"2026-01-15T15:29:03","modified_gmt":"2026-01-15T07:29:03","slug":"diving-with-mantas-manta-point","status":"publish","type":"product","link":"https:\/\/balisoultrips.com\/de\/produkt\/diving-with-mantas-manta-point\/","title":{"rendered":"Tauchen mit Mantarochen"},"content":{"rendered":"<h6 class=\"p1\"><strong>Sprachen:<\/strong> Englisch, Russisch, Indonesisch<\/h6>\n<h2>\u00dcbersicht<\/h2>\n<p class=\"p1\">Manta Point ist einer der beliebtesten Tauchpl\u00e4tze auf Bali<\/p>\n<p class=\"p1\">Der Spot ist bekannt f\u00fcr seine beeindruckende Unterwasserlandschaft mit zahlreichen Felsformationen und sandigen B\u00f6den. Mantarochen kommen hierher zum Putzen und Fressen, da das Gebiet reich an Plankton ist, das sich in den oberfl\u00e4chennahen Wasserschichten nahe der hohen Klippen der Insel Nusa Penida konzentriert<\/p>\n<p class=\"p1\">Ein weiteres Highlight dieser Tour ist Crystal Bay, ein Tauchplatz, der nach seinem au\u00dfergew\u00f6hnlich klaren Wasser benannt ist. Zwischen den Korallenriffen kannst du Clownfische, Nacktschnecken, Mur\u00e4nen, Skorpionfische, Barrakudas und Meeresschildkr\u00f6ten entdecken. Die besondere Attraktion der Crystal Bay ist jedoch der Mondfisch (Mola-Mola) \u2014 im Guinness-Buch der Rekorde f\u00fcr seine beeindruckende Gr\u00f6\u00dfe gelistet<\/p>\n<h3>Wichtige Informationen<\/h3>\n<ul>\n<li class=\"p1\">Buchung nur mit vollst\u00e4ndiger Vorauszahlung.<\/li>\n<li class=\"p1\">Wenn am Tag deines Schnorchelausflugs am Spot Manta Point hoher Wellengang herrscht, beh\u00e4lt sich der Anbieter aus Sicherheitsgr\u00fcnden das Recht vor, einen der Spots durch einen alternativen Ort zu ersetzen<\/li>\n<li class=\"p1\">Das Unternehmen \u00fcbernimmt keine Verantwortung f\u00fcr die Anwesenheit von Mantarochen beim Schnorcheln oder Tauchen. Es handelt sich um Wildtiere, deren Auftauchen nicht garantiert oder genau vorhergesagt werden kann. Manta Point ist jedoch der Ort, an dem sie am h\u00e4ufigsten zu sehen sind, daher sind die Chancen sehr hoch<\/li>\n<li>F\u00fcr Kinder ab 10 Jahren<\/li>\n<li>Fl\u00fcge und Ausfl\u00fcge in H\u00f6henlagen sind f\u00fcr mindestens 12 Stunden nach dem Tauchen nicht erlaubt<\/li>\n<li>Bei Bedarf wird empfohlen, ein Mittel gegen Reisekrankheit einzunehmen<\/li>\n<li>Tauchen ist f\u00fcr alle ohne ernsthafte gesundheitliche Einschr\u00e4nkungen m\u00f6glich<\/li>\n<li>Wir treten als Buchungsservice und Vermittler zwischen dem Kunden und dem in Indonesien ans\u00e4ssigen Leistungsanbieter auf.<\/li>\n<li>Wir garantieren transparente, \u00f6ffentlich einsehbare Preise und Bedingungen \u2013 ohne versteckte Geb\u00fchren.<\/li>\n<li>Wir w\u00e4hlen unsere Partner sorgf\u00e4ltig aus und arbeiten st\u00e4ndig daran, die Qualit\u00e4t unseres Services weiter zu verbessern.<\/li>\n<\/ul>\n","protected":false},"excerpt":{"rendered":"<p>Sprachen: Englisch, Russisch, Indonesisch \u00dcbersicht Manta Point ist einer der beliebtesten Tauchpl\u00e4tze auf Bali Der Spot ist bekannt f\u00fcr seine beeindruckende Unterwasserlandschaft mit zahlreichen Felsformationen und sandigen B\u00f6den. Mantarochen kommen hierher zum Putzen und Fressen, da das Gebiet reich an Plankton ist, das sich in den oberfl\u00e4chennahen Wasserschichten nahe der hohen Klippen der Insel Nusa [&hellip;]<\/p>\n","protected":false},"featured_media":18980,"comment_status":"open","ping_status":"closed","template":"","meta":{"_acf_changed":false},"product_brand":[],"product_cat":[141,552,497,489],"product_tag":[],"class_list":{"0":"post-18984","1":"product","2":"type-product","3":"status-publish","4":"has-post-thumbnail","6":"brw_tour_types-gruppenreise","7":"brw_parent_child-parent","8":"product_cat-abenteuer","9":"product_cat-schnorcheln","10":"product_cat-tauchen","11":"product_cat-balisoultrips-choice","13":"first","14":"instock","15":"featured","16":"shipping-taxable","17":"purchasable","18":"product-type-ovabrw_car_rental"},"acf":[],"_links":{"self":[{"href":"https:\/\/balisoultrips.com\/de\/wp-json\/wp\/v2\/product\/18984","targetHints":{"allow":["GET"]}}],"collection":[{"href":"https:\/\/balisoultrips.com\/de\/wp-json\/wp\/v2\/product"}],"about":[{"href":"https:\/\/balisoultrips.com\/de\/wp-json\/wp\/v2\/types\/product"}],"replies":[{"embeddable":true,"href":"https:\/\/balisoultrips.com\/de\/wp-json\/wp\/v2\/comments?post=18984"}],"wp:featuredmedia":[{"embeddable":true,"href":"https:\/\/balisoultrips.com\/de\/wp-json\/wp\/v2\/media\/18980"}],"wp:attachment":[{"href":"https:\/\/balisoultrips.com\/de\/wp-json\/wp\/v2\/media?parent=18984"}],"wp:term":[{"taxonomy":"product_brand","embeddable":true,"href":"https:\/\/balisoultrips.com\/de\/wp-json\/wp\/v2\/product_brand?post=18984"},{"taxonomy":"product_cat","embeddable":true,"href":"https:\/\/balisoultrips.com\/de\/wp-json\/wp\/v2\/product_cat?post=18984"},{"taxonomy":"product_tag","embeddable":true,"href":"https:\/\/balisoultrips.com\/de\/wp-json\/wp\/v2\/product_tag?post=18984"}],"curies":[{"name":"wp","href":"https:\/\/api.w.org\/{rel}","templated":true}]}}