{"id":18942,"date":"2025-10-09T19:35:15","date_gmt":"2025-10-09T11:35:15","guid":{"rendered":"https:\/\/balisoultrips.com\/product\/surfing\/"},"modified":"2026-01-05T17:00:31","modified_gmt":"2026-01-05T09:00:31","slug":"surfing","status":"publish","type":"product","link":"https:\/\/balisoultrips.com\/de\/produkt\/surfing\/","title":{"rendered":"Surfen"},"content":{"rendered":"<h6 class=\"p1\"><strong>Sprachen:<\/strong> Englisch, Russisch, Indonesisch<\/h6>\n<h2>\u00dcbersicht<\/h2>\n<p class=\"p1\">Surfen ist nicht nur ein Sport \u2014 es ist eine Lebenseinstellung. Das Gef\u00fchl, \u00fcber eine Welle zu gleiten, l\u00e4sst sich kaum beschreiben \u2014 jeder erlebt es anders<\/p>\n<p class=\"p1\">In jedem Fall ist es eine gro\u00dfartige M\u00f6glichkeit, die eigenen k\u00f6rperlichen F\u00e4higkeiten zu testen, neue Emotionen zu erleben, mitten im weiten Ozean die Ruhe zu genie\u00dfen und in der Surfschule neue Freunde zu finden<\/p>\n<p class=\"p1\">Die Surfschule l\u00e4dt dich ein, in die Atmosph\u00e4re eines aktiven Beach-Lifestyles einzutauchen. Hier arbeiten nur erfahrene professionelle Instruktoren. Du kannst zwischen Gruppen- oder Privatunterricht w\u00e4hlen<\/p>\n<p class=\"p1\">Die Unterrichtsstunden finden je nach Prognose und Meeresbedingungen an unterschiedlichen Spots statt \u2014 haupts\u00e4chlich in Jimbaran, Kuta, Nusa Dua und Sanur<\/p>\n<p class=\"p1\">Startzeit und Ort werden durch mehrere Faktoren bestimmt: Gezeiten, Wellenh\u00f6he und Windrichtung<\/p>\n<h3>Wichtige Informationen<\/h3>\n<ul>\n<li>Bei der Buchung ist eine Anzahlung von 20 % erforderlich, der Restbetrag wird vor Ort in bar bezahlt<\/li>\n<li>Alternativ k\u00f6nnen Sie den Gesamtbetrag im Voraus mit einer der verf\u00fcgbaren Online-Zahlungsmethoden begleichen.<\/li>\n<li>Geeignet f\u00fcr Personen mit durchschnittlicher k\u00f6rperlicher Fitness.<\/li>\n<li class=\"p1\">Dauer der Aktivit\u00e4t: ab 2,5 Stunden<\/li>\n<li class=\"p1\">Treffpunkt und Uhrzeit: abh\u00e4ngig von Gezeiten, Wellen und Windbedingungen<\/li>\n<li class=\"p1\">Kondition: geeignet f\u00fcr Personen mit durchschnittlicher Fitness<\/li>\n<li class=\"p1\">Gruppengr\u00f6\u00dfe: 1 Instruktor pro Gruppe mit 3\u20135 Teilnehmern<\/li>\n<li>Wir treten als Buchungsservice und Vermittler zwischen dem Kunden und dem in Indonesien ans\u00e4ssigen Leistungsanbieter auf.<\/li>\n<li>Wir garantieren transparente, \u00f6ffentlich einsehbare Preise und Bedingungen \u2013 ohne versteckte Geb\u00fchren.<\/li>\n<li>Wir w\u00e4hlen unsere Partner sorgf\u00e4ltig aus und arbeiten st\u00e4ndig daran, die Qualit\u00e4t unseres Services weiter zu verbessern.<\/li>\n<\/ul>\n","protected":false},"excerpt":{"rendered":"<p>Sprachen: Englisch, Russisch, Indonesisch \u00dcbersicht Surfen ist nicht nur ein Sport \u2014 es ist eine Lebenseinstellung. Das Gef\u00fchl, \u00fcber eine Welle zu gleiten, l\u00e4sst sich kaum beschreiben \u2014 jeder erlebt es anders In jedem Fall ist es eine gro\u00dfartige M\u00f6glichkeit, die eigenen k\u00f6rperlichen F\u00e4higkeiten zu testen, neue Emotionen zu erleben, mitten im weiten Ozean die [&hellip;]<\/p>\n","protected":false},"featured_media":18938,"comment_status":"open","ping_status":"closed","template":"","meta":{"_acf_changed":false},"product_brand":[],"product_cat":[505],"product_tag":[],"class_list":{"0":"post-18942","1":"product","2":"type-product","3":"status-publish","4":"has-post-thumbnail","6":"brw_tour_types-gruppenreise","7":"brw_tour_types-private-tour","8":"brw_parent_child-parent","9":"product_cat-extrem","11":"first","12":"instock","13":"shipping-taxable","14":"purchasable","15":"product-type-ovabrw_car_rental"},"acf":[],"_links":{"self":[{"href":"https:\/\/balisoultrips.com\/de\/wp-json\/wp\/v2\/product\/18942","targetHints":{"allow":["GET"]}}],"collection":[{"href":"https:\/\/balisoultrips.com\/de\/wp-json\/wp\/v2\/product"}],"about":[{"href":"https:\/\/balisoultrips.com\/de\/wp-json\/wp\/v2\/types\/product"}],"replies":[{"embeddable":true,"href":"https:\/\/balisoultrips.com\/de\/wp-json\/wp\/v2\/comments?post=18942"}],"wp:featuredmedia":[{"embeddable":true,"href":"https:\/\/balisoultrips.com\/de\/wp-json\/wp\/v2\/media\/18938"}],"wp:attachment":[{"href":"https:\/\/balisoultrips.com\/de\/wp-json\/wp\/v2\/media?parent=18942"}],"wp:term":[{"taxonomy":"product_brand","embeddable":true,"href":"https:\/\/balisoultrips.com\/de\/wp-json\/wp\/v2\/product_brand?post=18942"},{"taxonomy":"product_cat","embeddable":true,"href":"https:\/\/balisoultrips.com\/de\/wp-json\/wp\/v2\/product_cat?post=18942"},{"taxonomy":"product_tag","embeddable":true,"href":"https:\/\/balisoultrips.com\/de\/wp-json\/wp\/v2\/product_tag?post=18942"}],"curies":[{"name":"wp","href":"https:\/\/api.w.org\/{rel}","templated":true}]}}