{"id":18902,"date":"2025-10-10T16:45:04","date_gmt":"2025-10-10T08:45:04","guid":{"rendered":"https:\/\/balisoultrips.com\/product\/paragliding-in-bali\/"},"modified":"2025-12-27T18:11:39","modified_gmt":"2025-12-27T10:11:39","slug":"paragliding-in-bali","status":"publish","type":"product","link":"https:\/\/balisoultrips.com\/de\/produkt\/paragliding-in-bali\/","title":{"rendered":"Paragliding auf Bali"},"content":{"rendered":"<h6 class=\"p1\"><strong>Sprache<\/strong>: Englisch, Indonesisch<\/h6>\n<h2>\u00dcbersicht<\/h2>\n<p class=\"p1\">Erlebe Bali aus der Vogelperspektive \u2013 sieh wilde Natur, das glitzernde Meer und unber\u00fchrte Str\u00e4nde von oben<\/p>\n<p class=\"p1\">Paragliding ist ein unvergessliches Abenteuer, das jeder mindestens einmal erleben sollte!<\/p>\n<p class=\"p1\">Wenn du an der Basis ankommst, stellt dir der Instructor die gesamte notwendige Ausr\u00fcstung zur Verf\u00fcgung. Nach einer kurzen Einweisung geht es zum Startpunkt<\/p>\n<p class=\"p1\">Die Gleitschirme starten der Reihe nach, daher musst du auf deinen Start warten<\/p>\n<p class=\"p1\">Dein Tandemflug mit Instructor dauert etwa 15 Minuten<\/p>\n<p class=\"p1\">W\u00e4hrend des Flugs wirst du mit einer Weitwinkel-Digitalkamera ausgestattet, die nicht nur die atemberaubenden Ausblicke, sondern auch dein strahlendes L\u00e4cheln festh\u00e4lt<\/p>\n<h3>Wichtige Informationen<\/h3>\n<ul>\n<li>Bei der Buchung ist eine Anzahlung von 20 % erforderlich, der Restbetrag wird vor Ort in bar bezahlt<\/li>\n<li>Alternativ k\u00f6nnen Sie den Gesamtbetrag im Voraus mit einer der verf\u00fcgbaren Online-Zahlungsmethoden begleichen.<\/li>\n<li class=\"p1\">Die Buchung ist am Tag des Flugs m\u00f6glich<\/li>\n<li class=\"p1\">Bitte best\u00e4tige die Wetterbedingungen vor der Buchung mit dem Manager<\/li>\n<li>Durchschnittliche Flugzeit: 15 Minuten<\/li>\n<li>Altersgrenze: ab 5 Jahren<\/li>\n<li>Gewichtsgrenze: bis 100 kg<\/li>\n<li>Datei\u00fcbertragung: Du ben\u00f6tigst mindestens 5 GB freien Speicherplatz, um das GoPro-Material zu erhalten<\/li>\n<li>Tandemfl\u00fcge: Zwei Kinder oder ein Erwachsener mit einem Kind k\u00f6nnen gemeinsam mit einem Instructor fliegen, der Preis wird jedoch pro Person berechnet<\/li>\n<li>Wir treten als Buchungsservice und Vermittler zwischen dem Kunden und dem in Indonesien ans\u00e4ssigen Leistungsanbieter auf.<\/li>\n<li>Wir garantieren transparente, \u00f6ffentlich einsehbare Preise und Bedingungen \u2013 ohne versteckte Geb\u00fchren.<\/li>\n<li>Wir w\u00e4hlen unsere Partner sorgf\u00e4ltig aus und arbeiten st\u00e4ndig daran, die Qualit\u00e4t unseres Services weiter zu verbessern.<\/li>\n<\/ul>\n","protected":false},"excerpt":{"rendered":"<p>Sprache: Englisch, Indonesisch \u00dcbersicht Erlebe Bali aus der Vogelperspektive \u2013 sieh wilde Natur, das glitzernde Meer und unber\u00fchrte Str\u00e4nde von oben Paragliding ist ein unvergessliches Abenteuer, das jeder mindestens einmal erleben sollte! Wenn du an der Basis ankommst, stellt dir der Instructor die gesamte notwendige Ausr\u00fcstung zur Verf\u00fcgung. Nach einer kurzen Einweisung geht es zum [&hellip;]<\/p>\n","protected":false},"featured_media":18898,"comment_status":"open","ping_status":"closed","template":"","meta":{"_acf_changed":false},"product_brand":[],"product_cat":[505],"product_tag":[],"class_list":{"0":"post-18902","1":"product","2":"type-product","3":"status-publish","4":"has-post-thumbnail","6":"brw_tour_types-private-tour","7":"brw_parent_child-parent","8":"product_cat-extrem","10":"first","11":"instock","12":"shipping-taxable","13":"purchasable","14":"product-type-ovabrw_car_rental"},"acf":[],"_links":{"self":[{"href":"https:\/\/balisoultrips.com\/de\/wp-json\/wp\/v2\/product\/18902","targetHints":{"allow":["GET"]}}],"collection":[{"href":"https:\/\/balisoultrips.com\/de\/wp-json\/wp\/v2\/product"}],"about":[{"href":"https:\/\/balisoultrips.com\/de\/wp-json\/wp\/v2\/types\/product"}],"replies":[{"embeddable":true,"href":"https:\/\/balisoultrips.com\/de\/wp-json\/wp\/v2\/comments?post=18902"}],"wp:featuredmedia":[{"embeddable":true,"href":"https:\/\/balisoultrips.com\/de\/wp-json\/wp\/v2\/media\/18898"}],"wp:attachment":[{"href":"https:\/\/balisoultrips.com\/de\/wp-json\/wp\/v2\/media?parent=18902"}],"wp:term":[{"taxonomy":"product_brand","embeddable":true,"href":"https:\/\/balisoultrips.com\/de\/wp-json\/wp\/v2\/product_brand?post=18902"},{"taxonomy":"product_cat","embeddable":true,"href":"https:\/\/balisoultrips.com\/de\/wp-json\/wp\/v2\/product_cat?post=18902"},{"taxonomy":"product_tag","embeddable":true,"href":"https:\/\/balisoultrips.com\/de\/wp-json\/wp\/v2\/product_tag?post=18902"}],"curies":[{"name":"wp","href":"https:\/\/api.w.org\/{rel}","templated":true}]}}