{"id":18877,"date":"2025-10-12T22:08:19","date_gmt":"2025-10-12T14:08:19","guid":{"rendered":"https:\/\/balisoultrips.com\/product\/mount-batur-sunrise-trekking\/"},"modified":"2025-12-25T17:48:45","modified_gmt":"2025-12-25T09:48:45","slug":"mount-batur-sunrise-trekking","status":"publish","type":"product","link":"https:\/\/balisoultrips.com\/de\/produkt\/mount-batur-sunrise-trekking\/","title":{"rendered":"Sonnenaufgangs-Trekking am Mount Batur"},"content":{"rendered":"<p class=\"p1\">Wenn du dich traust, nachts den aktiven, derzeit aber ruhenden Mount Batur mit 1.818 Metern H\u00f6he zu besteigen, wirst du bei Sonnenaufgang mit atemberaubenden Ausblicken auf eine der gr\u00f6\u00dften Calderas S\u00fcdostasiens belohnt<\/p>\n","protected":false},"excerpt":{"rendered":"[products ids=\"11406,11400\" columns=\"3\"]\n","protected":false},"featured_media":18876,"comment_status":"open","ping_status":"closed","template":"","meta":{"_acf_changed":false},"product_brand":[],"product_cat":[141,576],"product_tag":[],"class_list":{"0":"post-18877","1":"product","2":"type-product","3":"status-publish","4":"has-post-thumbnail","6":"brw_tour_types-gruppenreise","7":"brw_tour_types-private-tour","8":"brw_parent_child-parent","9":"product_cat-abenteuer","10":"product_cat-vulkane","12":"first","13":"instock","14":"shipping-taxable","15":"purchasable","16":"product-type-ovabrw_car_rental"},"acf":[],"_links":{"self":[{"href":"https:\/\/balisoultrips.com\/de\/wp-json\/wp\/v2\/product\/18877","targetHints":{"allow":["GET"]}}],"collection":[{"href":"https:\/\/balisoultrips.com\/de\/wp-json\/wp\/v2\/product"}],"about":[{"href":"https:\/\/balisoultrips.com\/de\/wp-json\/wp\/v2\/types\/product"}],"replies":[{"embeddable":true,"href":"https:\/\/balisoultrips.com\/de\/wp-json\/wp\/v2\/comments?post=18877"}],"wp:featuredmedia":[{"embeddable":true,"href":"https:\/\/balisoultrips.com\/de\/wp-json\/wp\/v2\/media\/18876"}],"wp:attachment":[{"href":"https:\/\/balisoultrips.com\/de\/wp-json\/wp\/v2\/media?parent=18877"}],"wp:term":[{"taxonomy":"product_brand","embeddable":true,"href":"https:\/\/balisoultrips.com\/de\/wp-json\/wp\/v2\/product_brand?post=18877"},{"taxonomy":"product_cat","embeddable":true,"href":"https:\/\/balisoultrips.com\/de\/wp-json\/wp\/v2\/product_cat?post=18877"},{"taxonomy":"product_tag","embeddable":true,"href":"https:\/\/balisoultrips.com\/de\/wp-json\/wp\/v2\/product_tag?post=18877"}],"curies":[{"name":"wp","href":"https:\/\/api.w.org\/{rel}","templated":true}]}}