{"id":18757,"date":"2025-10-13T18:39:18","date_gmt":"2025-10-13T10:39:18","guid":{"rendered":"https:\/\/balisoultrips.com\/product\/climbing-mount-agung\/"},"modified":"2025-12-23T18:17:33","modified_gmt":"2025-12-23T10:17:33","slug":"climbing-mount-agung","status":"publish","type":"product","link":"https:\/\/balisoultrips.com\/de\/produkt\/climbing-mount-agung\/","title":{"rendered":"Besteigung des Mount Agung"},"content":{"rendered":"<h6 class=\"p1\"><strong>Sprache<\/strong>: Englisch, Indonesisch<\/h6>\n<h2>\u00dcbersicht<\/h2>\n<p class=\"p1\">Der Agung ist einer der aktiven Vulkane Indonesiens und der h\u00f6chste Punkt auf Bali, er erhebt sich 3.142 Meter \u00fcber dem Meeresspiegel. Die Einheimischen glauben, dass die G\u00f6tter auf seinem Gipfel wohnen, und nennen ihn den \u201eGro\u00dfen Berg\u201c. Es gibt viele Legenden \u00fcber den Agung \u2014 alle besagen, dass der Vulkan Bali vor b\u00f6sen Kr\u00e4ften sch\u00fctzt und das spirituelle Zentrum der Insel ist<\/p>\n<p class=\"p1\">Pilger und Reisende wollten ihn schon immer bezwingen. Die Besteigung des Mount Agung ist eine ernsthafte Herausforderung, selbst f\u00fcr Menschen in sehr guter k\u00f6rperlicher Verfassung. Der Aufstieg f\u00fchrt \u00fcber einen steilen, felsigen Hang mit einer Neigung von etwa 45 Grad. Der Aufstieg dauert 4\u20136 Stunden, und der Abstieg ben\u00f6tigt ungef\u00e4hr dieselbe Zeit. W\u00e4hrend der gesamten Tour werden die Knie stark belastet<\/p>\n<p class=\"p1\">Doch der Sonnenaufgang auf dem Gipfel des \u201eGro\u00dfen Berges\u201c ist jeden Schritt wert. \u00dcber den Wolken \u2014 dort, wo die G\u00f6tter wohnen \u2014 wirst du sehen, wie die Sonne erwacht und die Erde mit ihren ersten Strahlen ber\u00fchrt. Das sind wirklich magische Momente!<\/p>\n<h3>Wichtige Informationen<\/h3>\n<ul>\n<li>Buchung nur mit vollst\u00e4ndiger Vorauszahlung.<\/li>\n<li>H\u00f6he des Vulkans: 3142 Meter<\/li>\n<li>Ein Guide begleitet zwei bis drei Personen<\/li>\n<li>Die durchschnittliche Zeit f\u00fcr Aufstieg und Abstieg betr\u00e4gt etwa 14\u201316 Stunden<\/li>\n<li>Die Streckenl\u00e4nge bis zum Krater betr\u00e4gt 14,5 km<\/li>\n<li class=\"p1\">Die Besteigung des Mount Agung ist eine anspruchsvolle k\u00f6rperliche Herausforderung und erfordert eine gute Vorbereitung<\/li>\n<li class=\"p1\">Personen mit Gelenk- oder Herzerkrankungen d\u00fcrfen nicht teilnehmen<\/li>\n<li class=\"p1\">Die Guides, die dich w\u00e4hrend des Aufstiegs begleiten, sprechen m\u00f6glicherweise kein Englisch und verf\u00fcgen eventuell nicht \u00fcber professionelle Guiding-F\u00e4higkeiten. Daher h\u00e4ngt die Sicherheit der Besteigung zu einem gro\u00dfen Teil von deiner k\u00f6rperlichen Verfassung und deiner Vorbereitung ab<\/li>\n<li>An den H\u00e4ngen des Vulkans gibt es keine M\u00f6glichkeiten, Mineralwasser oder Snacks zu kaufen, daher ist es besser, alles im Voraus vorzubereiten<\/li>\n<li>Wichtig: BaliSoulTrips.com \u00fcbernimmt keine Verantwortung f\u00fcr die Wetterbedingungen an den von dir gebuchten Terminen. Das Wetter in der Caldera des Agung ist unberechenbar \u2014 Nebel, Regen und geringe Sicht sind w\u00e4hrend des Aufstiegs m\u00f6glich, besonders in der Regenzeit<\/li>\n<li>Wir treten als Buchungsservice und Vermittler zwischen dem Kunden und dem in Indonesien ans\u00e4ssigen Leistungsanbieter auf.<\/li>\n<li>Wir garantieren transparente, \u00f6ffentlich einsehbare Preise und Bedingungen \u2013 ohne versteckte Geb\u00fchren.<\/li>\n<li>Wir w\u00e4hlen unsere Partner sorgf\u00e4ltig aus und arbeiten st\u00e4ndig daran, die Qualit\u00e4t unseres Services weiter zu verbessern.<\/li>\n<\/ul>\n","protected":false},"excerpt":{"rendered":"<p>Sprache: Englisch, Indonesisch \u00dcbersicht Der Agung ist einer der aktiven Vulkane Indonesiens und der h\u00f6chste Punkt auf Bali, er erhebt sich 3.142 Meter \u00fcber dem Meeresspiegel. Die Einheimischen glauben, dass die G\u00f6tter auf seinem Gipfel wohnen, und nennen ihn den \u201eGro\u00dfen Berg\u201c. Es gibt viele Legenden \u00fcber den Agung \u2014 alle besagen, dass der Vulkan [&hellip;]<\/p>\n","protected":false},"featured_media":18752,"comment_status":"open","ping_status":"closed","template":"","meta":{"_acf_changed":false},"product_brand":[],"product_cat":[141,576],"product_tag":[],"class_list":{"0":"post-18757","1":"product","2":"type-product","3":"status-publish","4":"has-post-thumbnail","6":"brw_tour_types-private-tour","7":"brw_parent_child-parent","8":"product_cat-abenteuer","9":"product_cat-vulkane","11":"first","12":"instock","13":"shipping-taxable","14":"purchasable","15":"product-type-ovabrw_car_rental"},"acf":[],"_links":{"self":[{"href":"https:\/\/balisoultrips.com\/de\/wp-json\/wp\/v2\/product\/18757","targetHints":{"allow":["GET"]}}],"collection":[{"href":"https:\/\/balisoultrips.com\/de\/wp-json\/wp\/v2\/product"}],"about":[{"href":"https:\/\/balisoultrips.com\/de\/wp-json\/wp\/v2\/types\/product"}],"replies":[{"embeddable":true,"href":"https:\/\/balisoultrips.com\/de\/wp-json\/wp\/v2\/comments?post=18757"}],"wp:featuredmedia":[{"embeddable":true,"href":"https:\/\/balisoultrips.com\/de\/wp-json\/wp\/v2\/media\/18752"}],"wp:attachment":[{"href":"https:\/\/balisoultrips.com\/de\/wp-json\/wp\/v2\/media?parent=18757"}],"wp:term":[{"taxonomy":"product_brand","embeddable":true,"href":"https:\/\/balisoultrips.com\/de\/wp-json\/wp\/v2\/product_brand?post=18757"},{"taxonomy":"product_cat","embeddable":true,"href":"https:\/\/balisoultrips.com\/de\/wp-json\/wp\/v2\/product_cat?post=18757"},{"taxonomy":"product_tag","embeddable":true,"href":"https:\/\/balisoultrips.com\/de\/wp-json\/wp\/v2\/product_tag?post=18757"}],"curies":[{"name":"wp","href":"https:\/\/api.w.org\/{rel}","templated":true}]}}