{"id":18689,"date":"2025-10-13T19:18:06","date_gmt":"2025-10-13T11:18:06","guid":{"rendered":"https:\/\/balisoultrips.com\/product\/mount-rinjani-trekking\/"},"modified":"2025-12-23T16:07:27","modified_gmt":"2025-12-23T08:07:27","slug":"mount-rinjani-trekking","status":"publish","type":"product","link":"https:\/\/balisoultrips.com\/de\/produkt\/mount-rinjani-trekking\/","title":{"rendered":"Trekking am Mount Rinjani"},"content":{"rendered":"<h6 class=\"p1\"><strong>Sprache<\/strong>: Englisch, Indonesisch<\/h6>\n<h2>\u00dcbersicht<\/h2>\n<p class=\"p1\">Das ist ein echtes Abenteuer mit \u00dcbernachtungen in Zelten unter dem Sternenhimmel, frisch am Lagerfeuer zubereiteten Mahlzeiten und der M\u00f6glichkeit, in nat\u00fcrlichen hei\u00dfen Quellen innerhalb der Vulkan-Caldera zu entspannen. An jedem Tag erwarten Sie lange Wanderungen von 6 bis 10 Stunden durch abwechslungsreiche Landschaften<\/p>\n<p class=\"p1\">Unter der Leitung eines erfahrenen Guides und mit Unterst\u00fctzung aufmerksamer Tr\u00e4ger erkunden Sie den aktiven Mount Rinjani und genie\u00dfen atemberaubende Ausblicke auf Berglandschaften, die von Sonnenauf- und -unterg\u00e4ngen in Farbe getaucht werden. Sie tauchen ein in die geheimnisvolle Atmosph\u00e4re vulkanischer Krater, darunter auch der Krater im Herzen des Caldera-Sees<\/p>\n<p class=\"p1\">Sie erreichen eine H\u00f6he von 3.726 Metern \u00fcber dem Meeresspiegel. Die Tour umfasst nicht nur den Aufstieg bis zum Gipfel des Rinjani, sondern auch den Abstieg zum Kratersee, wo Sie in hei\u00dfen Quellen entspannen k\u00f6nnen<\/p>\n<p class=\"p1\">Wenn Sie bereit f\u00fcr eine Herausforderung sind und bereits Trekking-Erfahrung haben, laden wir Sie zu diesem einzigartigen Abenteuer am Mount Rinjani ein \u2014 eine Reise voller beeindruckender Vulkanlandschaften und unvergesslicher Eindr\u00fccke<\/p>\n<h3 class=\"p1\">Saisonalit\u00e4t:<\/h3>\n<ul>\n<li class=\"p1\"><strong>April \u2013 September<\/strong>: die beste Reisezeit;<\/li>\n<li class=\"p1\"><strong>Oktober \u2013 Dezember<\/strong>: weiterhin m\u00f6glich, aber die Regenzeit beginnt;<\/li>\n<li class=\"p1\">Januar \u2013 M\u00e4rz: f\u00fcr Trekking geschlossen<\/li>\n<\/ul>\n<h3>Wichtige Informationen<\/h3>\n<ul>\n<li>Buchung nur mit vollst\u00e4ndiger Vorauszahlung.<\/li>\n<li>H\u00f6he des Vulkans: 3726 Meter<\/li>\n<li class=\"p1\">F\u00fcr Personen mit guter k\u00f6rperlicher Fitness und Trekking-Erfahrung<\/li>\n<li class=\"p1\">Jacken, Trekkingst\u00f6cke, Powerbanks und Taschenlampen\/Stirnlampen k\u00f6nnen bei der Registrierung gemietet werden (bitte informieren Sie Ihren Manager im Voraus)<\/li>\n<li class=\"p1\">W\u00e4hrend der Wanderung tr\u00e4gt der Tr\u00e4ger ausschlie\u00dflich Essen, Getr\u00e4nke, K\u00fcchenausr\u00fcstung und Camping-Equipment<\/li>\n<li class=\"p1\">Wenn Sie einen Tr\u00e4ger f\u00fcr Ihr pers\u00f6nliches Gep\u00e4ck ben\u00f6tigen, buchen Sie bitte die Option \u201ePorter+\u201c<\/li>\n<li class=\"p1\">Kinder ab 10 Jahren sind erlaubt<\/li>\n<li class=\"p1\">Sie k\u00f6nnen die Insel Lombok mit dem Speedboat vom Hafen Padangbai aus erreichen oder per Flug vom Flughafen Ngurah Rai<\/li>\n<li class=\"p1\">BaliSoulTrips.com ist nicht verantwortlich f\u00fcr die Wetterbedingungen an den Daten Ihrer Tour. Das Wetter in der Caldera des Mount Rinjani ist unberechenbar \u2014 Nebel, Regen und schlechte Sicht sind m\u00f6glich, besonders w\u00e4hrend der Regenzeit<\/li>\n<li class=\"p1\">Wir empfehlen nicht, Reisen zu anderen Inseln zu planen, wenn Ihr Abflug von Bali in weniger als zwei Tagen stattfindet<\/li>\n<li>Wir treten als Buchungsservice und Vermittler zwischen dem Kunden und dem in Indonesien ans\u00e4ssigen Leistungsanbieter auf.<\/li>\n<li>Wir garantieren transparente, \u00f6ffentlich einsehbare Preise und Bedingungen \u2013 ohne versteckte Geb\u00fchren.<\/li>\n<li>Wir w\u00e4hlen unsere Partner sorgf\u00e4ltig aus und arbeiten st\u00e4ndig daran, die Qualit\u00e4t unseres Services weiter zu verbessern.<\/li>\n<\/ul>\n","protected":false},"excerpt":{"rendered":"<p>Sprache: Englisch, Indonesisch \u00dcbersicht Das ist ein echtes Abenteuer mit \u00dcbernachtungen in Zelten unter dem Sternenhimmel, frisch am Lagerfeuer zubereiteten Mahlzeiten und der M\u00f6glichkeit, in nat\u00fcrlichen hei\u00dfen Quellen innerhalb der Vulkan-Caldera zu entspannen. An jedem Tag erwarten Sie lange Wanderungen von 6 bis 10 Stunden durch abwechslungsreiche Landschaften Unter der Leitung eines erfahrenen Guides und [&hellip;]<\/p>\n","protected":false},"featured_media":18682,"comment_status":"open","ping_status":"closed","template":"","meta":{"_acf_changed":false},"product_brand":[],"product_cat":[141,576,489],"product_tag":[],"class_list":{"0":"post-18689","1":"product","2":"type-product","3":"status-publish","4":"has-post-thumbnail","6":"brw_tour_types-private-tour","7":"brw_parent_child-parent","8":"product_cat-abenteuer","9":"product_cat-vulkane","10":"product_cat-balisoultrips-choice","12":"first","13":"instock","14":"featured","15":"shipping-taxable","16":"purchasable","17":"product-type-ovabrw_car_rental"},"acf":[],"_links":{"self":[{"href":"https:\/\/balisoultrips.com\/de\/wp-json\/wp\/v2\/product\/18689","targetHints":{"allow":["GET"]}}],"collection":[{"href":"https:\/\/balisoultrips.com\/de\/wp-json\/wp\/v2\/product"}],"about":[{"href":"https:\/\/balisoultrips.com\/de\/wp-json\/wp\/v2\/types\/product"}],"replies":[{"embeddable":true,"href":"https:\/\/balisoultrips.com\/de\/wp-json\/wp\/v2\/comments?post=18689"}],"wp:featuredmedia":[{"embeddable":true,"href":"https:\/\/balisoultrips.com\/de\/wp-json\/wp\/v2\/media\/18682"}],"wp:attachment":[{"href":"https:\/\/balisoultrips.com\/de\/wp-json\/wp\/v2\/media?parent=18689"}],"wp:term":[{"taxonomy":"product_brand","embeddable":true,"href":"https:\/\/balisoultrips.com\/de\/wp-json\/wp\/v2\/product_brand?post=18689"},{"taxonomy":"product_cat","embeddable":true,"href":"https:\/\/balisoultrips.com\/de\/wp-json\/wp\/v2\/product_cat?post=18689"},{"taxonomy":"product_tag","embeddable":true,"href":"https:\/\/balisoultrips.com\/de\/wp-json\/wp\/v2\/product_tag?post=18689"}],"curies":[{"name":"wp","href":"https:\/\/api.w.org\/{rel}","templated":true}]}}