{"id":18633,"date":"2025-10-14T11:10:09","date_gmt":"2025-10-14T03:10:09","guid":{"rendered":"https:\/\/balisoultrips.com\/product\/waterpark-in-bali\/"},"modified":"2025-12-22T16:48:53","modified_gmt":"2025-12-22T08:48:53","slug":"waterpark-in-bali","status":"publish","type":"product","link":"https:\/\/balisoultrips.com\/de\/produkt\/waterpark-in-bali\/","title":{"rendered":"Wasserpark auf Bali"},"content":{"rendered":"<h6 class=\"p1\"><strong>Sprache<\/strong>: Englisch, Indonesisch<\/h6>\n<h2>\u00dcbersicht<\/h2>\n<p class=\"p1\">Im Herzen von Balis \u0442\u0443\u0440\u0438\u0441\u0442ischem Zentrum, in der Region Kuta, befindet sich eine echte Oase tropischer Abenteuer \u2014 Waterbom Bali<\/p>\n<p class=\"p1\">Der Park bietet 17 Rutschen mit unterschiedlichen Schwierigkeitsgraden. Starten Sie mit den entspannteren Bahnen, um in Stimmung zu kommen, oder erleben Sie den Spa\u00df gemeinsam auf einem riesigen aufblasbaren Reifen \u2014 perfekt f\u00fcr Kinder und Erwachsene. Adrenalin-Fans sollten die Climax-Rutsche nicht verpassen: Aus 16 Metern H\u00f6he treten Sie in eine Kapsel, der Boden klappt pl\u00f6tzlich weg, und Sie st\u00fcrzen in einem atemberaubenden Free-Fall senkrecht nach unten<\/p>\n<p class=\"p1\">Waterbom Bali ist der perfekte Ort, um mit Freunden, Familie oder Kindern zu entspannen. Hier erwarten Sie nicht nur Action und Spa\u00df, sondern auch erstklassige Sicherheit und Komfort. Kein Wunder, dass dieser Wasserpark als einer der besten in Asien gilt und bei jedem Besucher unvergessliche Eindr\u00fccke hinterl\u00e4sst<\/p>\n<h3>Wichtige Informationen<\/h3>\n<ul>\n<li class=\"p1\">Buchung nur mit vollst\u00e4ndiger Vorauszahlung.<\/li>\n<li class=\"p1\">Kinderticket: 2\u201311 Jahre<\/li>\n<li class=\"p1\">Kinder unter 2 Jahren: kostenlos<\/li>\n<li class=\"p1\">Kinder unter 11 Jahren m\u00fcssen im Wasserpark von ihren Eltern begleitet werden<\/li>\n<li class=\"p1\">Das Mitbringen von Speisen und Getr\u00e4nken von au\u00dferhalb in den Park ist verboten<\/li>\n<li class=\"p1\">Ein Schlie\u00dffach f\u00fcr Wertsachen ist gegen Aufpreis verf\u00fcgbar: 70.000 IDR f\u00fcr ein Standard-Schlie\u00dffach oder 85.000 IDR f\u00fcr ein Familien-Schlie\u00dffach. F\u00fcr jedes Schlie\u00dffach ist eine r\u00fcckerstattbare Kaution von 20.000 IDR erforderlich, die nach R\u00fcckgabe des Schlie\u00dffachschl\u00fcssels zur\u00fcckgezahlt wird<\/li>\n<li class=\"p1\">Sie erhalten au\u00dferdem ein Armband \u2014 einen elektronischen Schl\u00fcssel f\u00fcr das Schlie\u00dffach. F\u00fcr das Armband ist eine Kaution von 10.000 IDR erforderlich, die nach Ihrem Besuch an der Kasse zur\u00fcckerstattet wird<\/li>\n<li class=\"p1\">Bitte stellen Sie sicher, dass Ihre Badekleidung keine Metallaccessoires, Rei\u00dfverschl\u00fcsse oder Verschl\u00fcsse hat \u2014 aus Sicherheitsgr\u00fcnden kann der Zugang zu einigen Rutschen sonst eingeschr\u00e4nkt werden<\/li>\n<li>Wir treten als Buchungsservice und Vermittler zwischen dem Kunden und dem in Indonesien ans\u00e4ssigen Leistungsanbieter auf.<\/li>\n<li>Wir garantieren transparente, \u00f6ffentlich einsehbare Preise und Bedingungen \u2013 ohne versteckte Geb\u00fchren.<\/li>\n<li>Wir w\u00e4hlen unsere Partner sorgf\u00e4ltig aus und arbeiten st\u00e4ndig daran, die Qualit\u00e4t unseres Services weiter zu verbessern.<\/li>\n<\/ul>\n","protected":false},"excerpt":{"rendered":"<p>Sprache: Englisch, Indonesisch \u00dcbersicht Im Herzen von Balis \u0442\u0443\u0440\u0438\u0441\u0442ischem Zentrum, in der Region Kuta, befindet sich eine echte Oase tropischer Abenteuer \u2014 Waterbom Bali Der Park bietet 17 Rutschen mit unterschiedlichen Schwierigkeitsgraden. Starten Sie mit den entspannteren Bahnen, um in Stimmung zu kommen, oder erleben Sie den Spa\u00df gemeinsam auf einem riesigen aufblasbaren Reifen \u2014 [&hellip;]<\/p>\n","protected":false},"featured_media":18628,"comment_status":"open","ping_status":"closed","template":"","meta":{"_acf_changed":false},"product_brand":[],"product_cat":[513,489],"product_tag":[],"class_list":{"0":"post-18633","1":"product","2":"type-product","3":"status-publish","4":"has-post-thumbnail","6":"brw_tour_types-gruppenreise","7":"brw_parent_child-parent","8":"product_cat-familie","9":"product_cat-balisoultrips-choice","11":"first","12":"instock","13":"featured","14":"shipping-taxable","15":"purchasable","16":"product-type-ovabrw_car_rental"},"acf":[],"_links":{"self":[{"href":"https:\/\/balisoultrips.com\/de\/wp-json\/wp\/v2\/product\/18633","targetHints":{"allow":["GET"]}}],"collection":[{"href":"https:\/\/balisoultrips.com\/de\/wp-json\/wp\/v2\/product"}],"about":[{"href":"https:\/\/balisoultrips.com\/de\/wp-json\/wp\/v2\/types\/product"}],"replies":[{"embeddable":true,"href":"https:\/\/balisoultrips.com\/de\/wp-json\/wp\/v2\/comments?post=18633"}],"wp:featuredmedia":[{"embeddable":true,"href":"https:\/\/balisoultrips.com\/de\/wp-json\/wp\/v2\/media\/18628"}],"wp:attachment":[{"href":"https:\/\/balisoultrips.com\/de\/wp-json\/wp\/v2\/media?parent=18633"}],"wp:term":[{"taxonomy":"product_brand","embeddable":true,"href":"https:\/\/balisoultrips.com\/de\/wp-json\/wp\/v2\/product_brand?post=18633"},{"taxonomy":"product_cat","embeddable":true,"href":"https:\/\/balisoultrips.com\/de\/wp-json\/wp\/v2\/product_cat?post=18633"},{"taxonomy":"product_tag","embeddable":true,"href":"https:\/\/balisoultrips.com\/de\/wp-json\/wp\/v2\/product_tag?post=18633"}],"curies":[{"name":"wp","href":"https:\/\/api.w.org\/{rel}","templated":true}]}}