{"id":18565,"date":"2025-10-14T12:46:00","date_gmt":"2025-10-14T04:46:00","guid":{"rendered":"https:\/\/balisoultrips.com\/product\/2-day-tour-to-the-dolphins\/"},"modified":"2025-12-20T20:06:41","modified_gmt":"2025-12-20T12:06:41","slug":"2-day-tour-to-the-dolphins","status":"publish","type":"product","link":"https:\/\/balisoultrips.com\/de\/produkt\/2-day-tour-to-the-dolphins\/","title":{"rendered":"2-Tages-Tour zu den Delfinen und dem Geheimnis der nebligen Berge"},"content":{"rendered":"<h6 class=\"p1\"><strong>Sprache<\/strong>: Englisch, Indonesisch<\/h6>\n<h2>\u00dcbersicht<\/h2>\n<p class=\"p1\">Das ist Ihre Chance, wilde Delfine in ihrem nat\u00fcrlichen Lebensraum zu beobachten. Es ist \u0434\u0430\u0432\u043d\u043e bewiesen, dass Delfine einzigartige Wesen sind, die selbst aus der Ferne positive Energie ausstrahlen. Sie werden Ihre Emotionen und Ihr L\u00e4cheln kaum zur\u00fcckhalten k\u00f6nnen, wenn Sie sehen, wie sie frei im weiten Ozean spielen, Sie necken und neben Ihrem Boot um die Wette schwimmen!<\/p>\n<p class=\"p1\">Bitte beachten Sie: Auch wenn die Wahrscheinlichkeit, Delfine zu sehen, sehr hoch ist, kann dies nicht garantiert werden<\/p>\n<p class=\"p1\">W\u00e4hrend dieser Reise gehen Sie au\u00dferdem auf Trekking durch einen gro\u00dfen Komplex aus acht Wasserf\u00e4llen. Das Highlight ist der majest\u00e4tische Sekumpul-Wasserfall mit einer H\u00f6he von 80 Metern. Hier k\u00f6nnen Sie einen nat\u00fcrlichen Dschungel-Wasserpark genie\u00dfen und auf nat\u00fcrlichen Wasserrutschen hinabgleiten. Am Aling-Aling-Wasserfall k\u00f6nnen Sie Ihrer Tour zus\u00e4tzlich Adrenalin verleihen, indem Sie von Klippen aus 5 bis 15 Metern H\u00f6he springen<\/p>\n<h3>Wichtige Informationen<\/h3>\n<ul>\n<li>Buchung nur mit vollst\u00e4ndiger Vorauszahlung.<\/li>\n<li>Kinder unter 5 Jahren \u2014 kostenlos<\/li>\n<li>Ein Zimmer bietet Platz f\u00fcr bis zu zwei G\u00e4ste. F\u00fcr 3\u20134 G\u00e4ste werden zwei Zimmer bereitgestellt<\/li>\n<li>In der Hochsaison <strong>(15. Juli \u2013 15. August und 24. Dezember \u2013 5. Januar) <\/strong>f\u00e4llt ein Aufpreis von 150.000 IDR (~10 $) pro Zimmer an<\/li>\n<li>Kapazit\u00e4tslimit: Das Fahrzeug kann bis zu 4 erwachsene Passagiere bef\u00f6rdern<\/li>\n<li>Kindersitze: Kinder belegen im Fahrzeug ebenfalls einen eigenen Sitzplatz, au\u00dfer wenn sie auf dem Scho\u00df eines Erwachsenen sitzen. Wenn die Reise mehrere Erwachsene und ein Kind umfasst, wird der Preis pro Person nur anhand der Anzahl der Erwachsenen berechnet<\/li>\n<li>Wenn die Gesamtzahl der Passagiere 4 \u00fcberschreitet, stellen wir zu Ihrem Komfort entweder zwei Fahrzeuge oder einen Minibus bereit. In solchen F\u00e4llen wird der Gesamtpreis vom Manager zum Zeitpunkt der Buchung individuell berechnet<\/li>\n<li>Der Besuch von Tempeln wird Frauen w\u00e4hrend der Menstruation oder Schwangerschaft nicht empfohlen<\/li>\n<li>Wir treten als Buchungsservice und Vermittler zwischen dem Kunden und dem in Indonesien ans\u00e4ssigen Leistungsanbieter auf.<\/li>\n<li class=\"p1\">In seltenen F\u00e4llen von \u00dcberbuchung oder unvorhergesehenen Umst\u00e4nden beh\u00e4lt sich der Anbieter das Recht vor, das gebuchte Hotel durch ein anderes Haus derselben Kategorie und Preisklasse zu ersetzen.<\/li>\n<li>Wir garantieren transparente, \u00f6ffentlich einsehbare Preise und Bedingungen \u2013 ohne versteckte Geb\u00fchren.<\/li>\n<li>Wir w\u00e4hlen unsere Partner sorgf\u00e4ltig aus und arbeiten st\u00e4ndig daran, die Qualit\u00e4t unseres Services weiter zu verbessern.<\/li>\n<\/ul>\n","protected":false},"excerpt":{"rendered":"<p>Sprache: Englisch, Indonesisch \u00dcbersicht Das ist Ihre Chance, wilde Delfine in ihrem nat\u00fcrlichen Lebensraum zu beobachten. Es ist \u0434\u0430\u0432\u043d\u043e bewiesen, dass Delfine einzigartige Wesen sind, die selbst aus der Ferne positive Energie ausstrahlen. Sie werden Ihre Emotionen und Ihr L\u00e4cheln kaum zur\u00fcckhalten k\u00f6nnen, wenn Sie sehen, wie sie frei im weiten Ozean spielen, Sie necken [&hellip;]<\/p>\n","protected":false},"featured_media":18556,"comment_status":"open","ping_status":"closed","template":"","meta":{"_acf_changed":false},"product_brand":[],"product_cat":[141,529],"product_tag":[],"class_list":{"0":"post-18565","1":"product","2":"type-product","3":"status-publish","4":"has-post-thumbnail","6":"brw_tour_types-private-tour","7":"brw_parent_child-parent","8":"product_cat-abenteuer","9":"product_cat-natur","11":"first","12":"instock","13":"shipping-taxable","14":"purchasable","15":"product-type-ovabrw_car_rental"},"acf":[],"_links":{"self":[{"href":"https:\/\/balisoultrips.com\/de\/wp-json\/wp\/v2\/product\/18565","targetHints":{"allow":["GET"]}}],"collection":[{"href":"https:\/\/balisoultrips.com\/de\/wp-json\/wp\/v2\/product"}],"about":[{"href":"https:\/\/balisoultrips.com\/de\/wp-json\/wp\/v2\/types\/product"}],"replies":[{"embeddable":true,"href":"https:\/\/balisoultrips.com\/de\/wp-json\/wp\/v2\/comments?post=18565"}],"wp:featuredmedia":[{"embeddable":true,"href":"https:\/\/balisoultrips.com\/de\/wp-json\/wp\/v2\/media\/18556"}],"wp:attachment":[{"href":"https:\/\/balisoultrips.com\/de\/wp-json\/wp\/v2\/media?parent=18565"}],"wp:term":[{"taxonomy":"product_brand","embeddable":true,"href":"https:\/\/balisoultrips.com\/de\/wp-json\/wp\/v2\/product_brand?post=18565"},{"taxonomy":"product_cat","embeddable":true,"href":"https:\/\/balisoultrips.com\/de\/wp-json\/wp\/v2\/product_cat?post=18565"},{"taxonomy":"product_tag","embeddable":true,"href":"https:\/\/balisoultrips.com\/de\/wp-json\/wp\/v2\/product_tag?post=18565"}],"curies":[{"name":"wp","href":"https:\/\/api.w.org\/{rel}","templated":true}]}}