{"id":18487,"date":"2025-10-15T19:53:39","date_gmt":"2025-10-15T11:53:39","guid":{"rendered":"https:\/\/balisoultrips.com\/product\/tour-of-balis-southern-beaches\/"},"modified":"2025-12-18T19:14:28","modified_gmt":"2025-12-18T11:14:28","slug":"tour-of-balis-southern-beaches","status":"publish","type":"product","link":"https:\/\/balisoultrips.com\/de\/produkt\/tour-of-balis-southern-beaches\/","title":{"rendered":"Tour zu den Str\u00e4nden im S\u00fcden Balis"},"content":{"rendered":"<h6 class=\"p1\"><strong>Sprachen:<\/strong> Englisch, Russisch, Indonesisch<\/h6>\n<h2>\u00dcbersicht<\/h2>\n<p class=\"p1\">Der Melasti Beach, umgeben von Klippen und Felsen, begeistert mit t\u00fcrkisfarbenem Wasser, das perfekt zum Schwimmen ist. Hier kannst du dich abk\u00fchlen, in einem Strandcaf\u00e9 eine frische Kokosnuss trinken und ganz in die entspannte Inselatmosph\u00e4re eintauchen. Die gem\u00fctliche Padang-Padang-Bucht, eingebettet zwischen wei\u00dfen, mit tropischem Gr\u00fcn bewachsenen Klippen, bietet nicht nur traumhafte Fotomotive, sondern auch unvergessliche Eindr\u00fccke. Das Wasser ist hier meist ruhig und eignet sich daher zu jeder Tageszeit ideal zum Baden<\/p>\n<p class=\"p1\">Der Balangan Beach \u0432\u043f\u0435\u0447\u0430\u0442\u043b\u044f\u0435\u0442 mit seinen K\u00fcstenriffen und nat\u00fcrlichen Pools, und seine einzigartige Landschaft l\u00e4sst niemanden unber\u00fchrt. Vom Dreamland-Aussichtspunkt genie\u00dft du atemberaubende Ausblicke auf die Str\u00e4nde Dreamland und Bingin, wo goldener Sand wundersch\u00f6n mit dem t\u00fcrkisfarbenen Ozean und hohen Wellen kontrastiert. Surfer beim Wellenreiten zu beobachten, inspiriert und gibt dir die M\u00f6glichkeit, magische Fotos aufzunehmen<\/p>\n<p class=\"p1\">Zum Abschluss des Tages entspannst du in einem Caf\u00e9 auf einer Klippe mit Blick auf den Ozean und genie\u00dft einen spektakul\u00e4ren Sonnenuntergang<\/p>\n<h3 class=\"p1\"><b>Hauptstr\u00e4nde, die ihr besucht:<\/b><b><\/b><\/h3>\n<ul>\n<li class=\"p2\">Balangan (viewpoint overlooking the beach) (<a href=\"https:\/\/maps.app.goo.gl\/2zgBEPC1R3VtomyXA\" target=\"_blank\" rel=\"noopener\">Google Maps<\/a>)<\/li>\n<li class=\"p2\">Melasti (<a href=\"https:\/\/maps.app.goo.gl\/HABb1nzMA3crgZe17\" target=\"_blank\" rel=\"noopener\">Google Maps<\/a>)<\/li>\n<li class=\"p2\">Dreamland (viewpoint overlooking the beach) (<a href=\"https:\/\/maps.app.goo.gl\/VhQdf7j3qZpdSDDJA\" target=\"_blank\" rel=\"noopener\">Google Maps<\/a>)<\/li>\n<li class=\"p2\">Padang Padang (<a href=\"https:\/\/maps.app.goo.gl\/UjjoD1SYzuS6bht28\" target=\"_blank\" rel=\"noopener\">Google Maps<\/a>)<\/li>\n<li class=\"p2\">Uluwatu (<a href=\"https:\/\/maps.app.goo.gl\/qfwsPuyX3qrZDj6Q8\" target=\"_blank\" rel=\"noopener\">Google Maps<\/a>)<\/li>\n<\/ul>\n<h3>Wichtige Informationen<\/h3>\n<ul>\n<li class=\"p1\">Buchung nur mit vollst\u00e4ndiger Vorauszahlung.<\/li>\n<li>Durchschnittliche Tourdauer: 7\u20138 Stunden<\/li>\n<li>Kinder von 0\u20132 Jahren: kostenlos<\/li>\n<li>BaliSoulTrips.com ist nicht verantwortlich f\u00fcr die Wetterbedingungen an den Tagen deiner Tour<\/li>\n<li>Wir treten als Buchungsservice und Vermittler zwischen dem Kunden und dem in Indonesien ans\u00e4ssigen Leistungsanbieter auf.<\/li>\n<li>Wir garantieren transparente, \u00f6ffentlich einsehbare Preise und Bedingungen \u2013 ohne versteckte Geb\u00fchren.<\/li>\n<li>Wir w\u00e4hlen unsere Partner sorgf\u00e4ltig aus und arbeiten st\u00e4ndig daran, die Qualit\u00e4t unseres Services weiter zu verbessern.<\/li>\n<\/ul>\n","protected":false},"excerpt":{"rendered":"<p>Sprachen: Englisch, Russisch, Indonesisch \u00dcbersicht Der Melasti Beach, umgeben von Klippen und Felsen, begeistert mit t\u00fcrkisfarbenem Wasser, das perfekt zum Schwimmen ist. Hier kannst du dich abk\u00fchlen, in einem Strandcaf\u00e9 eine frische Kokosnuss trinken und ganz in die entspannte Inselatmosph\u00e4re eintauchen. Die gem\u00fctliche Padang-Padang-Bucht, eingebettet zwischen wei\u00dfen, mit tropischem Gr\u00fcn bewachsenen Klippen, bietet nicht nur [&hellip;]<\/p>\n","protected":false},"featured_media":18482,"comment_status":"open","ping_status":"closed","template":"","meta":{"_acf_changed":false},"product_brand":[],"product_cat":[513,529],"product_tag":[],"class_list":{"0":"post-18487","1":"product","2":"type-product","3":"status-publish","4":"has-post-thumbnail","6":"brw_tour_types-private-gruppe","7":"brw_parent_child-parent","8":"product_cat-familie","9":"product_cat-natur","11":"first","12":"instock","13":"shipping-taxable","14":"purchasable","15":"product-type-ovabrw_car_rental"},"acf":[],"_links":{"self":[{"href":"https:\/\/balisoultrips.com\/de\/wp-json\/wp\/v2\/product\/18487","targetHints":{"allow":["GET"]}}],"collection":[{"href":"https:\/\/balisoultrips.com\/de\/wp-json\/wp\/v2\/product"}],"about":[{"href":"https:\/\/balisoultrips.com\/de\/wp-json\/wp\/v2\/types\/product"}],"replies":[{"embeddable":true,"href":"https:\/\/balisoultrips.com\/de\/wp-json\/wp\/v2\/comments?post=18487"}],"wp:featuredmedia":[{"embeddable":true,"href":"https:\/\/balisoultrips.com\/de\/wp-json\/wp\/v2\/media\/18482"}],"wp:attachment":[{"href":"https:\/\/balisoultrips.com\/de\/wp-json\/wp\/v2\/media?parent=18487"}],"wp:term":[{"taxonomy":"product_brand","embeddable":true,"href":"https:\/\/balisoultrips.com\/de\/wp-json\/wp\/v2\/product_brand?post=18487"},{"taxonomy":"product_cat","embeddable":true,"href":"https:\/\/balisoultrips.com\/de\/wp-json\/wp\/v2\/product_cat?post=18487"},{"taxonomy":"product_tag","embeddable":true,"href":"https:\/\/balisoultrips.com\/de\/wp-json\/wp\/v2\/product_tag?post=18487"}],"curies":[{"name":"wp","href":"https:\/\/api.w.org\/{rel}","templated":true}]}}