{"id":18429,"date":"2025-10-15T20:24:33","date_gmt":"2025-10-15T12:24:33","guid":{"rendered":"https:\/\/balisoultrips.com\/product\/borobudur-and-prambanan-temples\/"},"modified":"2025-12-18T15:52:57","modified_gmt":"2025-12-18T07:52:57","slug":"borobudur-and-prambanan-temples","status":"publish","type":"product","link":"https:\/\/balisoultrips.com\/de\/produkt\/borobudur-and-prambanan-temples\/","title":{"rendered":"Borobudur- und Prambanan-Tempel"},"content":{"rendered":"<h6 class=\"p1\"><strong>Sprachen:<\/strong> Englisch, Russisch, Indonesisch<\/h6>\n<h2>\u00dcbersicht<\/h2>\n<p class=\"p1\">Wenn Sie ein uraltes buddhistisches Heiligtum erleben m\u00f6chten, sollten Sie unbedingt den Borobudur-Tempel in Indonesien besuchen, der auch als \u201eSteinlotus\u201c bekannt ist. Man geht davon aus, dass er im 9. Jahrhundert erbaut wurde. Lange Zeit war dieser Ort ein Zentrum buddhistischer Pilgerfahrten, sp\u00e4ter geriet er f\u00fcr viele Jahrhunderte in Vergessenheit. Erst im 19. Jahrhundert wurde der Tempel wiederentdeckt<\/p>\n<p class=\"p1\">Zeitgleich mit Borobudur wurde der hinduistische Tempelkomplex Prambanan errichtet. Hier k\u00f6nnen Sie den geheimnisvollen und wundersch\u00f6nen Shiva-Tempel besuchen. In der N\u00e4he befinden sich Tempel, die Vishnu und Brahma gewidmet sind, sowie drei Schreine zu Ehren der heiligen Tiere, die die G\u00f6tter begleiten<\/p>\n<p class=\"p1\">Ein weiterer faszinierender Ort ist der Kraton-Palast, der vom Leben der javanischen Sultane im 19. Jahrhundert erz\u00e4hlt. Obwohl Teile der Anlage durch Kriege und Erdbeben zerst\u00f6rt wurden, vermittelt der restaurierte Bereich einen Eindruck ihrer fr\u00fcheren Pracht \u2014 mit eleganten Pavillons und Kan\u00e4len<\/p>\n<h3 class=\"p1\">Wir bieten Hoteloptionen an (f\u00fcr Tickets mit Hotel):<\/h3>\n<ul>\n<li class=\"p1\">\n<div class=\"ui-badge__left\"><strong><span class=\"ui-badge__inner\">Jambuluwuk Hotel <\/span><\/strong>(<a href=\"https:\/\/maps.app.goo.gl\/xs6n37xjogmUFh6n6\" target=\"_blank\" rel=\"noopener\">Google Maps<\/a>)<\/div>\n<\/li>\n<\/ul>\n<h3>Wichtige Informationen<\/h3>\n<ul>\n<li class=\"p1\">Buchung nur mit vollst\u00e4ndiger Vorauszahlung.<\/li>\n<li class=\"p1\">Bitte achten Sie bei der Buchung der Tickets auf den Ankunftsflughafen<\/li>\n<li class=\"p1\">Sie m\u00fcssen am Yogyakarta International Airport (YIA) ankommen, nicht in Jakarta<\/li>\n<li class=\"p1\">Empfohlene Ankunftszeit: zwischen 7:00 und 8:00<\/li>\n<li class=\"p1\">Empfohlene Abflugzeit: nach 13:00<\/li>\n<li class=\"p1\">In der Hochsaison <strong>(23. M\u00e4rz \u2013 6. April \/ 22. Dezember \u2013 31. Dezember)<\/strong> f\u00e4llt eine zus\u00e4tzliche Geb\u00fchr von 1.040.000 IDR (~64 USD) an<\/li>\n<li class=\"p1\">Der Borobudur-Tempel ist montags geschlossen<\/li>\n<li class=\"p1\">Tourzeit: 08:00 \u2013 18:00<\/li>\n<li class=\"p1\">Kinder von 0\u20133 Jahren: kostenlos<\/li>\n<li class=\"p1\">Kinder ab 3 Jahren: Erwachsenentarif<\/li>\n<li class=\"p1\">Der Besuch der Tempel wird Frauen w\u00e4hrend der Menstruation nicht empfohlen<\/li>\n<li>Wir treten als Buchungsservice und Vermittler zwischen dem Kunden und dem in Indonesien ans\u00e4ssigen Leistungsanbieter auf.<\/li>\n<li>Wir garantieren transparente, \u00f6ffentlich einsehbare Preise und Bedingungen \u2013 ohne versteckte Geb\u00fchren.<\/li>\n<li>Wir w\u00e4hlen unsere Partner sorgf\u00e4ltig aus und arbeiten st\u00e4ndig daran, die Qualit\u00e4t unseres Services weiter zu verbessern.<\/li>\n<\/ul>\n","protected":false},"excerpt":{"rendered":"<p>Sprachen: Englisch, Russisch, Indonesisch \u00dcbersicht Wenn Sie ein uraltes buddhistisches Heiligtum erleben m\u00f6chten, sollten Sie unbedingt den Borobudur-Tempel in Indonesien besuchen, der auch als \u201eSteinlotus\u201c bekannt ist. Man geht davon aus, dass er im 9. Jahrhundert erbaut wurde. Lange Zeit war dieser Ort ein Zentrum buddhistischer Pilgerfahrten, sp\u00e4ter geriet er f\u00fcr viele Jahrhunderte in Vergessenheit. [&hellip;]<\/p>\n","protected":false},"featured_media":18422,"comment_status":"open","ping_status":"closed","template":"","meta":{"_acf_changed":false},"product_brand":[],"product_cat":[521,584],"product_tag":[],"class_list":{"0":"post-18429","1":"product","2":"type-product","3":"status-publish","4":"has-post-thumbnail","6":"brw_tour_types-private-tour","7":"brw_parent_child-parent","8":"product_cat-inseln","9":"product_cat-kultur","11":"first","12":"instock","13":"shipping-taxable","14":"purchasable","15":"product-type-ovabrw_car_rental"},"acf":[],"_links":{"self":[{"href":"https:\/\/balisoultrips.com\/de\/wp-json\/wp\/v2\/product\/18429","targetHints":{"allow":["GET"]}}],"collection":[{"href":"https:\/\/balisoultrips.com\/de\/wp-json\/wp\/v2\/product"}],"about":[{"href":"https:\/\/balisoultrips.com\/de\/wp-json\/wp\/v2\/types\/product"}],"replies":[{"embeddable":true,"href":"https:\/\/balisoultrips.com\/de\/wp-json\/wp\/v2\/comments?post=18429"}],"wp:featuredmedia":[{"embeddable":true,"href":"https:\/\/balisoultrips.com\/de\/wp-json\/wp\/v2\/media\/18422"}],"wp:attachment":[{"href":"https:\/\/balisoultrips.com\/de\/wp-json\/wp\/v2\/media?parent=18429"}],"wp:term":[{"taxonomy":"product_brand","embeddable":true,"href":"https:\/\/balisoultrips.com\/de\/wp-json\/wp\/v2\/product_brand?post=18429"},{"taxonomy":"product_cat","embeddable":true,"href":"https:\/\/balisoultrips.com\/de\/wp-json\/wp\/v2\/product_cat?post=18429"},{"taxonomy":"product_tag","embeddable":true,"href":"https:\/\/balisoultrips.com\/de\/wp-json\/wp\/v2\/product_tag?post=18429"}],"curies":[{"name":"wp","href":"https:\/\/api.w.org\/{rel}","templated":true}]}}