{"id":18201,"date":"2025-10-16T13:13:38","date_gmt":"2025-10-16T05:13:38","guid":{"rendered":"https:\/\/balisoultrips.com\/product\/devdan-show\/"},"modified":"2025-12-15T16:07:51","modified_gmt":"2025-12-15T08:07:51","slug":"devdan-show","status":"publish","type":"product","link":"https:\/\/balisoultrips.com\/de\/produkt\/devdan-show\/","title":{"rendered":"Devdan Show"},"content":{"rendered":"<h6 class=\"p1\"><strong>Sprache<\/strong>: Englisch, Indonesisch<\/h6>\n<h2>\u00dcbersicht<\/h2>\n<p class=\"p1\">Wir empfehlen dir sehr, die Devdan Show zu besuchen, um deine Abende auf Bali abwechslungsreicher und spannender zu gestalten. Diese balinesische Version des Cirque du Soleil geh\u00f6rt definitiv zu den Must-See-Attraktionen der Insel<\/p>\n<p class=\"p1\">W\u00e4hrend dieser energiegeladenen Nonstop-Show erwarten dich beeindruckende Spezialeffekte, wundersch\u00f6n dekorierte B\u00fchnen, gro\u00dfformatige Requisiten und unglaublich farbenfrohe traditionelle Kost\u00fcme. Die professionellen T\u00e4nzer der Devdan Show begeistern mit au\u00dfergew\u00f6hnlicher Choreografie und Akrobatik und pr\u00e4sentieren sowohl traditionelle als auch moderne indonesische Kultur von Inseln wie Java, Sumatra, Sulawesi, Bali, Papua und vielen mehr. Sound, Licht und Feuereffekte sind so gestaltet, dass sie einen starken und unvergesslichen Eindruck hinterlassen<\/p>\n<p class=\"p1\"><strong>Die Show findet montags, mittwochs und samstags um 19:30 Uhr statt<\/strong><\/p>\n<p><img fetchpriority=\"high\" decoding=\"async\" class=\"alignnone size-medium wp-image-11537\" src=\"https:\/\/balisoultrips.com\/wp-content\/uploads\/2025\/10\/Devdan_stage-300x176.png\" alt=\"\" width=\"300\" height=\"176\" srcset=\"https:\/\/balisoultrips.com\/wp-content\/uploads\/2025\/10\/Devdan_stage-300x176.png 300w, https:\/\/balisoultrips.com\/wp-content\/uploads\/2025\/10\/Devdan_stage-768x449.png 768w, https:\/\/balisoultrips.com\/wp-content\/uploads\/2025\/10\/Devdan_stage-600x351.png 600w, https:\/\/balisoultrips.com\/wp-content\/uploads\/2025\/10\/Devdan_stage.png 800w\" sizes=\"(max-width: 300px) 100vw, 300px\" \/><\/p>\n<h3>Wichtige Informationen<\/h3>\n<ul>\n<li class=\"p1\">Buchung nur mit vollst\u00e4ndiger Vorauszahlung.<\/li>\n<li class=\"p1\">Show verf\u00fcgbar: Montag, Mittwoch, Freitag und Samstag um 19:30 Uhr<\/li>\n<li class=\"p1\">Dauer der Show: 60 Minuten<\/li>\n<li class=\"p1\">Kindertickets sind f\u00fcr Kinder von 4 bis 12 Jahren verf\u00fcgbar (au\u00dfer VIP-Kategorie)<\/li>\n<li class=\"p1\">Kinder unter 4 Jahren k\u00f6nnen die Show kostenlos besuchen, m\u00fcssen aber einen Sitzplatz mit ihren Eltern teilen<\/li>\n<li class=\"p1\">Babys unter 2 Jahren sind im Theater nicht erlaubt, da sie w\u00e4hrend der Show ablenken k\u00f6nnen<\/li>\n<li>Wir treten als Buchungsservice und Vermittler zwischen dem Kunden und dem in Indonesien ans\u00e4ssigen Leistungsanbieter auf.<\/li>\n<li>Wir garantieren transparente, \u00f6ffentlich einsehbare Preise und Bedingungen \u2013 ohne versteckte Geb\u00fchren.<\/li>\n<li>Wir w\u00e4hlen unsere Partner sorgf\u00e4ltig aus und arbeiten st\u00e4ndig daran, die Qualit\u00e4t unseres Services weiter zu verbessern.<\/li>\n<\/ul>\n","protected":false},"excerpt":{"rendered":"<p>Sprache: Englisch, Indonesisch \u00dcbersicht Wir empfehlen dir sehr, die Devdan Show zu besuchen, um deine Abende auf Bali abwechslungsreicher und spannender zu gestalten. Diese balinesische Version des Cirque du Soleil geh\u00f6rt definitiv zu den Must-See-Attraktionen der Insel W\u00e4hrend dieser energiegeladenen Nonstop-Show erwarten dich beeindruckende Spezialeffekte, wundersch\u00f6n dekorierte B\u00fchnen, gro\u00dfformatige Requisiten und unglaublich farbenfrohe traditionelle Kost\u00fcme. [&hellip;]<\/p>\n","protected":false},"featured_media":18195,"comment_status":"open","ping_status":"closed","template":"","meta":{"_acf_changed":false},"product_brand":[],"product_cat":[513,584,489],"product_tag":[],"class_list":{"0":"post-18201","1":"product","2":"type-product","3":"status-publish","4":"has-post-thumbnail","6":"brw_tour_types-gruppenreise","7":"brw_parent_child-parent","8":"product_cat-familie","9":"product_cat-kultur","10":"product_cat-balisoultrips-choice","12":"first","13":"instock","14":"featured","15":"shipping-taxable","16":"purchasable","17":"product-type-ovabrw_car_rental"},"acf":[],"_links":{"self":[{"href":"https:\/\/balisoultrips.com\/de\/wp-json\/wp\/v2\/product\/18201","targetHints":{"allow":["GET"]}}],"collection":[{"href":"https:\/\/balisoultrips.com\/de\/wp-json\/wp\/v2\/product"}],"about":[{"href":"https:\/\/balisoultrips.com\/de\/wp-json\/wp\/v2\/types\/product"}],"replies":[{"embeddable":true,"href":"https:\/\/balisoultrips.com\/de\/wp-json\/wp\/v2\/comments?post=18201"}],"wp:featuredmedia":[{"embeddable":true,"href":"https:\/\/balisoultrips.com\/de\/wp-json\/wp\/v2\/media\/18195"}],"wp:attachment":[{"href":"https:\/\/balisoultrips.com\/de\/wp-json\/wp\/v2\/media?parent=18201"}],"wp:term":[{"taxonomy":"product_brand","embeddable":true,"href":"https:\/\/balisoultrips.com\/de\/wp-json\/wp\/v2\/product_brand?post=18201"},{"taxonomy":"product_cat","embeddable":true,"href":"https:\/\/balisoultrips.com\/de\/wp-json\/wp\/v2\/product_cat?post=18201"},{"taxonomy":"product_tag","embeddable":true,"href":"https:\/\/balisoultrips.com\/de\/wp-json\/wp\/v2\/product_tag?post=18201"}],"curies":[{"name":"wp","href":"https:\/\/api.w.org\/{rel}","templated":true}]}}