{"id":18117,"date":"2025-10-16T15:27:47","date_gmt":"2025-10-16T07:27:47","guid":{"rendered":"https:\/\/balisoultrips.com\/product\/canyoning-tours\/"},"modified":"2025-12-12T15:59:41","modified_gmt":"2025-12-12T07:59:41","slug":"canyoning-tours","status":"publish","type":"product","link":"https:\/\/balisoultrips.com\/de\/produkt\/canyoning-tours\/","title":{"rendered":"Canyoning-Abenteuer auf Bali"},"content":{"rendered":"<h6 class=\"p1\"><strong>Sprache<\/strong>: Englisch, Indonesisch<\/h6>\n<h2>\u00dcbersicht<\/h2>\n<p class=\"p1\">Dies ist eine Gelegenheit, durch wilde Dschungel und Schluchten zu wandern, beeindruckende Wasserfalllandschaften zu sehen und die Welt des extremen Abenteuers in voller Sicherheit zu erleben<\/p>\n<p class=\"p1\">Auch ohne besondere Klettererfahrung kann jede Person diese Tour bew\u00e4ltigen und viele Eindr\u00fccke sowie eine ordentliche Portion Adrenalin mitnehmen<\/p>\n<p class=\"p1\">Canyoning umfasst verschiedene Arten von Abseilen: Spr\u00fcnge von Wasserf\u00e4llen in unterschiedlichen H\u00f6hen, Rutschen \u00fcber nat\u00fcrliche Felsrinnen, das Abseilen am Karabiner \u2013 dabei l\u00e4sst du einfach die H\u00e4nde locker und gleitest am Seil hinunter \u2013 sowie ein \u201eAbklettern\u201c an der Felswand mit Hilfe von Seilen und Karabinern<\/p>\n<p class=\"p1\">Erfahrene Guides, die unterwegs f\u00fcr deine Sicherheit sorgen, st\u00e4rken den Teamgeist und schaffen eine lockere, angenehme Atmosph\u00e4re<\/p>\n<p class=\"p1\">Wir empfehlen Canyoning allen, die die wundersch\u00f6ne Natur der Insel entdecken und einen Tag auf eine ungew\u00f6hnliche, spannende Art verbringen m\u00f6chten<\/p>\n<h3 class=\"p1\">Programme<\/h3>\n<p class=\"p1\"><b>Route \u201eGitGit\u201c<\/b><br \/>\n<b><\/b><em>F\u00fcr Personen mit durchschnittlicher k\u00f6rperlicher Fitness<br \/>\n<\/em><strong>Das Programm umfasst:<\/strong><\/p>\n<ul>\n<li class=\"p1\">Einf\u00fchrung in die Grundlagen der Verwendung der Sicherheitsausr\u00fcstung<\/li>\n<li class=\"p1\">6 Abseilpassagen aus H\u00f6hen von bis zu 15 Metern<\/li>\n<li class=\"p1\">4 Spr\u00fcnge von Wasserf\u00e4llen aus H\u00f6hen von ca. 3 bis 8 Metern<\/li>\n<li class=\"p1\">5 nat\u00fcrliche Felsrutschen mit einer L\u00e4nge von ca. 3 bis 7 Metern<\/li>\n<li class=\"p1\">Zeit im Canyon: ca. 2\u20133 Stunden<\/li>\n<\/ul>\n<p>&nbsp;<\/p>\n<p class=\"p1\"><b>Route \u201eSambangan Canyon\u201c<\/b><br \/>\n<b><\/b><em>F\u00fcr Personen mit durchschnittlicher k\u00f6rperlicher Fitness<br \/>\n<\/em><strong>Das Programm umfasst:<\/strong><\/p>\n<ul>\n<li class=\"p1\">Einf\u00fchrung in die Grundlagen der Verwendung der Sicherheitsausr\u00fcstung<\/li>\n<li class=\"p1\">6 Abseilpassagen aus H\u00f6hen von bis zu 12 Metern<\/li>\n<li class=\"p1\">4 Spr\u00fcnge von Wasserf\u00e4llen aus H\u00f6hen von ca. 3 bis 8 Metern<\/li>\n<li class=\"p1\">7 nat\u00fcrliche Felsrutschen mit einer L\u00e4nge von ca. 3 bis 7 Metern<\/li>\n<li class=\"p1\">Zeit im Canyon: ca. 2\u20133 Stunden<\/li>\n<\/ul>\n<p>&nbsp;<\/p>\n<p class=\"p1\"><b>Route \u201eAlam Canyon\u201c<\/b><br \/>\n<b><\/b><em>F\u00fcr Personen mit guter k\u00f6rperlicher Fitness<br \/>\n<\/em><strong>Das Programm umfasst:<\/strong><\/p>\n<ul>\n<li class=\"p1\">Einf\u00fchrung in die Grundlagen der Verwendung der Sicherheitsausr\u00fcstung<\/li>\n<li class=\"p1\">12 Abseilpassagen aus H\u00f6hen von bis zu 32 Metern<\/li>\n<li class=\"p1\">6 Spr\u00fcnge von Wasserf\u00e4llen aus H\u00f6hen von ca. 3 bis 8 Metern<\/li>\n<li class=\"p1\">7 nat\u00fcrliche Felsrutschen mit einer L\u00e4nge von ca. 3 bis 7 Metern<\/li>\n<li class=\"p1\">Zeit im Canyon: ca. 4\u20135 Stunden<\/li>\n<\/ul>\n<p>&nbsp;<\/p>\n<p class=\"p1\"><b>Route \u201eAling Canyon\u201c<\/b><br \/>\n<b><\/b><em>F\u00fcr Personen mit guter k\u00f6rperlicher Fitness<br \/>\n<\/em><strong>Das Programm umfasst:<\/strong><\/p>\n<ul>\n<li class=\"p1\">Einf\u00fchrung in die Grundlagen der Verwendung der Sicherheitsausr\u00fcstung<\/li>\n<li class=\"p1\">7 Abseilpassagen aus H\u00f6hen von bis zu 35 Metern<\/li>\n<li class=\"p1\">7 Spr\u00fcnge von Wasserf\u00e4llen aus H\u00f6hen von ca. 3 bis 15 Metern<\/li>\n<li class=\"p1\">2 nat\u00fcrliche Felsrutschen mit einer L\u00e4nge von ca. 6 bis 12 Metern<\/li>\n<li class=\"p1\">Zeit im Canyon: ca. 4\u20135 Stunden<\/li>\n<\/ul>\n<h3>Wichtige Informationen<\/h3>\n<ul>\n<li>Bei der Buchung ist eine Anzahlung von 20 % erforderlich, der Restbetrag wird vor Ort in bar bezahlt<\/li>\n<li>Alternativ k\u00f6nnen Sie den Gesamtbetrag im Voraus mit einer der verf\u00fcgbaren Online-Zahlungsmethoden begleichen.<\/li>\n<li class=\"p1\">Bei einer Buchung f\u00fcr 1 Person f\u00e4llt ein zus\u00e4tzlicher Transferzuschlag an \u2013 von 200 000 IDR bis 400 000 IDR, bitte den genauen Betrag bei deinem Ansprechpartner erfragen<\/li>\n<li class=\"p1\">Je nach gew\u00e4hlter Route ist das Programm f\u00fcr Teilnehmer mit geringer, durchschnittlicher oder guter k\u00f6rperlicher Fitness geeignet<\/li>\n<li class=\"p1\">F\u00fcr Kinder ab 10 Jahren<\/li>\n<li class=\"p1\">Durchschnittliche Zeit im Canyon: 2\u20133 Stunden oder 4\u20135 Stunden, je nach gew\u00e4hltem Programm<\/li>\n<li>Wir treten als Buchungsservice und Vermittler zwischen dem Kunden und dem in Indonesien ans\u00e4ssigen Leistungsanbieter auf.<\/li>\n<li>Wir garantieren transparente, \u00f6ffentlich einsehbare Preise und Bedingungen \u2013 ohne versteckte Geb\u00fchren.<\/li>\n<li>Wir w\u00e4hlen unsere Partner sorgf\u00e4ltig aus und arbeiten st\u00e4ndig daran, die Qualit\u00e4t unseres Services weiter zu verbessern.<\/li>\n<\/ul>\n","protected":false},"excerpt":{"rendered":"<p>Sprache: Englisch, Indonesisch \u00dcbersicht Dies ist eine Gelegenheit, durch wilde Dschungel und Schluchten zu wandern, beeindruckende Wasserfalllandschaften zu sehen und die Welt des extremen Abenteuers in voller Sicherheit zu erleben Auch ohne besondere Klettererfahrung kann jede Person diese Tour bew\u00e4ltigen und viele Eindr\u00fccke sowie eine ordentliche Portion Adrenalin mitnehmen Canyoning umfasst verschiedene Arten von Abseilen: [&hellip;]<\/p>\n","protected":false},"featured_media":18112,"comment_status":"open","ping_status":"closed","template":"","meta":{"_acf_changed":false},"product_brand":[],"product_cat":[141,505,529,489],"product_tag":[],"class_list":{"0":"post-18117","1":"product","2":"type-product","3":"status-publish","4":"has-post-thumbnail","6":"brw_tour_types-private-gruppe","7":"brw_parent_child-parent","8":"product_cat-abenteuer","9":"product_cat-extrem","10":"product_cat-natur","11":"product_cat-balisoultrips-choice","13":"first","14":"instock","15":"featured","16":"shipping-taxable","17":"purchasable","18":"product-type-ovabrw_car_rental"},"acf":[],"_links":{"self":[{"href":"https:\/\/balisoultrips.com\/de\/wp-json\/wp\/v2\/product\/18117","targetHints":{"allow":["GET"]}}],"collection":[{"href":"https:\/\/balisoultrips.com\/de\/wp-json\/wp\/v2\/product"}],"about":[{"href":"https:\/\/balisoultrips.com\/de\/wp-json\/wp\/v2\/types\/product"}],"replies":[{"embeddable":true,"href":"https:\/\/balisoultrips.com\/de\/wp-json\/wp\/v2\/comments?post=18117"}],"wp:featuredmedia":[{"embeddable":true,"href":"https:\/\/balisoultrips.com\/de\/wp-json\/wp\/v2\/media\/18112"}],"wp:attachment":[{"href":"https:\/\/balisoultrips.com\/de\/wp-json\/wp\/v2\/media?parent=18117"}],"wp:term":[{"taxonomy":"product_brand","embeddable":true,"href":"https:\/\/balisoultrips.com\/de\/wp-json\/wp\/v2\/product_brand?post=18117"},{"taxonomy":"product_cat","embeddable":true,"href":"https:\/\/balisoultrips.com\/de\/wp-json\/wp\/v2\/product_cat?post=18117"},{"taxonomy":"product_tag","embeddable":true,"href":"https:\/\/balisoultrips.com\/de\/wp-json\/wp\/v2\/product_tag?post=18117"}],"curies":[{"name":"wp","href":"https:\/\/api.w.org\/{rel}","templated":true}]}}