{"id":18064,"date":"2025-10-19T14:40:18","date_gmt":"2025-10-19T06:40:18","guid":{"rendered":"https:\/\/balisoultrips.com\/product\/jeep-tour-on-mount-batur\/"},"modified":"2025-12-11T14:25:38","modified_gmt":"2025-12-11T06:25:38","slug":"jeep-tour-on-mount-batur","status":"publish","type":"product","link":"https:\/\/balisoultrips.com\/de\/produkt\/jeep-tour-on-mount-batur\/","title":{"rendered":"Jeep-Tour am Vulkan Batur"},"content":{"rendered":"<h6 class=\"p1\"><strong>Sprache<\/strong>: Englisch, Indonesisch<\/h6>\n<h2>\u00dcbersicht<\/h2>\n<p class=\"p1\">Genie\u00dfen Sie eine einzigartige M\u00f6glichkeit, den atemberaubenden Sonnenaufgang am Vulkan Batur zu erleben und mit einem 4&#215;4-Jeep \u00fcber die erkalteten Lavafelder zu fahren.<\/p>\n<p class=\"p1\">W\u00e4hlen Sie diese Option, wenn Sie den Vulkan nicht zu Fu\u00df besteigen m\u00f6chten, aber dennoch einen der spektakul\u00e4rsten Sonnenaufg\u00e4nge auf Bali erleben wollen.<\/p>\n<p class=\"p1\">Dank des Gel\u00e4ndewagens mit Allradantrieb erreichen Sie schwer zug\u00e4ngliche Aussichtspunkte, erkunden die vulkanischen Landschaften der Region Kintamani, fahren \u00fcber schwarze Sandfl\u00e4chen und Lavah\u00fcgel, genie\u00dfen beeindruckende Ausblicke auf die Insel und begr\u00fc\u00dfen den Sonnenaufgang direkt am Rand des Vulkans.<\/p>\n<h3>Wichtige Informationen<\/h3>\n<ul>\n<li>Buchung nur mit vollst\u00e4ndiger Vorauszahlung.<\/li>\n<li class=\"p1\">Der Zeitplan der Tour kann von den Veranstaltern angepasst werden.<\/li>\n<li class=\"p1\">Kinder unter 3 Jahren nehmen kostenlos teil.<\/li>\n<li class=\"p1\">Die Tour ist f\u00fcr G\u00e4ste im Alter von 1 bis 65 Jahren geeignet.<\/li>\n<li class=\"p1\">Der Sonnenaufgang bzw. Sonnenuntergang wird von einem Aussichtspunkt in niedrigerer H\u00f6he nahe dem Fu\u00df des Vulkans aus beobachtet. Der Jeep f\u00e4hrt nicht bis zum Gipfel des Vulkans.<\/li>\n<li>Wichtig: BaliSoulTrips.com \u00fcbernimmt keine Verantwortung f\u00fcr die Wetterbedingungen an den von Ihnen gebuchten Tourdaten. Das Wetter in der Caldera des Batur-Vulkans ist unberechenbar \u2013 Nebel, Regen und schlechte Sicht sind w\u00e4hrend der Tour m\u00f6glich, insbesondere in der Regenzeit.<\/li>\n<li>Sie fahren in die Region Kintamani, die f\u00fcr ihr k\u00fchleres Klima bekannt ist. Die Einheimischen haben hier zahlreiche Felder und Bauernh\u00f6fe angelegt, auf denen verschiedenes Gem\u00fcse angebaut wird, das ged\u00fcngt werden muss. Dadurch werden viele Fliegen angezogen. Sie k\u00f6nnen ihnen nahezu \u00fcberall begegnen; leider l\u00e4sst sich das nicht vermeiden. Wir bitten um Verst\u00e4ndnis und empfehlen, sie \u2013 wie die Einheimischen \u2013 einfach zu ignorieren.<\/li>\n<li>Wir treten als Buchungsservice und Vermittler zwischen dem Kunden und dem in Indonesien ans\u00e4ssigen Leistungsanbieter auf.<\/li>\n<li>Wir garantieren transparente, \u00f6ffentlich einsehbare Preise und Bedingungen \u2013 ohne versteckte Geb\u00fchren.<\/li>\n<li>Wir w\u00e4hlen unsere Partner sorgf\u00e4ltig aus und arbeiten st\u00e4ndig daran, die Qualit\u00e4t unseres Services weiter zu verbessern.<\/li>\n<\/ul>\n","protected":false},"excerpt":{"rendered":"<p>Sprache: Englisch, Indonesisch \u00dcbersicht Genie\u00dfen Sie eine einzigartige M\u00f6glichkeit, den atemberaubenden Sonnenaufgang am Vulkan Batur zu erleben und mit einem 4&#215;4-Jeep \u00fcber die erkalteten Lavafelder zu fahren. W\u00e4hlen Sie diese Option, wenn Sie den Vulkan nicht zu Fu\u00df besteigen m\u00f6chten, aber dennoch einen der spektakul\u00e4rsten Sonnenaufg\u00e4nge auf Bali erleben wollen. Dank des Gel\u00e4ndewagens mit Allradantrieb [&hellip;]<\/p>\n","protected":false},"featured_media":18059,"comment_status":"open","ping_status":"closed","template":"","meta":{"_acf_changed":false},"product_brand":[],"product_cat":[141,576],"product_tag":[],"class_list":{"0":"post-18064","1":"product","2":"type-product","3":"status-publish","4":"has-post-thumbnail","6":"brw_tour_types-private-gruppe","7":"brw_parent_child-parent","8":"product_cat-abenteuer","9":"product_cat-vulkane","11":"first","12":"instock","13":"shipping-taxable","14":"purchasable","15":"product-type-ovabrw_car_rental"},"acf":[],"_links":{"self":[{"href":"https:\/\/balisoultrips.com\/de\/wp-json\/wp\/v2\/product\/18064","targetHints":{"allow":["GET"]}}],"collection":[{"href":"https:\/\/balisoultrips.com\/de\/wp-json\/wp\/v2\/product"}],"about":[{"href":"https:\/\/balisoultrips.com\/de\/wp-json\/wp\/v2\/types\/product"}],"replies":[{"embeddable":true,"href":"https:\/\/balisoultrips.com\/de\/wp-json\/wp\/v2\/comments?post=18064"}],"wp:featuredmedia":[{"embeddable":true,"href":"https:\/\/balisoultrips.com\/de\/wp-json\/wp\/v2\/media\/18059"}],"wp:attachment":[{"href":"https:\/\/balisoultrips.com\/de\/wp-json\/wp\/v2\/media?parent=18064"}],"wp:term":[{"taxonomy":"product_brand","embeddable":true,"href":"https:\/\/balisoultrips.com\/de\/wp-json\/wp\/v2\/product_brand?post=18064"},{"taxonomy":"product_cat","embeddable":true,"href":"https:\/\/balisoultrips.com\/de\/wp-json\/wp\/v2\/product_cat?post=18064"},{"taxonomy":"product_tag","embeddable":true,"href":"https:\/\/balisoultrips.com\/de\/wp-json\/wp\/v2\/product_tag?post=18064"}],"curies":[{"name":"wp","href":"https:\/\/api.w.org\/{rel}","templated":true}]}}