{"id":18025,"date":"2025-10-19T15:33:14","date_gmt":"2025-10-19T07:33:14","guid":{"rendered":"https:\/\/balisoultrips.com\/product\/hot-air-balloon-ride\/"},"modified":"2025-12-10T16:50:00","modified_gmt":"2025-12-10T08:50:00","slug":"hot-air-balloon-ride","status":"publish","type":"product","link":"https:\/\/balisoultrips.com\/de\/produkt\/hot-air-balloon-ride\/","title":{"rendered":"Hei\u00dfluftballonfahrt"},"content":{"rendered":"<h6 class=\"p1\"><strong>Sprache<\/strong>: Englisch, Indonesisch<\/h6>\n<h2>\u00dcbersicht<\/h2>\n<p class=\"p1\">Erleben Sie die Reisfelder, Dschungel und H\u00fcgel von Ubud aus der Vogelperspektive.<\/p>\n<p class=\"p1\">Ein farbenfroher Hei\u00dfluftballon steigt sanft auf eine H\u00f6he von etwa 50 Metern und er\u00f6ffnet Ihnen atemberaubende Ausblicke auf die Umgebung von Ubud.<\/p>\n<p class=\"p1\">In der Ferne erhebt sich der heilige Vulkan Agung majest\u00e4tisch. Dies ist die perfekte Gelegenheit, die Ruhe und Stille der Natur zu genie\u00dfen, die angenehme Brise zu sp\u00fcren \u2013 als h\u00e4tten Sie gerade erst gelernt zu fliegen.<\/p>\n<h3>Wichtige Informationen<\/h3>\n<ul>\n<li>Buchung nur mit vollst\u00e4ndiger Vorauszahlung.<\/li>\n<li class=\"p1\">Der Hei\u00dfluftballon bietet Platz f\u00fcr zwei Erwachsene und ein Kind gleichzeitig, sofern das Gesamtgewicht 150 kg nicht \u00fcberschreitet.<\/li>\n<li class=\"p1\">Kinderticket: von 3 bis 11 Jahren.<\/li>\n<li class=\"p1\">Kinder unter 3 Jahren fliegen kostenlos.<\/li>\n<li class=\"p1\">Wenn die Wetterbedingungen den Flug nicht zulassen, wird Ihnen eine kostenlose Umbuchung auf ein anderes Datum angeboten.<\/li>\n<li class=\"p1\">Bitte beachten Sie, dass die in Ihrem Programm angegebene Uhrzeit m\u00f6glicherweise nicht der tats\u00e4chlichen Flugzeit entspricht \u2013 die Starts erfolgen nach dem Prinzip \u201efirst come, first served\u201c. Rechnen Sie mit m\u00f6glichen Wartezeiten oder einer Absage des Fluges bei ung\u00fcnstigen Wetterbedingungen.<\/li>\n<li class=\"p1\">Die Verwendung von Drohnen ist im Hotelbereich und w\u00e4hrend des Ballonfluges strengstens untersagt.<\/li>\n<li>Wir treten als Buchungsservice und Vermittler zwischen dem Kunden und dem in Indonesien ans\u00e4ssigen Leistungsanbieter auf.<\/li>\n<li>Wir garantieren transparente, \u00f6ffentlich einsehbare Preise und Bedingungen \u2013 ohne versteckte Geb\u00fchren.<\/li>\n<li>Wir w\u00e4hlen unsere Partner sorgf\u00e4ltig aus und arbeiten st\u00e4ndig daran, die Qualit\u00e4t unseres Services weiter zu verbessern.<\/li>\n<\/ul>\n","protected":false},"excerpt":{"rendered":"<p>Sprache: Englisch, Indonesisch \u00dcbersicht Erleben Sie die Reisfelder, Dschungel und H\u00fcgel von Ubud aus der Vogelperspektive. Ein farbenfroher Hei\u00dfluftballon steigt sanft auf eine H\u00f6he von etwa 50 Metern und er\u00f6ffnet Ihnen atemberaubende Ausblicke auf die Umgebung von Ubud. In der Ferne erhebt sich der heilige Vulkan Agung majest\u00e4tisch. Dies ist die perfekte Gelegenheit, die Ruhe [&hellip;]<\/p>\n","protected":false},"featured_media":18022,"comment_status":"open","ping_status":"closed","template":"","meta":{"_acf_changed":false},"product_brand":[],"product_cat":[141,513],"product_tag":[],"class_list":{"0":"post-18025","1":"product","2":"type-product","3":"status-publish","4":"has-post-thumbnail","6":"brw_tour_types-private-tour","7":"brw_parent_child-parent","8":"product_cat-abenteuer","9":"product_cat-familie","11":"first","12":"instock","13":"shipping-taxable","14":"purchasable","15":"product-type-ovabrw_car_rental"},"acf":[],"_links":{"self":[{"href":"https:\/\/balisoultrips.com\/de\/wp-json\/wp\/v2\/product\/18025","targetHints":{"allow":["GET"]}}],"collection":[{"href":"https:\/\/balisoultrips.com\/de\/wp-json\/wp\/v2\/product"}],"about":[{"href":"https:\/\/balisoultrips.com\/de\/wp-json\/wp\/v2\/types\/product"}],"replies":[{"embeddable":true,"href":"https:\/\/balisoultrips.com\/de\/wp-json\/wp\/v2\/comments?post=18025"}],"wp:featuredmedia":[{"embeddable":true,"href":"https:\/\/balisoultrips.com\/de\/wp-json\/wp\/v2\/media\/18022"}],"wp:attachment":[{"href":"https:\/\/balisoultrips.com\/de\/wp-json\/wp\/v2\/media?parent=18025"}],"wp:term":[{"taxonomy":"product_brand","embeddable":true,"href":"https:\/\/balisoultrips.com\/de\/wp-json\/wp\/v2\/product_brand?post=18025"},{"taxonomy":"product_cat","embeddable":true,"href":"https:\/\/balisoultrips.com\/de\/wp-json\/wp\/v2\/product_cat?post=18025"},{"taxonomy":"product_tag","embeddable":true,"href":"https:\/\/balisoultrips.com\/de\/wp-json\/wp\/v2\/product_tag?post=18025"}],"curies":[{"name":"wp","href":"https:\/\/api.w.org\/{rel}","templated":true}]}}