{"id":17772,"date":"2025-10-23T14:50:32","date_gmt":"2025-10-23T06:50:32","guid":{"rendered":"https:\/\/balisoultrips.com\/product\/tickets-to-nusa-lembongan-island\/"},"modified":"2025-12-06T22:58:12","modified_gmt":"2025-12-06T14:58:12","slug":"tickets-to-nusa-lembongan-island","status":"publish","type":"product","link":"https:\/\/balisoultrips.com\/de\/produkt\/tickets-to-nusa-lembongan-island\/","title":{"rendered":"Tickets zur Insel Nusa Lembongan"},"content":{"rendered":"<p class=\"p1\">Nusa Lembongan ist eine winzige Insel mit nur etwa 8 Quadratkilometern Fl\u00e4che, die nur 40\u201360 Minuten mit dem Schnellboot von Bali entfernt liegt. Sie ist das perfekte Ziel f\u00fcr einen kurzen Ausflug \u2013 besonders, wenn Sie die Nachbarinseln erkunden und ihre besondere, entspannte Inselatmosph\u00e4re genie\u00dfen m\u00f6chten.<\/p>\n","protected":false},"excerpt":{"rendered":"<p class=\"p1\">[products ids=\"11679\" orderby=\"post__in\" columns=\"3\"]<\/p>\n","protected":false},"featured_media":17768,"comment_status":"open","ping_status":"closed","template":"","meta":{"_acf_changed":false},"product_brand":[],"product_cat":[521,560],"product_tag":[],"class_list":{"0":"post-17772","1":"product","2":"type-product","3":"status-publish","4":"has-post-thumbnail","6":"brw_tour_types-gruppenreise","7":"brw_parent_child-parent","8":"product_cat-inseln","9":"product_cat-schnellboot-tickets","11":"first","12":"instock","13":"shipping-taxable","14":"purchasable","15":"product-type-ovabrw_car_rental"},"acf":[],"_links":{"self":[{"href":"https:\/\/balisoultrips.com\/de\/wp-json\/wp\/v2\/product\/17772","targetHints":{"allow":["GET"]}}],"collection":[{"href":"https:\/\/balisoultrips.com\/de\/wp-json\/wp\/v2\/product"}],"about":[{"href":"https:\/\/balisoultrips.com\/de\/wp-json\/wp\/v2\/types\/product"}],"replies":[{"embeddable":true,"href":"https:\/\/balisoultrips.com\/de\/wp-json\/wp\/v2\/comments?post=17772"}],"wp:featuredmedia":[{"embeddable":true,"href":"https:\/\/balisoultrips.com\/de\/wp-json\/wp\/v2\/media\/17768"}],"wp:attachment":[{"href":"https:\/\/balisoultrips.com\/de\/wp-json\/wp\/v2\/media?parent=17772"}],"wp:term":[{"taxonomy":"product_brand","embeddable":true,"href":"https:\/\/balisoultrips.com\/de\/wp-json\/wp\/v2\/product_brand?post=17772"},{"taxonomy":"product_cat","embeddable":true,"href":"https:\/\/balisoultrips.com\/de\/wp-json\/wp\/v2\/product_cat?post=17772"},{"taxonomy":"product_tag","embeddable":true,"href":"https:\/\/balisoultrips.com\/de\/wp-json\/wp\/v2\/product_tag?post=17772"}],"curies":[{"name":"wp","href":"https:\/\/api.w.org\/{rel}","templated":true}]}}