{"id":17735,"date":"2025-10-24T16:00:31","date_gmt":"2025-10-24T08:00:31","guid":{"rendered":"https:\/\/balisoultrips.com\/product\/helicopter-tours\/"},"modified":"2025-12-06T16:24:43","modified_gmt":"2025-12-06T08:24:43","slug":"helicopter-tours","status":"publish","type":"product","link":"https:\/\/balisoultrips.com\/de\/produkt\/helicopter-tours\/","title":{"rendered":"Hubschrauber-Rundfl\u00fcge"},"content":{"rendered":"<p class=\"p1\">Dieses Erlebnis ist nicht nur ein Ausflug, sondern kann auch zu einem wunderbaren und einzigartigen Geschenk f\u00fcr Ihre Liebsten werden. Wir bieten private Helikopterfl\u00fcge an, die sich ideal f\u00fcr Paare, Familien oder kleine Gruppen eignen.<\/p>\n","protected":false},"excerpt":{"rendered":"<p class=\"p1\">[products ids=\"11702,11707\" orderby=\"post__in\" columns=\"3\"]<\/p>\n","protected":false},"featured_media":17733,"comment_status":"open","ping_status":"closed","template":"","meta":{"_acf_changed":false},"product_brand":[],"product_cat":[141,513],"product_tag":[],"class_list":{"0":"post-17735","1":"product","2":"type-product","3":"status-publish","4":"has-post-thumbnail","6":"brw_tour_types-private-tour","7":"brw_parent_child-parent","8":"product_cat-abenteuer","9":"product_cat-familie","11":"first","12":"instock","13":"shipping-taxable","14":"purchasable","15":"product-type-ovabrw_car_rental"},"acf":[],"_links":{"self":[{"href":"https:\/\/balisoultrips.com\/de\/wp-json\/wp\/v2\/product\/17735","targetHints":{"allow":["GET"]}}],"collection":[{"href":"https:\/\/balisoultrips.com\/de\/wp-json\/wp\/v2\/product"}],"about":[{"href":"https:\/\/balisoultrips.com\/de\/wp-json\/wp\/v2\/types\/product"}],"replies":[{"embeddable":true,"href":"https:\/\/balisoultrips.com\/de\/wp-json\/wp\/v2\/comments?post=17735"}],"wp:featuredmedia":[{"embeddable":true,"href":"https:\/\/balisoultrips.com\/de\/wp-json\/wp\/v2\/media\/17733"}],"wp:attachment":[{"href":"https:\/\/balisoultrips.com\/de\/wp-json\/wp\/v2\/media?parent=17735"}],"wp:term":[{"taxonomy":"product_brand","embeddable":true,"href":"https:\/\/balisoultrips.com\/de\/wp-json\/wp\/v2\/product_brand?post=17735"},{"taxonomy":"product_cat","embeddable":true,"href":"https:\/\/balisoultrips.com\/de\/wp-json\/wp\/v2\/product_cat?post=17735"},{"taxonomy":"product_tag","embeddable":true,"href":"https:\/\/balisoultrips.com\/de\/wp-json\/wp\/v2\/product_tag?post=17735"}],"curies":[{"name":"wp","href":"https:\/\/api.w.org\/{rel}","templated":true}]}}