{"id":17686,"date":"2025-10-25T13:53:21","date_gmt":"2025-10-25T05:53:21","guid":{"rendered":"https:\/\/balisoultrips.com\/product\/tour-to-sumba-island\/"},"modified":"2025-12-06T16:01:24","modified_gmt":"2025-12-06T08:01:24","slug":"tour-to-sumba-island","status":"publish","type":"product","link":"https:\/\/balisoultrips.com\/de\/produkt\/tour-to-sumba-island\/","title":{"rendered":"Rundreise zur Insel Sumba"},"content":{"rendered":"<h6 class=\"p1\"><strong>Sprache<\/strong>: Englisch, Indonesisch<\/h6>\n<h2>\u00dcbersicht<\/h2>\n<p class=\"p1\">Machen Sie sich bereit f\u00fcr vier unvergessliche Tage auf der abgelegenen und malerischen Insel Sumba \u2013 einem Land einzigartiger Natur und authentischer Kultur. Auf dieser Reise entdecken Sie die Traditionen der lokalen Gemeinschaften, besuchen uralte D\u00f6rfer und kunstvoll verzierte Megalithen, probieren die einheimische K\u00fcche und bewundern Landschaften, die Sie sonst nirgends finden: wilde Str\u00e4nde mit t\u00fcrkisfarbenem Wasser, beeindruckende Steilk\u00fcsten und weite Savannen. Unterwegs erwarten Sie echte Abenteuer \u2013 von Spazierg\u00e4ngen an einsamen K\u00fcsten bis hin zu Begegnungen mit Kunsthandwerkern, die f\u00fcr ihre Textilien und ihr traditionelles Handwerk bekannt sind.<\/p>\n<p class=\"p1\">Diese Route ist die perfekte Wahl f\u00fcr Reisende, die Authentizit\u00e4t, Kultur und die Sch\u00f6nheit unber\u00fchrter Natur abseits der \u00fcblichen Touristenpfade sch\u00e4tzen.<\/p>\n<h3 class=\"p1\">Wir bieten Ihnen folgende Hoteloptionen:<\/h3>\n<ul>\n<li class=\"DUwDvf lfPIob\"><strong>Ella Hotel<\/strong> <span style=\"font-size: 16px;\">(<\/span><a style=\"font-size: 16px;\" href=\"https:\/\/maps.app.goo.gl\/Jsntp7Yetke32toFA\" target=\"_blank\" rel=\"noopener\">Google Maps<\/a><span style=\"font-size: 16px;\">)<\/span><\/li>\n<li class=\"DUwDvf lfPIob\"><strong>Padadita Beach Hotel<\/strong> <span style=\"font-size: 16px;\">(<\/span><a style=\"font-size: 16px;\" href=\"https:\/\/maps.app.goo.gl\/W6xPxJYBhEYYohvq5\" target=\"_blank\" rel=\"noopener\">Google Maps<\/a><span style=\"font-size: 16px;\">)<\/span><\/li>\n<\/ul>\n<h3>Wichtige Informationen<\/h3>\n<ul>\n<li>Buchung nur mit vollst\u00e4ndiger Vorauszahlung.<\/li>\n<li class=\"p1\">Die Gruppenreise ist von Donnerstag bis Sonntag verf\u00fcgbar.<\/li>\n<li class=\"p1\">Die Dauer der Ausfl\u00fcge h\u00e4ngt von den jeweiligen Wetterbedingungen ab.<\/li>\n<li class=\"p1\">Der Lapopu-Wasserfall kann je nach saisonaler Erreichbarkeit durch den Waimarang-Wasserfall ersetzt werden.<\/li>\n<li>Wir treten als Buchungsservice und Vermittler zwischen dem Kunden und dem in Indonesien ans\u00e4ssigen Leistungsanbieter auf.<\/li>\n<li>In seltenen F\u00e4llen von \u00dcberbuchung oder unvorhergesehenen Umst\u00e4nden beh\u00e4lt sich der Anbieter das Recht vor, das gebuchte Hotel durch ein anderes Haus derselben Kategorie und Preisklasse zu ersetzen.<\/li>\n<li>Wir garantieren transparente, \u00f6ffentlich einsehbare Preise und Bedingungen \u2013 ohne versteckte Geb\u00fchren.<\/li>\n<li>Wir w\u00e4hlen unsere Partner sorgf\u00e4ltig aus und arbeiten st\u00e4ndig daran, die Qualit\u00e4t unseres Services weiter zu verbessern.<\/li>\n<\/ul>\n","protected":false},"excerpt":{"rendered":"<p>Sprache: Englisch, Indonesisch \u00dcbersicht Machen Sie sich bereit f\u00fcr vier unvergessliche Tage auf der abgelegenen und malerischen Insel Sumba \u2013 einem Land einzigartiger Natur und authentischer Kultur. Auf dieser Reise entdecken Sie die Traditionen der lokalen Gemeinschaften, besuchen uralte D\u00f6rfer und kunstvoll verzierte Megalithen, probieren die einheimische K\u00fcche und bewundern Landschaften, die Sie sonst nirgends [&hellip;]<\/p>\n","protected":false},"featured_media":17679,"comment_status":"open","ping_status":"closed","template":"","meta":{"_acf_changed":false},"product_brand":[],"product_cat":[521,529],"product_tag":[],"class_list":{"0":"post-17686","1":"product","2":"type-product","3":"status-publish","4":"has-post-thumbnail","6":"brw_tour_types-gruppenreise","7":"brw_parent_child-parent","8":"product_cat-inseln","9":"product_cat-natur","11":"first","12":"instock","13":"shipping-taxable","14":"purchasable","15":"product-type-ovabrw_car_rental"},"acf":[],"_links":{"self":[{"href":"https:\/\/balisoultrips.com\/de\/wp-json\/wp\/v2\/product\/17686","targetHints":{"allow":["GET"]}}],"collection":[{"href":"https:\/\/balisoultrips.com\/de\/wp-json\/wp\/v2\/product"}],"about":[{"href":"https:\/\/balisoultrips.com\/de\/wp-json\/wp\/v2\/types\/product"}],"replies":[{"embeddable":true,"href":"https:\/\/balisoultrips.com\/de\/wp-json\/wp\/v2\/comments?post=17686"}],"wp:featuredmedia":[{"embeddable":true,"href":"https:\/\/balisoultrips.com\/de\/wp-json\/wp\/v2\/media\/17679"}],"wp:attachment":[{"href":"https:\/\/balisoultrips.com\/de\/wp-json\/wp\/v2\/media?parent=17686"}],"wp:term":[{"taxonomy":"product_brand","embeddable":true,"href":"https:\/\/balisoultrips.com\/de\/wp-json\/wp\/v2\/product_brand?post=17686"},{"taxonomy":"product_cat","embeddable":true,"href":"https:\/\/balisoultrips.com\/de\/wp-json\/wp\/v2\/product_cat?post=17686"},{"taxonomy":"product_tag","embeddable":true,"href":"https:\/\/balisoultrips.com\/de\/wp-json\/wp\/v2\/product_tag?post=17686"}],"curies":[{"name":"wp","href":"https:\/\/api.w.org\/{rel}","templated":true}]}}