{"id":17649,"date":"2025-10-25T15:13:15","date_gmt":"2025-10-25T07:13:15","guid":{"rendered":"https:\/\/balisoultrips.com\/product\/nusa-lembongan-tour-a-tropical-paradise\/"},"modified":"2025-12-06T13:55:14","modified_gmt":"2025-12-06T05:55:14","slug":"nusa-lembongan-tour-a-tropical-paradise","status":"publish","type":"product","link":"https:\/\/balisoultrips.com\/de\/produkt\/nusa-lembongan-tour-a-tropical-paradise\/","title":{"rendered":"Nusa-Lembongan-Touren \u2013 ein tropisches Paradies"},"content":{"rendered":"<p class=\"p1\">Entdecken Sie die Insel Nusa Lembongan mit ihren wei\u00dfen Sandstr\u00e4nden, Mangrovenw\u00e4ldern und hervorragenden Schnorchelpl\u00e4tzen.<\/p>\n","protected":false},"excerpt":{"rendered":"<p class=\"p1\">[products ids=\"11731,11737\" orderby=\"post__in\" columns=\"3\"]<\/p>\n","protected":false},"featured_media":17648,"comment_status":"open","ping_status":"closed","template":"","meta":{"_acf_changed":false},"product_brand":[],"product_cat":[521,552],"product_tag":[],"class_list":{"0":"post-17649","1":"product","2":"type-product","3":"status-publish","4":"has-post-thumbnail","6":"brw_tour_types-gruppenreise","7":"brw_parent_child-parent","8":"product_cat-inseln","9":"product_cat-schnorcheln","11":"first","12":"instock","13":"shipping-taxable","14":"purchasable","15":"product-type-ovabrw_car_rental"},"acf":[],"_links":{"self":[{"href":"https:\/\/balisoultrips.com\/de\/wp-json\/wp\/v2\/product\/17649","targetHints":{"allow":["GET"]}}],"collection":[{"href":"https:\/\/balisoultrips.com\/de\/wp-json\/wp\/v2\/product"}],"about":[{"href":"https:\/\/balisoultrips.com\/de\/wp-json\/wp\/v2\/types\/product"}],"replies":[{"embeddable":true,"href":"https:\/\/balisoultrips.com\/de\/wp-json\/wp\/v2\/comments?post=17649"}],"wp:featuredmedia":[{"embeddable":true,"href":"https:\/\/balisoultrips.com\/de\/wp-json\/wp\/v2\/media\/17648"}],"wp:attachment":[{"href":"https:\/\/balisoultrips.com\/de\/wp-json\/wp\/v2\/media?parent=17649"}],"wp:term":[{"taxonomy":"product_brand","embeddable":true,"href":"https:\/\/balisoultrips.com\/de\/wp-json\/wp\/v2\/product_brand?post=17649"},{"taxonomy":"product_cat","embeddable":true,"href":"https:\/\/balisoultrips.com\/de\/wp-json\/wp\/v2\/product_cat?post=17649"},{"taxonomy":"product_tag","embeddable":true,"href":"https:\/\/balisoultrips.com\/de\/wp-json\/wp\/v2\/product_tag?post=17649"}],"curies":[{"name":"wp","href":"https:\/\/api.w.org\/{rel}","templated":true}]}}