{"id":17634,"date":"2025-10-25T17:47:22","date_gmt":"2025-10-25T09:47:22","guid":{"rendered":"https:\/\/balisoultrips.com\/product\/nusa-penida-tours-discover-the-island-paradise\/"},"modified":"2025-12-06T13:43:38","modified_gmt":"2025-12-06T05:43:38","slug":"nusa-penida-tours-discover-the-island-paradise","status":"publish","type":"product","link":"https:\/\/balisoultrips.com\/de\/produkt\/nusa-penida-tours-discover-the-island-paradise\/","title":{"rendered":"Nusa-Penida-Touren \u2013 entdecken Sie das Inselparadies"},"content":{"rendered":"<p class=\"p1\">Besuchen Sie die Insel Nusa Penida und genie\u00dfen Sie ihre traumhaften Str\u00e4nde, dramatischen Steilk\u00fcsten und kristallklaren Gew\u00e4sser. Ideal f\u00fcr Tagesausfl\u00fcge ebenso wie f\u00fcr mehrt\u00e4gige Abenteuer.<\/p>\n","protected":false},"excerpt":{"rendered":"<p class=\"p1\">[products ids=\"11747,11754,11767\" orderby=\"post__in\" columns=\"3\"]<\/p>\n","protected":false},"featured_media":17384,"comment_status":"open","ping_status":"closed","template":"","meta":{"_acf_changed":false},"product_brand":[],"product_cat":[521,552],"product_tag":[],"class_list":{"0":"post-17634","1":"product","2":"type-product","3":"status-publish","4":"has-post-thumbnail","6":"brw_tour_types-private-tour","7":"brw_parent_child-parent","8":"product_cat-inseln","9":"product_cat-schnorcheln","11":"first","12":"instock","13":"shipping-taxable","14":"purchasable","15":"product-type-ovabrw_car_rental"},"acf":[],"_links":{"self":[{"href":"https:\/\/balisoultrips.com\/de\/wp-json\/wp\/v2\/product\/17634","targetHints":{"allow":["GET"]}}],"collection":[{"href":"https:\/\/balisoultrips.com\/de\/wp-json\/wp\/v2\/product"}],"about":[{"href":"https:\/\/balisoultrips.com\/de\/wp-json\/wp\/v2\/types\/product"}],"replies":[{"embeddable":true,"href":"https:\/\/balisoultrips.com\/de\/wp-json\/wp\/v2\/comments?post=17634"}],"wp:featuredmedia":[{"embeddable":true,"href":"https:\/\/balisoultrips.com\/de\/wp-json\/wp\/v2\/media\/17384"}],"wp:attachment":[{"href":"https:\/\/balisoultrips.com\/de\/wp-json\/wp\/v2\/media?parent=17634"}],"wp:term":[{"taxonomy":"product_brand","embeddable":true,"href":"https:\/\/balisoultrips.com\/de\/wp-json\/wp\/v2\/product_brand?post=17634"},{"taxonomy":"product_cat","embeddable":true,"href":"https:\/\/balisoultrips.com\/de\/wp-json\/wp\/v2\/product_cat?post=17634"},{"taxonomy":"product_tag","embeddable":true,"href":"https:\/\/balisoultrips.com\/de\/wp-json\/wp\/v2\/product_tag?post=17634"}],"curies":[{"name":"wp","href":"https:\/\/api.w.org\/{rel}","templated":true}]}}