{"id":17040,"date":"2025-10-09T04:04:13","date_gmt":"2025-10-08T20:04:13","guid":{"rendered":"https:\/\/balisoultrips.com\/product\/diving-in-bali-underwater-adventures\/"},"modified":"2026-01-13T14:11:58","modified_gmt":"2026-01-13T06:11:58","slug":"diving-in-bali-underwater-adventures","status":"publish","type":"product","link":"https:\/\/balisoultrips.com\/de\/produkt\/diving-in-bali-underwater-adventures\/","title":{"rendered":"Tauchen auf Bali \u2013 Unterwasserabenteuer"},"content":{"rendered":"<p class=\"p1\">Entdecken Sie die Unterwasserwelt Balis auf unseren Tauchtouren. Genie\u00dfen Sie Tauchg\u00e4nge an den sch\u00f6nsten Spots der Insel, begleitet von erfahrenen Tauchlehrern.<\/p>\n","protected":false},"excerpt":{"rendered":"[products ids=\"11356,11368,11362\" columns=\"3\"]\n","protected":false},"featured_media":17039,"comment_status":"open","ping_status":"closed","template":"","meta":{"_acf_changed":false},"product_brand":[],"product_cat":[140,496],"product_tag":[],"class_list":{"0":"post-17040","1":"product","2":"type-product","3":"status-publish","4":"has-post-thumbnail","6":"brw_tour_types-groupe-prive","7":"brw_parent_child-parent","8":"product_cat-adventures","9":"product_cat-plongee","11":"first","12":"instock","13":"shipping-taxable","14":"purchasable","15":"product-type-ovabrw_car_rental"},"acf":[],"_links":{"self":[{"href":"https:\/\/balisoultrips.com\/de\/wp-json\/wp\/v2\/product\/17040","targetHints":{"allow":["GET"]}}],"collection":[{"href":"https:\/\/balisoultrips.com\/de\/wp-json\/wp\/v2\/product"}],"about":[{"href":"https:\/\/balisoultrips.com\/de\/wp-json\/wp\/v2\/types\/product"}],"replies":[{"embeddable":true,"href":"https:\/\/balisoultrips.com\/de\/wp-json\/wp\/v2\/comments?post=17040"}],"wp:featuredmedia":[{"embeddable":true,"href":"https:\/\/balisoultrips.com\/de\/wp-json\/wp\/v2\/media\/17039"}],"wp:attachment":[{"href":"https:\/\/balisoultrips.com\/de\/wp-json\/wp\/v2\/media?parent=17040"}],"wp:term":[{"taxonomy":"product_brand","embeddable":true,"href":"https:\/\/balisoultrips.com\/de\/wp-json\/wp\/v2\/product_brand?post=17040"},{"taxonomy":"product_cat","embeddable":true,"href":"https:\/\/balisoultrips.com\/de\/wp-json\/wp\/v2\/product_cat?post=17040"},{"taxonomy":"product_tag","embeddable":true,"href":"https:\/\/balisoultrips.com\/de\/wp-json\/wp\/v2\/product_tag?post=17040"}],"curies":[{"name":"wp","href":"https:\/\/api.w.org\/{rel}","templated":true}]}}