{"id":16986,"date":"2022-08-09T03:56:32","date_gmt":"2022-08-09T03:56:32","guid":{"rendered":"https:\/\/balisoultrips.com\/product\/motocross-enduro-in-bali\/"},"modified":"2025-12-29T22:34:52","modified_gmt":"2025-12-29T14:34:52","slug":"motocross-enduro-in-bali","status":"publish","type":"product","link":"https:\/\/balisoultrips.com\/de\/produkt\/motocross-enduro-in-bali\/","title":{"rendered":"Motocross &amp; Enduro auf Bali"},"content":{"rendered":"<p class=\"p1\">Erleben Sie den ultimativen Adrenalinkick auf Motocross- und Enduro-Touren quer \u00fcber Bali. Fahren Sie durch Dschungel, vorbei an Vulkanen und entlang von Str\u00e4nden \u2013 auf Routen, die f\u00fcr jedes Fahrniveau geeignet sind. Motorr\u00e4der f\u00fchrender Marken sowie komplette Schutzausr\u00fcstung sind im Preis enthalten. Verpassen Sie nicht Ihre Chance, dieses Abenteuer hautnah zu erleben!<\/p>\n","protected":false},"excerpt":{"rendered":"[products ids=\"9452,9893,9902,9913\" orderby=\"post__in\" columns=\"3\"]\n","protected":false},"featured_media":14374,"comment_status":"open","ping_status":"closed","template":"","meta":{"_acf_changed":false},"product_brand":[],"product_cat":[141,505,489],"product_tag":[],"class_list":{"0":"post-16986","1":"product","2":"type-product","3":"status-publish","4":"has-post-thumbnail","6":"brw_tour_types-private-gruppe","7":"brw_parent_child-parent","8":"product_cat-abenteuer","9":"product_cat-extrem","10":"product_cat-balisoultrips-choice","12":"first","13":"instock","14":"featured","15":"shipping-taxable","16":"purchasable","17":"product-type-ovabrw_car_rental"},"acf":[],"_links":{"self":[{"href":"https:\/\/balisoultrips.com\/de\/wp-json\/wp\/v2\/product\/16986","targetHints":{"allow":["GET"]}}],"collection":[{"href":"https:\/\/balisoultrips.com\/de\/wp-json\/wp\/v2\/product"}],"about":[{"href":"https:\/\/balisoultrips.com\/de\/wp-json\/wp\/v2\/types\/product"}],"replies":[{"embeddable":true,"href":"https:\/\/balisoultrips.com\/de\/wp-json\/wp\/v2\/comments?post=16986"}],"wp:featuredmedia":[{"embeddable":true,"href":"https:\/\/balisoultrips.com\/de\/wp-json\/wp\/v2\/media\/14374"}],"wp:attachment":[{"href":"https:\/\/balisoultrips.com\/de\/wp-json\/wp\/v2\/media?parent=16986"}],"wp:term":[{"taxonomy":"product_brand","embeddable":true,"href":"https:\/\/balisoultrips.com\/de\/wp-json\/wp\/v2\/product_brand?post=16986"},{"taxonomy":"product_cat","embeddable":true,"href":"https:\/\/balisoultrips.com\/de\/wp-json\/wp\/v2\/product_cat?post=16986"},{"taxonomy":"product_tag","embeddable":true,"href":"https:\/\/balisoultrips.com\/de\/wp-json\/wp\/v2\/product_tag?post=16986"}],"curies":[{"name":"wp","href":"https:\/\/api.w.org\/{rel}","templated":true}]}}